{"id":30568,"date":"1960-04-02T12:20:11","date_gmt":"1960-04-02T12:20:11","guid":{"rendered":"https:\/\/nivelsystem.com\/produkt\/m100\/"},"modified":"2024-07-04T11:26:25","modified_gmt":"2024-07-04T11:26:25","slug":"m100","status":"publish","type":"product","link":"https:\/\/nivelsystem.com\/de\/produkt\/m100\/","title":{"rendered":"Stra\u00dfenmessger\u00e4t M100"},"content":{"rendered":"<div class=\"elementor-element elementor-element-87eacf6 elementor-widget elementor-widget-heading\" data-id=\"87eacf6\" data-element_type=\"widget\" data-widget_type=\"heading.default\">\n<div class=\"elementor-widget-container\">\n<h2 class=\"elementor-heading-title elementor-size-default\">Nivel System M100<\/h2>\n<\/div>\n<\/div>\n<div class=\"elementor-element elementor-element-a87d091 elementor-widget elementor-widget-text-editor\" data-id=\"a87d091\" data-element_type=\"widget\" data-widget_type=\"text-editor.default\">\n<div class=\"elementor-widget-container\">Misst gerade Linien, Kurven und unregelm\u00e4\u00dfige Formen. Das Ger\u00e4t ist ausgestattet mit einem mechanischen Z\u00e4hler. Es berechnet den Weg bei Vorw\u00e4rtsbewegung, subtrahiert bei R\u00fcckw\u00e4rtsbewegung. Nullstellung mittels Hebel (ohne H\u00e4nde).\u00a0<strong>M100<\/strong>\u00a0\u2013 orangefarbenes Rad, 5 Speichen aus starkem Kunststoff, Pistolengriff, Klapphebel, Transporttasche.<\/div>\n<\/div>\n","protected":false},"excerpt":{"rendered":"<ul>\n<li><strong>Best\u00e4ndig, schnelle und einfache Bedienung<\/strong><\/li>\n<li><strong>Unersetzlich bei Feldarbeiten<\/strong><\/li>\n<\/ul>\n","protected":false},"featured_media":26930,"template":"","meta":{"_acf_changed":false},"product_brand":[],"product_cat":[311],"product_tag":[],"branze":[],"class_list":{"0":"post-30568","1":"product","2":"type-product","3":"status-publish","4":"has-post-thumbnail","6":"product_cat-masbander-messrader","8":"first","9":"instock","10":"shipping-taxable","11":"product-type-simple"},"acf":[],"_links":{"self":[{"href":"https:\/\/nivelsystem.com\/de\/wp-json\/wp\/v2\/product\/30568","targetHints":{"allow":["GET"]}}],"collection":[{"href":"https:\/\/nivelsystem.com\/de\/wp-json\/wp\/v2\/product"}],"about":[{"href":"https:\/\/nivelsystem.com\/de\/wp-json\/wp\/v2\/types\/product"}],"version-history":[{"count":0,"href":"https:\/\/nivelsystem.com\/de\/wp-json\/wp\/v2\/product\/30568\/revisions"}],"wp:featuredmedia":[{"embeddable":true,"href":"https:\/\/nivelsystem.com\/de\/wp-json\/wp\/v2\/media\/26930"}],"wp:attachment":[{"href":"https:\/\/nivelsystem.com\/de\/wp-json\/wp\/v2\/media?parent=30568"}],"wp:term":[{"taxonomy":"product_brand","embeddable":true,"href":"https:\/\/nivelsystem.com\/de\/wp-json\/wp\/v2\/product_brand?post=30568"},{"taxonomy":"product_cat","embeddable":true,"href":"https:\/\/nivelsystem.com\/de\/wp-json\/wp\/v2\/product_cat?post=30568"},{"taxonomy":"product_tag","embeddable":true,"href":"https:\/\/nivelsystem.com\/de\/wp-json\/wp\/v2\/product_tag?post=30568"},{"taxonomy":"branze","embeddable":true,"href":"https:\/\/nivelsystem.com\/de\/wp-json\/wp\/v2\/branze?post=30568"}],"curies":[{"name":"wp","href":"https:\/\/api.w.org\/{rel}","templated":true}]}}