{"id":30562,"date":"1960-04-03T12:13:39","date_gmt":"1960-04-03T12:13:39","guid":{"rendered":"https:\/\/nivelsystem.com\/produkt\/m10\/"},"modified":"2024-07-04T11:26:40","modified_gmt":"2024-07-04T11:26:40","slug":"m10","status":"publish","type":"product","link":"https:\/\/nivelsystem.com\/de\/produkt\/m10\/","title":{"rendered":"Stra\u00dfenmessger\u00e4t M10"},"content":{"rendered":"<div class=\"elementor-element elementor-element-87eacf6 elementor-widget elementor-widget-heading\" data-id=\"87eacf6\" data-element_type=\"widget\" data-widget_type=\"heading.default\">\n<div class=\"elementor-widget-container\">\n<h2 class=\"elementor-heading-title elementor-size-default\">Nivel System M10<\/h2>\n<\/div>\n<\/div>\n<div class=\"elementor-element elementor-element-3c1a4a3 elementor-widget elementor-widget-heading\" data-id=\"3c1a4a3\" data-element_type=\"widget\" data-widget_type=\"heading.default\">\n<div class=\"elementor-widget-container\">\n<h3 class=\"elementor-heading-title elementor-size-default\">Stra\u00dfenmessger\u00e4t mit kleinem Rad \u2013 pr\u00e4zises und schnell einsetzbares Ger\u00e4t f\u00fcr Stra\u00dfenmessungen.<\/h3>\n<\/div>\n<\/div>\n<div class=\"elementor-element elementor-element-a87d091 elementor-widget elementor-widget-text-editor\" data-id=\"a87d091\" data-element_type=\"widget\" data-widget_type=\"text-editor.default\">\n<div class=\"elementor-widget-container\">\n<ul>\n<li>solide Ausf\u00fchrung aus Aluminium und Kunststoff<\/li>\n<li>stabiler Klappfu\u00df<\/li>\n<li>bequeme Bremse<\/li>\n<li>klappbare Aluminiumstange mit ergonomischem Griff<\/li>\n<li>Kunststoffrad in gelber Warnfarbe<\/li>\n<li>pr\u00e4ziser und \u00fcbersichtlicher Z\u00e4hler oberhalb des Rads \/ gro\u00dfe und lesbare Ziffern<\/li>\n<li>einfaches Nullsetzen mit nur einer Hebelbewegung<\/li>\n<li>der Z\u00e4hler misst auch r\u00fcckw\u00e4rts<\/li>\n<li>Entfernungsmessung bis 99.999,9 m<\/li>\n<li>strapazierf\u00e4hige Transporttasche (sch\u00fctzt das Ger\u00e4t beim Transport)<\/li>\n<\/ul>\n<\/div>\n<\/div>\n","protected":false},"excerpt":{"rendered":"<ul>\n<li><strong>Best\u00e4ndig, schnelle und einfache Bedienung<\/strong><\/li>\n<li><strong>Unersetzlich bei Feldarbeiten<\/strong><\/li>\n<\/ul>\n","protected":false},"featured_media":28295,"template":"","meta":{"_acf_changed":false},"product_brand":[],"product_cat":[311],"product_tag":[],"branze":[],"class_list":{"0":"post-30562","1":"product","2":"type-product","3":"status-publish","4":"has-post-thumbnail","6":"product_cat-masbander-messrader","8":"first","9":"instock","10":"shipping-taxable","11":"product-type-simple"},"acf":[],"_links":{"self":[{"href":"https:\/\/nivelsystem.com\/de\/wp-json\/wp\/v2\/product\/30562","targetHints":{"allow":["GET"]}}],"collection":[{"href":"https:\/\/nivelsystem.com\/de\/wp-json\/wp\/v2\/product"}],"about":[{"href":"https:\/\/nivelsystem.com\/de\/wp-json\/wp\/v2\/types\/product"}],"version-history":[{"count":0,"href":"https:\/\/nivelsystem.com\/de\/wp-json\/wp\/v2\/product\/30562\/revisions"}],"wp:featuredmedia":[{"embeddable":true,"href":"https:\/\/nivelsystem.com\/de\/wp-json\/wp\/v2\/media\/28295"}],"wp:attachment":[{"href":"https:\/\/nivelsystem.com\/de\/wp-json\/wp\/v2\/media?parent=30562"}],"wp:term":[{"taxonomy":"product_brand","embeddable":true,"href":"https:\/\/nivelsystem.com\/de\/wp-json\/wp\/v2\/product_brand?post=30562"},{"taxonomy":"product_cat","embeddable":true,"href":"https:\/\/nivelsystem.com\/de\/wp-json\/wp\/v2\/product_cat?post=30562"},{"taxonomy":"product_tag","embeddable":true,"href":"https:\/\/nivelsystem.com\/de\/wp-json\/wp\/v2\/product_tag?post=30562"},{"taxonomy":"branze","embeddable":true,"href":"https:\/\/nivelsystem.com\/de\/wp-json\/wp\/v2\/branze?post=30562"}],"curies":[{"name":"wp","href":"https:\/\/api.w.org\/{rel}","templated":true}]}}