{"id":30557,"date":"1960-06-04T12:08:36","date_gmt":"1960-06-04T12:08:36","guid":{"rendered":"https:\/\/nivelsystem.com\/produkt\/st-50b\/"},"modified":"2024-07-04T11:20:22","modified_gmt":"2024-07-04T11:20:22","slug":"st-50b","status":"publish","type":"product","link":"https:\/\/nivelsystem.com\/de\/produkt\/st-50b\/","title":{"rendered":"Ma\u00dfband ST-50B"},"content":{"rendered":"<div class=\"elementor-element elementor-element-87eacf6 elementor-widget elementor-widget-heading\" data-id=\"87eacf6\" data-element_type=\"widget\" data-widget_type=\"heading.default\">\n<div class=\"elementor-widget-container\">\n<h2 class=\"elementor-heading-title elementor-size-default\">Nivel System ST-50B<\/h2>\n<\/div>\n<\/div>\n<div class=\"elementor-element elementor-element-a87d091 elementor-widget elementor-widget-text-editor\" data-id=\"a87d091\" data-element_type=\"widget\" data-widget_type=\"text-editor.default\">\n<div class=\"elementor-widget-container\">Meister auf Baustellen und Vermessungstechniker bei Feldarbeiten haben eines gemeinsam \u2013 sie arbeiten mit einfachem, dennoch effizientem\u00a0Zubeh\u00f6r: Rahmenbandma\u00dfen und Ma\u00dfb\u00e4ndern. Diese klassischen Messger\u00e4te unterst\u00fctzen uns seit vielen Jahren; sie sind einfach und schnell handzuhaben, daher bew\u00e4hren sie sich perfekt unter allen Bedingungen und erm\u00f6glichen schnelle und genaue Messungen.Die Serie der Stahlmessb\u00e4nder von Nivel System steht f\u00fcr robuste, pr\u00e4zise und handliche Messger\u00e4te f\u00fcr alle, die nach qualitativen Produkten zum vern\u00fcnftigen Preis suchen. Sie sind beschichtet, abriebfest und rostbest\u00e4ndig. Der praktische Haken und die \u00d6se erleichtern Messungen im Freien. Die Produkte eignen sich besonders f\u00fcr Bau- und Vermessungsarbeiten aller Art. Erh\u00e4ltlich auch mit um 10 cm versetztem Ma\u00dfanfang (ST-30A, ST-50B). Genauigkeitsklasse II. Langlebiges, robustes und handliches Produkt.<\/div>\n<\/div>\n","protected":false},"excerpt":{"rendered":"<ul>\n<li><strong>Schnell und bequem zu bedienen \u2013 genaues Ma\u00dfband \u2013 50m<\/strong><\/li>\n<li><strong>Best\u00e4ndiger, gut sichtbarer Aufdruck<\/strong><\/li>\n<\/ul>\n","protected":false},"featured_media":26927,"template":"","meta":{"_acf_changed":false},"product_brand":[],"product_cat":[311],"product_tag":[],"branze":[],"class_list":{"0":"post-30557","1":"product","2":"type-product","3":"status-publish","4":"has-post-thumbnail","6":"product_cat-masbander-messrader","8":"first","9":"instock","10":"shipping-taxable","11":"product-type-simple"},"acf":[],"_links":{"self":[{"href":"https:\/\/nivelsystem.com\/de\/wp-json\/wp\/v2\/product\/30557","targetHints":{"allow":["GET"]}}],"collection":[{"href":"https:\/\/nivelsystem.com\/de\/wp-json\/wp\/v2\/product"}],"about":[{"href":"https:\/\/nivelsystem.com\/de\/wp-json\/wp\/v2\/types\/product"}],"version-history":[{"count":0,"href":"https:\/\/nivelsystem.com\/de\/wp-json\/wp\/v2\/product\/30557\/revisions"}],"wp:featuredmedia":[{"embeddable":true,"href":"https:\/\/nivelsystem.com\/de\/wp-json\/wp\/v2\/media\/26927"}],"wp:attachment":[{"href":"https:\/\/nivelsystem.com\/de\/wp-json\/wp\/v2\/media?parent=30557"}],"wp:term":[{"taxonomy":"product_brand","embeddable":true,"href":"https:\/\/nivelsystem.com\/de\/wp-json\/wp\/v2\/product_brand?post=30557"},{"taxonomy":"product_cat","embeddable":true,"href":"https:\/\/nivelsystem.com\/de\/wp-json\/wp\/v2\/product_cat?post=30557"},{"taxonomy":"product_tag","embeddable":true,"href":"https:\/\/nivelsystem.com\/de\/wp-json\/wp\/v2\/product_tag?post=30557"},{"taxonomy":"branze","embeddable":true,"href":"https:\/\/nivelsystem.com\/de\/wp-json\/wp\/v2\/branze?post=30557"}],"curies":[{"name":"wp","href":"https:\/\/api.w.org\/{rel}","templated":true}]}}