{"id":30512,"date":"1990-04-03T11:34:38","date_gmt":"1990-04-03T11:34:38","guid":{"rendered":"https:\/\/nivelsystem.com\/produkt\/dt-2\/"},"modified":"2024-07-02T07:53:24","modified_gmt":"2024-07-02T07:53:24","slug":"dt-2","status":"publish","type":"product","link":"https:\/\/nivelsystem.com\/de\/produkt\/dt-2\/","title":{"rendered":"Elektronischer Theodolit DT-2"},"content":{"rendered":"<h2 class=\"elementor-heading-title elementor-size-default\">Nivel System DT-2 elektronischer Pr\u00e4zisionstheodolit<\/h2>\n<p>Der elektronische Theodolit Nivel System DT-2 ist ein pr\u00e4zises 2-Sekunden-Messger\u00e4t, mit dem die Richtung, der Winkel und das Gef\u00e4lle einfach und schnell ermittelt werden k\u00f6nnen. Es ist eines der wichtigsten Messger\u00e4te auf der Baustelle und zeichnet sich unter anderen Instrumenten durch einen recht komplexen Aufbau aus. Die Ausstattung dieses Modells umfasst u.a.: doppelseitige Anzeigen f\u00fcr noch besseren Arbeitskomfort, einen einachsigen Kompensator f\u00fcr Arbeiten auf instabilem Untergrund ohne st\u00e4ndige Kontrolle der korrekten Nivellierung und ein Laserlot, um den Theodolit am vorgegebenen Punkt aufzustellen. Der Theodolit DT-2 ist extrem witterungsbest\u00e4ndig (IPX6) und kann daher auch bei starkem Regen eingesetzt werden. Der leistungsstarke Akku erm\u00f6glicht Langzeitmessungen im Gel\u00e4nde.<\/p>\n<ul>\n<li><strong>Pr\u00e4zision der Messungen\u00a0<\/strong>\u2013 dank dem modernen Horizontalkreis-Ablesesystem ist der Tachymeter sofort nach dem Auspacken aus dem Koffer einsatzbereit, und seine seitliche R\u00f6hrenlibelle erm\u00f6glicht eine genaue lotrechte Ausrichtung des Theodolits.<\/li>\n<li><strong>Keine Sorge um Vibrationen und St\u00f6\u00dfe \u2013\u00a0<\/strong>dank dem Horizontalkreis-Kompensator kann der Theodolit in unmittelbarer N\u00e4he von schweren Maschinen, die den Boden in Schwingungen versetzen, benutzt werden.<\/li>\n<li><strong>Bedienfreundlichkeit<\/strong>\u00a0\u2013 der Theodolit ist \u00e4u\u00dferst einfach zu handhaben und die Messergebnisse werden auf einem hintergrundbeleuchteten LCD angezeigt.<\/li>\n<li><strong>Vielseitige Einsatzm\u00f6glichkeiten \u2013\u00a0<\/strong>Messen von Winkeln, Richtungen, H\u00f6hen, Neigungen, Abstecken, \u00dcbertragen von Azimuten in Sch\u00e4chte.<\/li>\n<li><strong>Robuste Konstruktion, Messungen unter allen Bedingungen<\/strong>\u00a0\u2013 das Ger\u00e4t ist absolut wasser- und staubdicht (IPX6) und kann daher auch unter h\u00e4rtesten Baubedingungen eingesetzt werden.<\/li>\n<\/ul>\n<p><strong>Markenger\u00e4te zu einem erschwinglichen Preis<\/strong> Nivel System ist eine Marke von Messger\u00e4ten f\u00fcr die Bau- und Vermessungsbranche, die im Jahr 2003 von der Firma TPI Sp. z o.o. auf dem polnischen Markt eingef\u00fchrt wurde. Die Produkte von Nivel System richten sich an einen breiten Kreis von Kunden, f\u00fcr die eines der wichtigsten Auswahlkriterien ein erschwinglicher Preis bei gleichzeitiger Garantie angemessener Qualit\u00e4t ist \u2013 dank unseren Produkten k\u00f6nnen professionelle Messger\u00e4te in vielen Einsatzbereichen zu viel niedrigeren Kosten als bisher eingesetzt werden. Die Instrumente von Nivel System zeichnen sich durch ein eigenes, originelles Design und eine charakteristische Farbgebung aus, wodurch diese vertrauensw\u00fcrdige Marke immer einfach und unproblematisch wiedererkannt wird. Nivel System steht f\u00fcr sicheres und komfortables Arbeiten in vielen typischen Einsatzbereichen. Die Instrumente sind gem\u00e4\u00df der internationalen IP-Norm wasserfest. Dank zahlreichen Servicestellen im ganzen Land hat jeder Benutzer einfachen Zugang zum professionellen Service. Der elektronische Theodolit Nivel System DT-2 ist ein Instrument, das sich durch eine besonders einfache Handhabung auszeichnet. F\u00fcr die Verwendung dieses Ger\u00e4tes sind keine Fachkenntnisse erforderlich \u2013 nur eine kurze Schulung. Das Ger\u00e4t verf\u00fcgt \u00fcber \u00fcbersichtliche, doppelseitige Displays, auf denen die gemessenen Horizontal- und Vertikalwinkel in Echtzeit angezeigt werden. Mit der Dosenlibelle kann das Instrument pr\u00e4zise horizontiert und \u00fcber dem Punkt platziert werden. Das praktische Laserlot erm\u00f6glicht es, den Theodolit schnell \u00fcber den Punkt zu positionieren und der pr\u00e4zise Kompensator h\u00e4lt das Ger\u00e4t auch bei Arbeiten auf instabilem Untergrund in der richtigen Stellung. Die Verwendung von hochwertigen Optiken garantiert eine besonders hohe Messgenauigkeit. Ein unbestreitbarer Vorteil des Theodolits ist seine Stromversorgung (Batterie) und die hohe Staub- und Wasserbest\u00e4ndigkeit (IPX6). Typische Einsatzbereiche des Produkts DT-2 von Nivel System sind: Bau- und Vermessungsarbeiten, Winkelmessungen, Bestimmen und Ermitteln von Gef\u00e4lle, Neigungen sowie s\u00e4mtliche Arbeiten im Zusammenhang mit der Ermittlung von Richtungen und Geraden.<\/p>\n<h3 class=\"elementor-heading-title elementor-size-default\">Einsatzbereiche:<\/h3>\n<ul>\n<li><span lang=\"de-DE\"><b>Vermessung\u00a0<\/b><\/span><span lang=\"de-DE\">\u2013 Bestimmen von Lotlinien, Pr\u00fcfen von Winkeln<\/span><\/li>\n<li><span lang=\"de-DE\"><b>Erdarbeiten, Stra\u00dfen- und Wegebau<\/b><\/span><\/li>\n<li><span lang=\"de-DE\">Klempnerarbeiten \u2013 Festlegen und Pr\u00fcfen der Richtungen<\/span><\/li>\n<li><span lang=\"de-DE\"><b>Konstruktions- und Montagearbeiten<\/b><\/span><\/li>\n<\/ul>\n","protected":false},"excerpt":{"rendered":"<div class=\"elementor-element elementor-element-c25813a elementor-widget elementor-widget-text-editor\" data-id=\"c25813a\" data-element_type=\"widget\" data-widget_type=\"text-editor.default\">\n<div class=\"elementor-widget-container\">\n<ul>\n<li><strong>Optisches System von h\u00f6chster Qualit\u00e4t<\/strong>, 30-fache Vergr\u00f6\u00dferung<\/li>\n<li><strong>Hochpr\u00e4zise Messungen,<\/strong>\u00a02\u2033<\/li>\n<li><strong>Arbeitskomfort<\/strong>, beleuchtetes LCD beidseitig<\/li>\n<li><strong>Sicherer Gebrauch f\u00fcr Jahre<\/strong>, zuverl\u00e4ssige Metallkonstruktion \u2013 IPX6<\/li>\n<\/ul>\n[html_block id=\"30167\"]\n<\/div>\n<\/div>\n","protected":false},"featured_media":26768,"template":"","meta":{"_acf_changed":false},"product_brand":[],"product_cat":[306],"product_tag":[],"branze":[],"class_list":{"0":"post-30512","1":"product","2":"type-product","3":"status-publish","4":"has-post-thumbnail","6":"product_cat-optische-nivelliergerate-theodolite","8":"first","9":"instock","10":"shipping-taxable","11":"product-type-simple"},"acf":[],"_links":{"self":[{"href":"https:\/\/nivelsystem.com\/de\/wp-json\/wp\/v2\/product\/30512","targetHints":{"allow":["GET"]}}],"collection":[{"href":"https:\/\/nivelsystem.com\/de\/wp-json\/wp\/v2\/product"}],"about":[{"href":"https:\/\/nivelsystem.com\/de\/wp-json\/wp\/v2\/types\/product"}],"version-history":[{"count":0,"href":"https:\/\/nivelsystem.com\/de\/wp-json\/wp\/v2\/product\/30512\/revisions"}],"wp:featuredmedia":[{"embeddable":true,"href":"https:\/\/nivelsystem.com\/de\/wp-json\/wp\/v2\/media\/26768"}],"wp:attachment":[{"href":"https:\/\/nivelsystem.com\/de\/wp-json\/wp\/v2\/media?parent=30512"}],"wp:term":[{"taxonomy":"product_brand","embeddable":true,"href":"https:\/\/nivelsystem.com\/de\/wp-json\/wp\/v2\/product_brand?post=30512"},{"taxonomy":"product_cat","embeddable":true,"href":"https:\/\/nivelsystem.com\/de\/wp-json\/wp\/v2\/product_cat?post=30512"},{"taxonomy":"product_tag","embeddable":true,"href":"https:\/\/nivelsystem.com\/de\/wp-json\/wp\/v2\/product_tag?post=30512"},{"taxonomy":"branze","embeddable":true,"href":"https:\/\/nivelsystem.com\/de\/wp-json\/wp\/v2\/branze?post=30512"}],"curies":[{"name":"wp","href":"https:\/\/api.w.org\/{rel}","templated":true}]}}