{"id":30499,"date":"1990-06-02T18:12:28","date_gmt":"1990-06-02T18:12:28","guid":{"rendered":"https:\/\/nivelsystem.com\/produkt\/n24x\/"},"modified":"2025-05-16T09:26:50","modified_gmt":"2025-05-16T09:26:50","slug":"n24x","status":"publish","type":"product","link":"https:\/\/nivelsystem.com\/de\/produkt\/n24x\/","title":{"rendered":"Optisches Nivellierger\u00e4t N24x"},"content":{"rendered":"<div class=\"elementor-element elementor-element-87eacf6 elementor-widget elementor-widget-heading\" data-id=\"87eacf6\" data-element_type=\"widget\" data-widget_type=\"heading.default\">\n<div class=\"elementor-widget-container\">\n<h2 class=\"elementor-heading-title elementor-size-default\">Nivel System N24x &#8211; praktisches optisches Nivellierger\u00e4t f\u00fcr anspruchsvolle Anwender<\/h2>\n<\/div>\n<\/div>\n<div class=\"elementor-element elementor-element-12e6da0 elementor-widget elementor-widget-heading\" data-id=\"12e6da0\" data-element_type=\"widget\" data-widget_type=\"heading.default\">\n<div class=\"elementor-widget-container\">\n<p class=\"elementor-heading-title elementor-size-default\">Das optische Nivellierger\u00e4t Nivel System N24x ist ein Instrument zur hochpr\u00e4zisen Messung von H\u00f6henunterschieden. Das Nivellierger\u00e4t wurde mit hochwertiger Optik ausgestattet, die f\u00fcr eine sehr gute Bildqualit\u00e4t (klares Bild) sorgt. Der magnetische Kompensator erm\u00f6glicht Messungen auf instabilen Untergr\u00fcnden, wo das Stativ mit dem Nivellierger\u00e4t st\u00e4ndigen Vibrationen ausgesetzt sein kann. Das Ger\u00e4t ist staub- und wasserdicht und kann daher unter rauen Bedingungen wie Regen oder staubige Umgebung eingesetzt werden. Das Nivellierger\u00e4t ist f\u00fcr Vermesser, Stra\u00dfenbauer, Bauarbeiter, Arch\u00e4ologen bestimmt \u2013 f\u00fcr alle Spezialisten, die von einem Messger\u00e4t h\u00f6chste Pr\u00e4zision und Zuverl\u00e4ssigkeit erwarten.<\/p>\n<\/div>\n<\/div>\n<div class=\"elementor-element elementor-element-cd83173 elementor-widget elementor-widget-heading\" data-id=\"cd83173\" data-element_type=\"widget\" data-widget_type=\"heading.default\">\n<div class=\"elementor-widget-container\">\n<h4 class=\"elementor-heading-title elementor-size-default\">H\u00d6CHSTE MESSGENAUIGKEIT<\/h4>\n<\/div>\n<\/div>\n<div class=\"elementor-element elementor-element-9012b7a elementor-widget elementor-widget-text-editor\" data-id=\"9012b7a\" data-element_type=\"widget\" data-widget_type=\"text-editor.default\">\n<div class=\"elementor-widget-container\">Dank hochwertiger Optik (Fernrohr mit 24-facher Vergr\u00f6\u00dferung) bietet das Nivellierger\u00e4t eine Genauigkeit von 2 mm pro 1 km Doppelnivellierung und kann sowohl bei Bauarbeiten als auch f\u00fcr anspruchsvolle Vermessungsaufgaben eingesetzt werden. Das Bild im Fernrohr ist klar und gut lesbar.<\/div>\n<\/div>\n<div class=\"elementor-element elementor-element-e587344 elementor-widget elementor-widget-heading\" data-id=\"e587344\" data-element_type=\"widget\" data-widget_type=\"heading.default\">\n<div class=\"elementor-widget-container\">\n<h4 class=\"elementor-heading-title elementor-size-default\">RESISTENT GEGEN SCHWIERIGE ARBEITSBEDINGUNGEN, BEST\u00c4NDIG GEGEN VIBRATIONEN UND ST\u00d6SSE<\/h4>\n<\/div>\n<\/div>\n<div class=\"elementor-element elementor-element-f581ba7 elementor-widget elementor-widget-text-editor\" data-id=\"f581ba7\" data-element_type=\"widget\" data-widget_type=\"text-editor.default\">\n<div class=\"elementor-widget-container\">Der eingebaute magnetische Kompensator nivelliert das Instrument automatisch und erleichtert so die Arbeit an Orten mit instabilen und schwingenden Untergr\u00fcnden (z.B. auf Baustellen, in der N\u00e4he von Schwermaschinen). Das Ger\u00e4t ist \u00e4u\u00dferst wasser- und staubdicht (IPX6).<\/div>\n<\/div>\n<div class=\"elementor-element elementor-element-1aac787 elementor-widget elementor-widget-heading\" data-id=\"1aac787\" data-element_type=\"widget\" data-widget_type=\"heading.default\">\n<div class=\"elementor-widget-container\">\n<h4 class=\"elementor-heading-title elementor-size-default\">MINDESTABSTAND ZUR LATTE<\/h4>\n<\/div>\n<\/div>\n<div class=\"elementor-element elementor-element-0b0626e elementor-widget elementor-widget-text-editor\" data-id=\"0b0626e\" data-element_type=\"widget\" data-widget_type=\"text-editor.default\">\n<div class=\"elementor-widget-container\">Das Ger\u00e4t eignet sich f\u00fcr Arbeiten mit einer minimalen Ziell\u00e4nge von 0,3 m, sodass das Gel\u00e4nde in der N\u00e4he des Standortes nivelliert werden kann, ohne diesen wechseln zu m\u00fcssen.<\/div>\n<\/div>\n<div class=\"elementor-element elementor-element-14454d4 elementor-widget elementor-widget-heading\" data-id=\"14454d4\" data-element_type=\"widget\" data-widget_type=\"heading.default\">\n<div class=\"elementor-widget-container\">\n<h4 class=\"elementor-heading-title elementor-size-default\">BEQUEME BEDIENUNG<\/h4>\n<\/div>\n<\/div>\n<div class=\"elementor-element elementor-element-1361dbe elementor-widget elementor-widget-text-editor\" data-id=\"1361dbe\" data-element_type=\"widget\" data-widget_type=\"text-editor.default\">\n<div class=\"elementor-widget-container\">Die endlos verstellbare Feinschraube des Horizontalrades erm\u00f6glicht es, das Nivellierger\u00e4t pr\u00e4zise auf die Latte auszurichten, und mit der Dosenlibelle mit Spiegel kann das Instrument einfach und schnell nivelliert werden.<\/div>\n<\/div>\n<div class=\"elementor-element elementor-element-bd3a840 elementor-widget elementor-widget-heading\" data-id=\"bd3a840\" data-element_type=\"widget\" data-widget_type=\"heading.default\">\n<div class=\"elementor-widget-container\">\n<h3 class=\"elementor-heading-title elementor-size-default\">Einsatzbereiche:<\/h3>\n<\/div>\n<\/div>\n<div class=\"elementor-element elementor-element-54b235a elementor-widget elementor-widget-text-editor\" data-id=\"54b235a\" data-element_type=\"widget\" data-widget_type=\"text-editor.default\">\n<div class=\"elementor-widget-container\">\n<ul>\n<li><span lang=\"de-DE\"><b>Klassische Nivellierung<\/b><\/span><span lang=\"de-DE\">\u00a0\u2013 Bestimmung von H\u00f6henunterschieden im Gel\u00e4nde<\/span><\/li>\n<li><span lang=\"de-DE\"><b>Erdarbeiten<\/b><\/span><span lang=\"de-DE\">\u00a0\u2013 Gel\u00e4ndenivellierung, Aushub<\/span><\/li>\n<li><span lang=\"de-DE\"><b>Stra\u00dfen- und Wegebau<\/b><\/span><\/li>\n<li><span lang=\"de-DE\"><b>Pflasterarbeiten<\/b><\/span><span lang=\"de-DE\">\u00a0\u2013 Bau von Parkpl\u00e4tzen, Einfahrten, Terrassen<\/span><\/li>\n<li><span lang=\"de-DE\"><b>Klempnerarbeiten<\/b><\/span><span lang=\"de-DE\">\u00a0\u2013 \u00dcberpr\u00fcfung der Tiefe der Baugrube und der zu verlegenden Rohrleitung<\/span><\/li>\n<li><span lang=\"de-DE\"><b>Gartenbau und Landwirtschaft<\/b><\/span><\/li>\n<\/ul>\n<\/div>\n<\/div>\n","protected":false},"excerpt":{"rendered":"<div class=\"elementor-element elementor-element-c25813a elementor-widget elementor-widget-text-editor\" data-id=\"c25813a\" data-element_type=\"widget\" data-widget_type=\"text-editor.default\">\n<div class=\"elementor-widget-container\">\n<ul>\n<li><strong>Optisches System von h\u00f6chster Qualit\u00e4t<\/strong>, 24-fache Vergr\u00f6\u00dferung<\/li>\n<li><strong>Hohe Messgenauigkeit, 2,0 mm<\/strong>\u00a0\/ 1 km doppelte Nivellierung<\/li>\n<li><strong>Effektive Schwingungskompensation,<\/strong>\u00a0Magnetkompensator<\/li>\n<li><strong>Sicherer Gebrauch f\u00fcr Jahre<\/strong>, zuverl\u00e4ssige Metallkonstruktion \u2013 IPX6, 5 Jahre Garantie<\/li>\n<\/ul>\n[html_block id=\"30167\"]\n<\/div>\n<\/div>\n","protected":false},"featured_media":27347,"template":"","meta":{"_acf_changed":false},"product_brand":[],"product_cat":[306],"product_tag":[],"branze":[],"class_list":{"0":"post-30499","1":"product","2":"type-product","3":"status-publish","4":"has-post-thumbnail","6":"product_cat-optische-nivelliergerate-theodolite","8":"first","9":"instock","10":"shipping-taxable","11":"product-type-simple"},"acf":[],"_links":{"self":[{"href":"https:\/\/nivelsystem.com\/de\/wp-json\/wp\/v2\/product\/30499","targetHints":{"allow":["GET"]}}],"collection":[{"href":"https:\/\/nivelsystem.com\/de\/wp-json\/wp\/v2\/product"}],"about":[{"href":"https:\/\/nivelsystem.com\/de\/wp-json\/wp\/v2\/types\/product"}],"version-history":[{"count":1,"href":"https:\/\/nivelsystem.com\/de\/wp-json\/wp\/v2\/product\/30499\/revisions"}],"predecessor-version":[{"id":115105,"href":"https:\/\/nivelsystem.com\/de\/wp-json\/wp\/v2\/product\/30499\/revisions\/115105"}],"wp:featuredmedia":[{"embeddable":true,"href":"https:\/\/nivelsystem.com\/de\/wp-json\/wp\/v2\/media\/27347"}],"wp:attachment":[{"href":"https:\/\/nivelsystem.com\/de\/wp-json\/wp\/v2\/media?parent=30499"}],"wp:term":[{"taxonomy":"product_brand","embeddable":true,"href":"https:\/\/nivelsystem.com\/de\/wp-json\/wp\/v2\/product_brand?post=30499"},{"taxonomy":"product_cat","embeddable":true,"href":"https:\/\/nivelsystem.com\/de\/wp-json\/wp\/v2\/product_cat?post=30499"},{"taxonomy":"product_tag","embeddable":true,"href":"https:\/\/nivelsystem.com\/de\/wp-json\/wp\/v2\/product_tag?post=30499"},{"taxonomy":"branze","embeddable":true,"href":"https:\/\/nivelsystem.com\/de\/wp-json\/wp\/v2\/branze?post=30499"}],"curies":[{"name":"wp","href":"https:\/\/api.w.org\/{rel}","templated":true}]}}