{"id":30492,"date":"1990-10-01T17:53:29","date_gmt":"1990-10-01T17:53:29","guid":{"rendered":"https:\/\/nivelsystem.com\/produkt\/el32\/"},"modified":"2024-07-02T07:42:05","modified_gmt":"2024-07-02T07:42:05","slug":"el32","status":"publish","type":"product","link":"https:\/\/nivelsystem.com\/de\/produkt\/el32\/","title":{"rendered":"Elektronische Nivellierer EL-32"},"content":{"rendered":"<div class=\"elementor-element elementor-element-87eacf6 elementor-widget elementor-widget-heading\" data-id=\"87eacf6\" data-element_type=\"widget\" data-widget_type=\"heading.default\">\n<div class=\"elementor-widget-container\">\n<h2 class=\"elementor-heading-title elementor-size-default\">Nivel System EL-32<\/h2>\n<\/div>\n<\/div>\n<div class=\"elementor-element elementor-element-a87d091 elementor-widget elementor-widget-text-editor\" data-id=\"a87d091\" data-element_type=\"widget\" data-widget_type=\"text-editor.default\">\n<div class=\"elementor-widget-container\">\n<p>Digitalnivellier EL-32 ist ein hochwertiges Ger\u00e4t, das schnelle und pr\u00e4zise automatische und klassische Messungen erm\u00f6glicht, auch unter schwierigsten Baustellenbedingungen. Das Ablesen vom Messfeld wird automatisch durchgef\u00fchrt. Die Messung ist sehr einfach, dh Sie sollten auf die\u00a0 Messlatte zielen, den Fokus einstellen und die Ausl\u00f6setaste dr\u00fccken. Das Instrument liest die Messlatte automatisch und gibt den H\u00f6henunterschied und den Abstand des Ger\u00e4tes von der Messlatte an. Die Messergebnisse werden auf einem gro\u00dfen, gut lesbaren, hintergrundbeleuchteten LCD-Display\u00a0angezeigt. Mit dem Ger\u00e4t k\u00f6nnen Sie bis\u00a01000\u00a0Messwerte speichern und auf Ihren Computer\u00a0\u00fcbertragen.<\/p>\n<ul>\n<li><strong>hohe Genauigkeit\u00a0der Messungen\u00a0 ( 1 mm \/ km )<\/strong><\/li>\n<li><strong>Messungen unter verschiedenen Bedingungen ( Schatten, Sonne, D\u00e4mmerung)<\/strong><\/li>\n<li><strong>gro\u00dfe Reichweite ( 100 m )<\/strong><\/li>\n<li><strong>schnelle Messung ( &lt; 3 Sekunden )<\/strong><\/li>\n<li><strong>effektive Schwingungsd\u00e4mpfung \u2013 magnetischer Kompensator<\/strong><\/li>\n<li><strong>automatische und klassische Messverfahren\u00a0<\/strong><\/li>\n<li><strong>intuitive Bedienung \u2013 fein empfindliche Taste\u00a0zum Ausl\u00f6sen von Messungen, \u00fcbersichtliche LCD-Anzeige<\/strong><\/li>\n<li><strong>Relativmessung zum Vermessungspunkt\u00a0<\/strong><\/li>\n<li><strong>best\u00e4ndig gegen schwierigste Baustellenbedingungen ( IP55 )\u00a0\u00a0<\/strong><\/li>\n<li><strong>Interner Datenspeicher \u2013 bis 1000 Messwerte<\/strong><\/li>\n<li><strong>USB-Daten\u00fcbertragung\u00a0<\/strong><\/li>\n<li><strong>komfortable Daten\u00fcbertragung zur Weiterverarbeitung am PC\u00a0<\/strong><strong>\u00a0(Excel)\u00a0<\/strong><\/li>\n<li><strong>effizientes und schnelles Laden von Li-Ion-Akkus<\/strong><\/li>\n<\/ul>\n<\/div>\n<\/div>\n<div class=\"elementor-element elementor-element-bd3a840 elementor-widget elementor-widget-heading\" data-id=\"bd3a840\" data-element_type=\"widget\" data-widget_type=\"heading.default\">\n<div class=\"elementor-widget-container\">\n<h3 class=\"elementor-heading-title elementor-size-default\">Einsatzbereiche:<\/h3>\n<\/div>\n<\/div>\n<div class=\"elementor-element elementor-element-54b235a elementor-widget elementor-widget-text-editor\" data-id=\"54b235a\" data-element_type=\"widget\" data-widget_type=\"text-editor.default\">\n<div class=\"elementor-widget-container\">\n<ul>\n<li><span lang=\"de-DE\"><b>Klassische Nivellierung<\/b><\/span><span lang=\"de-DE\">\u00a0\u2013 Bestimmung von H\u00f6henunterschieden im Gel\u00e4nde<\/span><\/li>\n<li><span lang=\"de-DE\"><b>Erdarbeiten<\/b><\/span><span lang=\"de-DE\">\u00a0\u2013 Gel\u00e4ndenivellierung, Aushub<\/span><\/li>\n<li><span lang=\"de-DE\"><b>Stra\u00dfen- und Wegebau<\/b><\/span><\/li>\n<li><span lang=\"de-DE\"><b>Pflasterarbeiten<\/b><\/span><span lang=\"de-DE\">\u00a0\u2013 Bau von Parkpl\u00e4tzen, Einfahrten, Terrassen<\/span><\/li>\n<li><span lang=\"de-DE\"><b>Klempnerarbeiten<\/b><\/span><span lang=\"de-DE\">\u00a0\u2013 \u00dcberpr\u00fcfung der Tiefe der Baugrube und der zu verlegenden Rohrleitung<\/span><\/li>\n<li><span lang=\"de-DE\"><b>Gartenbau und Landwirtschaft<\/b><\/span><\/li>\n<\/ul>\n<\/div>\n<\/div>\n","protected":false},"excerpt":{"rendered":"<div class=\"elementor-element elementor-element-c25813a elementor-widget elementor-widget-text-editor\" data-id=\"c25813a\" data-element_type=\"widget\" data-widget_type=\"text-editor.default\">\n<div class=\"elementor-widget-container\">\n<div class=\"text-sm leading-normal text-excerpt mt-6\">\n<ul>\n<li><strong>Optisches System von h\u00f6chster Qualit\u00e4t,<\/strong>\u00a032-fache Vergr\u00f6\u00dferung<\/li>\n<li><strong>Hohe Pr\u00e4zision der elektronischen Messungen,<\/strong>\u00a01,0 mm \/ 1 km doppelte Nivellierung<\/li>\n<li><strong>Komfortables Arbeiten,<\/strong>\u00a0Speichern von bis zu 1000 Messpunkten, USB<\/li>\n<li><strong>Jahrelanger sicherer Gebrauch,<\/strong> zuverl\u00e4ssiges bew\u00e4hrtes Ger\u00e4t<\/li>\n<\/ul>\n[html_block id=\"30167\"]\n<\/div>\n<\/div>\n<\/div>\n","protected":false},"featured_media":27323,"template":"","meta":{"_acf_changed":false},"product_brand":[],"product_cat":[306],"product_tag":[],"branze":[],"class_list":{"0":"post-30492","1":"product","2":"type-product","3":"status-publish","4":"has-post-thumbnail","6":"product_cat-optische-nivelliergerate-theodolite","8":"first","9":"instock","10":"shipping-taxable","11":"product-type-simple"},"acf":[],"_links":{"self":[{"href":"https:\/\/nivelsystem.com\/de\/wp-json\/wp\/v2\/product\/30492","targetHints":{"allow":["GET"]}}],"collection":[{"href":"https:\/\/nivelsystem.com\/de\/wp-json\/wp\/v2\/product"}],"about":[{"href":"https:\/\/nivelsystem.com\/de\/wp-json\/wp\/v2\/types\/product"}],"version-history":[{"count":0,"href":"https:\/\/nivelsystem.com\/de\/wp-json\/wp\/v2\/product\/30492\/revisions"}],"wp:featuredmedia":[{"embeddable":true,"href":"https:\/\/nivelsystem.com\/de\/wp-json\/wp\/v2\/media\/27323"}],"wp:attachment":[{"href":"https:\/\/nivelsystem.com\/de\/wp-json\/wp\/v2\/media?parent=30492"}],"wp:term":[{"taxonomy":"product_brand","embeddable":true,"href":"https:\/\/nivelsystem.com\/de\/wp-json\/wp\/v2\/product_brand?post=30492"},{"taxonomy":"product_cat","embeddable":true,"href":"https:\/\/nivelsystem.com\/de\/wp-json\/wp\/v2\/product_cat?post=30492"},{"taxonomy":"product_tag","embeddable":true,"href":"https:\/\/nivelsystem.com\/de\/wp-json\/wp\/v2\/product_tag?post=30492"},{"taxonomy":"branze","embeddable":true,"href":"https:\/\/nivelsystem.com\/de\/wp-json\/wp\/v2\/branze?post=30492"}],"curies":[{"name":"wp","href":"https:\/\/api.w.org\/{rel}","templated":true}]}}