{"id":30486,"date":"2000-06-02T14:52:13","date_gmt":"2000-06-02T14:52:13","guid":{"rendered":"https:\/\/nivelsystem.com\/produkt\/mc-1d\/"},"modified":"2025-04-28T12:43:15","modified_gmt":"2025-04-28T12:43:15","slug":"mc-1d","status":"publish","type":"product","link":"https:\/\/nivelsystem.com\/de\/produkt\/mc-1d\/","title":{"rendered":"Laserkontrollsystem MC-1D Magnets"},"content":{"rendered":"<div class=\"elementor-element elementor-element-87eacf6 elementor-widget elementor-widget-heading\" data-id=\"87eacf6\" data-element_type=\"widget\" data-widget_type=\"heading.default\">\n<div class=\"elementor-widget-container\">\n<h2 class=\"elementor-heading-title elementor-size-default\">Nivel System MC-1D<\/h2>\n<\/div>\n<\/div>\n<div class=\"elementor-element elementor-element-3c1a4a3 elementor-widget elementor-widget-heading\" data-id=\"3c1a4a3\" data-element_type=\"widget\" data-widget_type=\"heading.default\">\n<div class=\"elementor-widget-container\">\n<h3 class=\"elementor-heading-title elementor-size-default\">Laserkontrollsystem f\u00fcr Baumaschinen<\/h3>\n<\/div>\n<\/div>\n<div class=\"elementor-element elementor-element-12e6da0 elementor-widget elementor-widget-heading\" data-id=\"12e6da0\" data-element_type=\"widget\" data-widget_type=\"heading.default\">\n<div class=\"elementor-widget-container\">\n<p class=\"elementor-heading-title elementor-size-default\"><iframe title=\"Nivel System - System kontroli pracy maszyn MC-1D\" width=\"500\" height=\"281\" src=\"https:\/\/www.youtube.com\/embed\/3pK5TA_jGe4?feature=oembed\" frameborder=\"0\" allow=\"accelerometer; autoplay; clipboard-write; encrypted-media; gyroscope; picture-in-picture; web-share\" referrerpolicy=\"strict-origin-when-cross-origin\" allowfullscreen><\/iframe><\/p>\n<\/div>\n<\/div>\n<div class=\"elementor-element elementor-element-a87d091 elementor-widget elementor-widget-text-editor\" data-id=\"a87d091\" data-element_type=\"widget\" data-widget_type=\"text-editor.default\">\n<div class=\"elementor-widget-container\">\n<p>Das Nivelliersystem MC-1D erm\u00f6glicht die Kontrolle der H\u00f6he des Arbeitswerkzeugs der Maschine vom F\u00fchrerhaus aus. Mithilfe dieses Systems hat der F\u00fchrer stets den \u00dcberblick \u00fcber die H\u00f6he, auf der sich der L\u00f6ffel oder das Schild der Maschine in Bezug auf die Referenzlinie (die vom Laser-Nivellierger\u00e4t vorgegeben wird) befindet. Durch Beobachtung der Anzeigen auf dem Maschinensensor (oder dem Display in der Kabine) wird der F\u00fchrer informiert, ob er noch Material abtragen\/graben kann, oder ob er sich bereits in der vorgegebenen Tiefe befindet, sodass ein zu tiefes Abtragen oder Graben vermieden wird. Das System besteht aus einem Lasersensor, der das Signal vom Laser-Nivellierger\u00e4t empf\u00e4ngt und den F\u00fchrer mittels LED-Anzeigen laufend \u00fcber die einzustellende H\u00f6he des Arbeitswerkzeugs (L\u00f6ffel, Schild) informiert. Diese Informationen erscheinen ebenfalls auf dem Kabinenempf\u00e4nger (RD-1MC), der gleichzeitig als Display dient. Ein derart konfiguriertes System erm\u00f6glicht eine schnelle und effiziente Ausf\u00fchrung von Erdarbeiten, auch mit Gef\u00e4lle, ohne Kontrollmessungen durchf\u00fchren zu m\u00fcssen.<\/p>\n<ul>\n<li><strong>Eine universelle L\u00f6sung f\u00fcr viele Maschinentypen<\/strong>\u00a0(Planierraupen, Bagger, Baggerlader)<\/li>\n<li><strong>Schnelleres Arbeiten, h\u00f6here Produktivit\u00e4t<\/strong>\u00a0\u2013 die Maschine leistet mehr in der gleichen Zeit<\/li>\n<li><strong>H\u00f6here Arbeitsgenauigkeit<\/strong><\/li>\n<li><strong>Materialeinsparungen<\/strong>\u00a0aufgrund einer pr\u00e4ziseren Planierung der Gel\u00e4ndeoberfl\u00e4che<\/li>\n<li><strong>Die einfachste L\u00f6sung zur Kontrolle des Maschinenbetriebs \u2013<\/strong>\u00a0einfache, intuitive Bedienung<\/li>\n<li><strong>Schnelle und einfache Montage<\/strong>\u00a0\u2013\u00a0 die Sensoren k\u00f6nnen schnell an der Maschine montiert bzw. von ihr demontiert werden, wodurch jede Maschine schnell und einfach mit dem System ausger\u00fcstet werden kann<\/li>\n<li><strong>Keine Nachbesserungen, kein zu tiefes Graben<\/strong>\u00a0\u2013 das Risiko von durch den Menschen verursachten Fehlern wird reduziert<\/li>\n<li><strong>Zeitersparnis<\/strong>\u00a0\u2013 weniger Zwischenmessungen und Kontrollen w\u00e4hrend der Arbeit (die Arbeit kann fortlaufend kontrolliert werden, ohne die Kabine zu verlassen)<\/li>\n<li><strong>Kontrolle der Arbeit in der F\u00fchrerkabine\u00a0<\/strong>\u2013 Signal\u00fcbertragung zur Kabinenanzeige (MC-RD1)<\/li>\n<\/ul>\n<\/div>\n<\/div>\n<div class=\"elementor-element elementor-element-bd3a840 elementor-widget elementor-widget-heading\" data-id=\"bd3a840\" data-element_type=\"widget\" data-widget_type=\"heading.default\">\n<div class=\"elementor-widget-container\">\n<h3 class=\"elementor-heading-title elementor-size-default\">Einsatzbereiche:<\/h3>\n<\/div>\n<\/div>\n<div class=\"elementor-element elementor-element-54b235a elementor-widget elementor-widget-text-editor\" data-id=\"54b235a\" data-element_type=\"widget\" data-widget_type=\"text-editor.default\">\n<div class=\"elementor-widget-container\">\n<ul>\n<li><span lang=\"de-DE\"><b>Steuerung der Bedienung von Maschinen<\/b><\/span><span lang=\"de-DE\">\u00a0\u2013 Lader, Baggerlader, Bagger, Bulldozer, Grader<\/span><\/li>\n<li><span lang=\"de-DE\"><b>Erdarbeiten<\/b><\/span><span lang=\"de-DE\">\u00a0\u2013 Gel\u00e4ndenivellierung, Aushub, B\u00f6schungen<\/span><\/li>\n<li><span lang=\"de-DE\"><b>Klempnerarbeiten<\/b><\/span><span lang=\"de-DE\">\u00a0\u2013 \u00dcberpr\u00fcfung der Tiefe der Baugrube (auch mit Gef\u00e4lle)<\/span><\/li>\n<\/ul>\n<\/div>\n<\/div>\n","protected":false},"excerpt":{"rendered":"<div class=\"elementor-element elementor-element-c25813a elementor-widget elementor-widget-text-editor\" data-id=\"c25813a\" data-element_type=\"widget\" data-widget_type=\"text-editor.default\">\n<div class=\"elementor-widget-container\">\n<ul>\n<li><strong>Eine universelle L\u00f6sung f\u00fcr viele Maschinentypen<\/strong>\u00a0(Planierraupen, Bagger, Baggerlader)<\/li>\n<li><strong>Schnelleres Arbeiten, h\u00f6here Produktivit\u00e4t<\/strong>\u00a0\u2013 die Maschine leistet mehr in der gleichen Zeit<\/li>\n<li><strong>H\u00f6here Arbeitsgenauigkeit\u00a0<\/strong>\u2013 kein zu tiefes Graben<\/li>\n<li><strong>Materialeinsparungen<\/strong>\u00a0aufgrund einer pr\u00e4ziseren Planierung der Gel\u00e4ndeoberfl\u00e4che<\/li>\n<li><strong>Die einfachste L\u00f6sung zur Kontrolle des Maschinenbetriebs \u2013<\/strong> einfache, intuitive Bedienung<\/li>\n<\/ul>\n[html_block id=\"30167\"]\n<\/div>\n<\/div>\n","protected":false},"featured_media":28040,"template":"","meta":{"_acf_changed":false},"product_brand":[],"product_cat":[308],"product_tag":[],"branze":[],"class_list":{"0":"post-30486","1":"product","2":"type-product","3":"status-publish","4":"has-post-thumbnail","6":"product_cat-maschinensteuerungssysteme","8":"first","9":"instock","10":"shipping-taxable","11":"product-type-simple"},"acf":[],"_links":{"self":[{"href":"https:\/\/nivelsystem.com\/de\/wp-json\/wp\/v2\/product\/30486","targetHints":{"allow":["GET"]}}],"collection":[{"href":"https:\/\/nivelsystem.com\/de\/wp-json\/wp\/v2\/product"}],"about":[{"href":"https:\/\/nivelsystem.com\/de\/wp-json\/wp\/v2\/types\/product"}],"version-history":[{"count":1,"href":"https:\/\/nivelsystem.com\/de\/wp-json\/wp\/v2\/product\/30486\/revisions"}],"predecessor-version":[{"id":114886,"href":"https:\/\/nivelsystem.com\/de\/wp-json\/wp\/v2\/product\/30486\/revisions\/114886"}],"wp:featuredmedia":[{"embeddable":true,"href":"https:\/\/nivelsystem.com\/de\/wp-json\/wp\/v2\/media\/28040"}],"wp:attachment":[{"href":"https:\/\/nivelsystem.com\/de\/wp-json\/wp\/v2\/media?parent=30486"}],"wp:term":[{"taxonomy":"product_brand","embeddable":true,"href":"https:\/\/nivelsystem.com\/de\/wp-json\/wp\/v2\/product_brand?post=30486"},{"taxonomy":"product_cat","embeddable":true,"href":"https:\/\/nivelsystem.com\/de\/wp-json\/wp\/v2\/product_cat?post=30486"},{"taxonomy":"product_tag","embeddable":true,"href":"https:\/\/nivelsystem.com\/de\/wp-json\/wp\/v2\/product_tag?post=30486"},{"taxonomy":"branze","embeddable":true,"href":"https:\/\/nivelsystem.com\/de\/wp-json\/wp\/v2\/branze?post=30486"}],"curies":[{"name":"wp","href":"https:\/\/api.w.org\/{rel}","templated":true}]}}