{"id":30454,"date":"1970-10-02T14:35:20","date_gmt":"1970-10-02T14:35:20","guid":{"rendered":"https:\/\/nivelsystem.com\/produkt\/dl60\/"},"modified":"2024-07-02T08:26:01","modified_gmt":"2024-07-02T08:26:01","slug":"dl60","status":"publish","type":"product","link":"https:\/\/nivelsystem.com\/de\/produkt\/dl60\/","title":{"rendered":"Elektronische Wasserwaage DL60"},"content":{"rendered":"<div class=\"elementor-element elementor-element-87eacf6 elementor-widget elementor-widget-heading\" data-id=\"87eacf6\" data-element_type=\"widget\" data-widget_type=\"heading.default\">\n<div class=\"elementor-widget-container\">\n<h2 class=\"elementor-heading-title elementor-size-default\">Nivel system DL60<\/h2>\n<\/div>\n<\/div>\n<div class=\"elementor-element elementor-element-3c1a4a3 elementor-widget elementor-widget-heading\" data-id=\"3c1a4a3\" data-element_type=\"widget\" data-widget_type=\"heading.default\">\n<div class=\"elementor-widget-container\">\n<h3 class=\"elementor-heading-title elementor-size-default\">Pr\u00e4zise elektronische Wasserwaage<\/h3>\n<\/div>\n<\/div>\n<div class=\"elementor-element elementor-element-a87d091 elementor-widget elementor-widget-text-editor\" data-id=\"a87d091\" data-element_type=\"widget\" data-widget_type=\"text-editor.default\">\n<div class=\"elementor-widget-container\">\n<p>Pr\u00e4zise, schnell einsetzbare elektronische Wasserwaage mit digitaler Positionsablesung \u00fcber LCD-Display. Arbeit in umgekehrter Position (\u201ekopf\u00fcber\u201d \u2013 um 180\u00a0Grad) m\u00f6glich. Wenn die Ablesung des Messwerts am LCD schwierig f\u00e4llt, kann der Wert auf der Anzeige \u201eeingefroren\u201c werden (beim Erreichen der Nivellierung ert\u00f6nt ein akustisches Signal). Dieses Ger\u00e4t \u00fcberzeugt durch seine einfache Bedienung und Zuverl\u00e4ssigkeit. Es ist die ideale Wahl bei allen allgemeinen Bauarbeiten und f\u00fcr jeden, der viel Zeit bei der Ausrichtung von Elementen senk- und lotrecht oder im bestimmten Winkel verbringt. Mit dem DL60 verlaufen die Arbeiten schneller, genauer und ohne Fehler.<\/p>\n<ul>\n<li><strong>Mehr als nur eine Pr\u00e4zisionswasserwaage<\/strong>\u00a0\u2013 dieses vielseitige und einfach zu bedienende Werkzeug (\u00b1 0,1\u00b0) f\u00fcr Bauaufgaben aller Art eignet sich ideal f\u00fcr vertikale, horizontale und senkrechte Arbeiten.<\/li>\n<li><strong>Bequemes Arbeiten<\/strong>\u00a0\u2013 handliches Geh\u00e4use, praktische Gr\u00f6\u00dfe (600 mm), \u00fcbersichtliche LCD-Anzeige f\u00fcr Nivellierungsergebnisse, \u201eEinfrieren\u201c von Werten sowie Arbeit in umgekehrter Position m\u00f6glich.<\/li>\n<li><strong>Bequeme Betriebsarten<\/strong>\u00a0\u2013 Anzeige von Werten in Prozent oder Grad.<\/li>\n<li><strong>Zuverl\u00e4ssiges und bew\u00e4hrtes Instrument<\/strong>\u00a0\u2013 best\u00e4ndig gegen schwierige Arbeitsbedingungen auf der Baustelle, mit Garantie- und Nachgarantieservice des autorisierten Kundendienstes von Nivel System in Polen (TPI-Service).<\/li>\n<\/ul>\n<\/div>\n<\/div>\n<div class=\"elementor-element elementor-element-bd3a840 elementor-widget elementor-widget-heading\" data-id=\"bd3a840\" data-element_type=\"widget\" data-widget_type=\"heading.default\">\n<div class=\"elementor-widget-container\">\n<h3 class=\"elementor-heading-title elementor-size-default\">Einsatzbereiche:<\/h3>\n<\/div>\n<\/div>\n<div class=\"elementor-element elementor-element-54b235a elementor-widget elementor-widget-text-editor\" data-id=\"54b235a\" data-element_type=\"widget\" data-widget_type=\"text-editor.default\">\n<div class=\"elementor-widget-container\">\n<ul>\n<li><span lang=\"de-DE\"><b>Ausbauarbeiten<\/b><\/span><\/li>\n<li><span lang=\"de-DE\"><b>Verlegen von Fliesen und Terrakotta<\/b><\/span><\/li>\n<li><span lang=\"de-DE\"><b>Gipskartonarbeiten<\/b><\/span><\/li>\n<li><span lang=\"de-DE\"><b>Konstruktions- und Montagearbeiten<\/b><\/span><\/li>\n<\/ul>\n<\/div>\n<\/div>\n","protected":false},"excerpt":{"rendered":"<div class=\"elementor-element elementor-element-c25813a elementor-widget elementor-widget-text-editor\" data-id=\"c25813a\" data-element_type=\"widget\" data-widget_type=\"text-editor.default\">\n<div class=\"elementor-widget-container\">\n<div class=\"text-sm leading-normal text-excerpt mt-6\">\n<ul>\n<li><strong>Pr\u00e4zise und schnelle Messungen<\/strong>, \u00b11\u00ba<\/li>\n<li><strong>Bew\u00e4hrte, solide Metallkonstruktion<\/strong><\/li>\n<li><strong>Arbeitskomfort, lesbare LCD<\/strong>-Anzeige<\/li>\n<li><strong>M\u00f6glichkeit<\/strong> \u2013 invertierter Betrieb, einfache Kalibrierung<\/li>\n<\/ul>\n[html_block id=\"30167\"]\n<\/div>\n<\/div>\n<\/div>\n","protected":false},"featured_media":27629,"template":"","meta":{"_acf_changed":false},"product_brand":[],"product_cat":[305],"product_tag":[],"branze":[],"class_list":{"0":"post-30454","1":"product","2":"type-product","3":"status-publish","4":"has-post-thumbnail","6":"product_cat-wasserwaagen-laserlote","8":"first","9":"instock","10":"shipping-taxable","11":"product-type-simple"},"acf":[],"_links":{"self":[{"href":"https:\/\/nivelsystem.com\/de\/wp-json\/wp\/v2\/product\/30454","targetHints":{"allow":["GET"]}}],"collection":[{"href":"https:\/\/nivelsystem.com\/de\/wp-json\/wp\/v2\/product"}],"about":[{"href":"https:\/\/nivelsystem.com\/de\/wp-json\/wp\/v2\/types\/product"}],"version-history":[{"count":0,"href":"https:\/\/nivelsystem.com\/de\/wp-json\/wp\/v2\/product\/30454\/revisions"}],"wp:featuredmedia":[{"embeddable":true,"href":"https:\/\/nivelsystem.com\/de\/wp-json\/wp\/v2\/media\/27629"}],"wp:attachment":[{"href":"https:\/\/nivelsystem.com\/de\/wp-json\/wp\/v2\/media?parent=30454"}],"wp:term":[{"taxonomy":"product_brand","embeddable":true,"href":"https:\/\/nivelsystem.com\/de\/wp-json\/wp\/v2\/product_brand?post=30454"},{"taxonomy":"product_cat","embeddable":true,"href":"https:\/\/nivelsystem.com\/de\/wp-json\/wp\/v2\/product_cat?post=30454"},{"taxonomy":"product_tag","embeddable":true,"href":"https:\/\/nivelsystem.com\/de\/wp-json\/wp\/v2\/product_tag?post=30454"},{"taxonomy":"branze","embeddable":true,"href":"https:\/\/nivelsystem.com\/de\/wp-json\/wp\/v2\/branze?post=30454"}],"curies":[{"name":"wp","href":"https:\/\/api.w.org\/{rel}","templated":true}]}}