{"id":30425,"date":"1980-06-04T13:56:16","date_gmt":"1980-06-04T13:56:16","guid":{"rendered":"https:\/\/nivelsystem.com\/produkt\/hdm-50g\/"},"modified":"2025-03-17T08:52:04","modified_gmt":"2025-03-17T08:52:04","slug":"hdm-50g","status":"publish","type":"product","link":"https:\/\/nivelsystem.com\/de\/produkt\/hdm-50g\/","title":{"rendered":"Laser \u2013 Entfernungsmesser HDM-50G"},"content":{"rendered":"<div class=\"elementor-element elementor-element-87eacf6 elementor-widget elementor-widget-heading\" data-id=\"87eacf6\" data-element_type=\"widget\" data-widget_type=\"heading.default\">\n<div class=\"elementor-widget-container\">\n<h2 class=\"elementor-heading-title elementor-size-default\"><strong>Nivel System HDM-50G <\/strong><strong>pr\u00e4zise und funktionale Laser \u2013 Entfernungsmesser<\/strong><\/h2>\n<\/div>\n<\/div>\n<div class=\"elementor-element elementor-element-a87d091 elementor-widget elementor-widget-text-editor\" data-id=\"a87d091\" data-element_type=\"widget\" data-widget_type=\"text-editor.default\">\n<div class=\"elementor-widget-container\">\n<p>Die Serie moderner Entfernungsmesser der Marke Nivel System ist mit dem neuesten Prozessor f\u00fcr schnelle, genaue und fortschrittliche Messungen ausgestattet. Die Verwaltung der Ger\u00e4te erfolgt \u00fcber ein handliches Bedienfeld mit einem gro\u00dfen und farbigen Display, auf dem die Messergebnisse und die daraus resultierenden Berechnungen dargestellt werden. Die Ergebnisse k\u00f6nnen im Ger\u00e4tespeicher abgelegt und auf Computer (USB) und mobile Ger\u00e4te (Bluetooth) \u00fcbertragen werden. Die Ger\u00e4te funktionieren als tragbare Messstationen, die es erm\u00f6glichen, nicht nur Informationen \u00fcber die L\u00e4nge der Strecke, sondern auch viele andere, oft komplexe Daten zu erhalten, die auf der Baustelle und im Planungsb\u00fcro ben\u00f6tigt werden. Die Entfernungsmesser sind taschengro\u00df, leicht, handlich und einfach zu bedienen im Gel\u00e4nde. Die leistungsstarken wiederaufladbaren Batterien sorgen f\u00fcr eine komfortable und wirtschaftliche Nutzung.<\/p>\n<div>\n<ul>\n<li><strong>Schnelle, pr\u00e4zise und zuverl\u00e4ssige Messungen \u2013\u00a0<\/strong>effizienter und schneller Prozessor bietet hohe Genauigkeit und umfangreiche Funktionalit\u00e4t.<\/li>\n<li><strong>Gro\u00dfe Messm\u00f6glichkeiten mit<\/strong>\u00a0<strong>Speicherung und \u00dcbertragung von Daten an einen Computer \u2013\u00a0<\/strong>die Software der Entfernungsmesser erm\u00f6glicht es, Entfernungen zu messen und auf deren Basis Berechnungen durchzuf\u00fchren: z.B. Addieren, Subtrahieren, Fl\u00e4che, Volumen, praktische Funktion \u201eMaler\u201c.<\/li>\n<li><strong>Datenspeicherung<\/strong>\u00a0und \u00dcbertragung an einen Computer \u2013 alle Messungen k\u00f6nnen im Speicher des Ger\u00e4tes erfasst und an einen Computer gesendet werden.<\/li>\n<li><strong>Drahtlose Daten\u00fcbertragung zwischen Gel\u00e4nde und B\u00fcro \u2013\u00a0<\/strong>dank kostenloser App (f\u00fcr Apple-Ger\u00e4te) k\u00f6nnen alle im Feld gesammelten Daten gespeichert und schnell per E-Mail an das B\u00fcro gesendet werden, was die weitere Arbeit erheblich beschleunigt.<\/li>\n<li><strong>Erstellung von Messskizzen \u2013\u00a0<\/strong>aus vorgenommenen Messungen im Feld k\u00f6nnen Skizzen erstellt werden, auf die die Messungen vom Entfernungsmesser aufgebracht werden. Der erstellte Plan kann nach dem Export ins PDF-Format einfach per E-Mail verschickt werden.<\/li>\n<li><strong>\u00dcbersichtliche Informationen \u2013\u00a0<\/strong>gro\u00dfes farbiges Display mit Hinterleuchtung zur \u00fcbersichtlichen Darstellung der wichtigsten Messdaten.<\/li>\n<li><strong>Messung an unzug\u00e4nglichen Stellen \u2013\u00a0<\/strong>die erweiterten Pythagoras-Funktionen erm\u00f6glichen indirekte H\u00f6hen- oder Breitenmessungen. Der in zwei Achsen funktionierende Neigungsmesser unterst\u00fctzt Arbeiten im Gel\u00e4nde<\/li>\n<li><strong>Zus\u00e4tzliche Sonderfunktionen \u2013\u00a0<\/strong>Absteckung, Dauermessung \/ Funktion Min. \u2013 Max., Messverz\u00f6gerung, Kalibrierfunktion \u2013 alles, was die Messarbeiten unterst\u00fctzen kann.<\/li>\n<li><strong>Arbeit ab Rand \u2013\u00a0<\/strong>Messungen k\u00f6nnen von der Stirn oder dem Sockel des Entfernungsmessers und dem Fu\u00df (bei Messungen in Ecken) durchgef\u00fchrt werden.<\/li>\n<li><strong>Einfach einzusetzen \u2013\u00a0<\/strong>Messen per ein Tastendruck; Tastenkombinationen beschleunigen den Zugriff auf die am h\u00e4ufigsten verwendeten Funktionen. Die Ger\u00e4te sind mit leistungsstarken Akkus ausgestattet.<\/li>\n<li><strong>Klein und handlich \u2013\u00a0<\/strong>passt in jede Tasche; handliches Geh\u00e4use sorgt f\u00fcr sicheren Halt.<\/li>\n<li><strong>Sicherer Betrieb mehrere Jahre lang<\/strong>\u00a0\u2013 best\u00e4ndig gegen schwierige Arbeitsbedingungen auf der Baustelle, mit vollem Garantie- und Nachgarantieservice im autorisierten Kundendienst von Nivel System.<\/li>\n<\/ul>\n<div class=\"elementor-element elementor-element-bd3a840 elementor-widget elementor-widget-heading\" data-id=\"bd3a840\" data-element_type=\"widget\" data-widget_type=\"heading.default\">\n<div class=\"elementor-widget-container\">\n<h3 class=\"elementor-heading-title elementor-size-default\">Einsatzbereiche:<\/h3>\n<\/div>\n<\/div>\n<div class=\"elementor-element elementor-element-54b235a elementor-widget elementor-widget-text-editor\" data-id=\"54b235a\" data-element_type=\"widget\" data-widget_type=\"text-editor.default\">\n<div class=\"elementor-widget-container\">\n<ul>\n<li><span lang=\"de-DE\"><b>Kostensch\u00e4tzung<\/b><\/span><\/li>\n<li><span lang=\"de-DE\"><b>Ausbauarbeiten<\/b><\/span><\/li>\n<li><span lang=\"de-DE\"><b>Maurerarbeiten<\/b><\/span><\/li>\n<li><span lang=\"de-DE\"><b>Inspektion und \u00dcberwachung<\/b><\/span><\/li>\n<li><span lang=\"de-DE\"><b>Konstruktions- und Montagearbeiten<\/b><\/span><\/li>\n<li><span lang=\"de-DE\"><b>Versicherungen<\/b><\/span><\/li>\n<li><span lang=\"de-DE\"><b>Sonstige Arbeiten, die das Messen von Abst\u00e4nden, Fl\u00e4chen und Volumen erfordern<\/b><\/span><\/li>\n<\/ul>\n<\/div>\n<\/div>\n<\/div>\n<\/div>\n<\/div>\n","protected":false},"excerpt":{"rendered":"<div class=\"elementor-element elementor-element-c25813a elementor-widget elementor-widget-text-editor\" data-id=\"c25813a\" data-element_type=\"widget\" data-widget_type=\"text-editor.default\">\n<div class=\"elementor-widget-container\">\n<div class=\"text-sm leading-normal text-excerpt mt-6\">\n<ul>\n<li><strong>Sehr gut sichtbarer gr\u00fcner Laserstrahl\u00a0<\/strong><\/li>\n<li><strong>Schnelle und pr\u00e4zise Messungen<\/strong>, Reichweite 50m<\/li>\n<li><strong>Messungen von Entfernung<\/strong>, Fl\u00e4chen, Volumen und indirekte Messungen<\/li>\n<li><strong>Bluetooth, USB, Malerabrechnungsfunktion, Speicher bis zu 100 Werte<\/strong><\/li>\n<li><strong>Jahrelanger sicherer Einsatz<\/strong>, zuverl\u00e4ssige, bew\u00e4hrte Ausf\u00fchrung (IP54)<\/li>\n<\/ul>\n[html_block id=\"30167\"]\n<\/div>\n<\/div>\n<\/div>\n","protected":false},"featured_media":27005,"template":"","meta":{"_acf_changed":false},"product_brand":[],"product_cat":[303],"product_tag":[],"branze":[],"class_list":{"0":"post-30425","1":"product","2":"type-product","3":"status-publish","4":"has-post-thumbnail","6":"product_cat-laser-entfernungsmesser","8":"first","9":"instock","10":"shipping-taxable","11":"product-type-simple"},"acf":[],"_links":{"self":[{"href":"https:\/\/nivelsystem.com\/de\/wp-json\/wp\/v2\/product\/30425","targetHints":{"allow":["GET"]}}],"collection":[{"href":"https:\/\/nivelsystem.com\/de\/wp-json\/wp\/v2\/product"}],"about":[{"href":"https:\/\/nivelsystem.com\/de\/wp-json\/wp\/v2\/types\/product"}],"version-history":[{"count":1,"href":"https:\/\/nivelsystem.com\/de\/wp-json\/wp\/v2\/product\/30425\/revisions"}],"predecessor-version":[{"id":114305,"href":"https:\/\/nivelsystem.com\/de\/wp-json\/wp\/v2\/product\/30425\/revisions\/114305"}],"wp:featuredmedia":[{"embeddable":true,"href":"https:\/\/nivelsystem.com\/de\/wp-json\/wp\/v2\/media\/27005"}],"wp:attachment":[{"href":"https:\/\/nivelsystem.com\/de\/wp-json\/wp\/v2\/media?parent=30425"}],"wp:term":[{"taxonomy":"product_brand","embeddable":true,"href":"https:\/\/nivelsystem.com\/de\/wp-json\/wp\/v2\/product_brand?post=30425"},{"taxonomy":"product_cat","embeddable":true,"href":"https:\/\/nivelsystem.com\/de\/wp-json\/wp\/v2\/product_cat?post=30425"},{"taxonomy":"product_tag","embeddable":true,"href":"https:\/\/nivelsystem.com\/de\/wp-json\/wp\/v2\/product_tag?post=30425"},{"taxonomy":"branze","embeddable":true,"href":"https:\/\/nivelsystem.com\/de\/wp-json\/wp\/v2\/branze?post=30425"}],"curies":[{"name":"wp","href":"https:\/\/api.w.org\/{rel}","templated":true}]}}