{"id":30409,"date":"1980-06-06T13:04:32","date_gmt":"1980-06-06T13:04:32","guid":{"rendered":"https:\/\/nivelsystem.com\/produkt\/hdm-7g\/"},"modified":"2024-07-02T08:05:54","modified_gmt":"2024-07-02T08:05:54","slug":"hdm-7g","status":"publish","type":"product","link":"https:\/\/nivelsystem.com\/de\/produkt\/hdm-7g\/","title":{"rendered":"Laser \u2013 Entfernungsmesser HDM-7G"},"content":{"rendered":"<div class=\"elementor-element elementor-element-87eacf6 elementor-widget elementor-widget-heading\" data-id=\"87eacf6\" data-element_type=\"widget\" data-widget_type=\"heading.default\">\n<div class=\"elementor-widget-container\">\n<h2 class=\"elementor-heading-title elementor-size-default\"><strong>Nivel System HDM-7G <\/strong><strong>pr\u00e4zise und funktionale Laser \u2013 Entfernungsmesser<\/strong><\/h2>\n<\/div>\n<\/div>\n<div class=\"elementor-element elementor-element-a87d091 elementor-widget elementor-widget-text-editor\" data-id=\"a87d091\" data-element_type=\"widget\" data-widget_type=\"text-editor.default\">\n<div class=\"elementor-widget-container\">\n<p>Hier pr\u00e4sentieren wir Ihnen eine Reihe der Laser \u2013 Entfernungsmesser von Nivel System, die sich perfekt f\u00fcr Messungen bei Bauarbeiten aller Art eignen. Es sind die besten Messger\u00e4te auf dem Markt zu diesem Preis. Dank den Messm\u00f6glichkeiten (gro\u00dfe Reichweite, hohe Genauigkeit) gew\u00e4hrleisten Entfernungsmesser eine genaue und schnelle L\u00e4ngenbestimmung. Sie lassen Entfernungen pr\u00e4zise messen und auf deren Grundlage verschiedene Berechnungen vorzunehmen. Der gr\u00fcne, gut sichtbare Laserpointer erleichtert das Zielen. Ein gro\u00dfer, \u00fcbersichtlicher und hintergrundbeleuchteter Bildschirm dient zum Ablesen der aktuellen Messergebnisse und Berechnungen. Software und Speicher f\u00fcr die letzten 100 Werte machen die Messung einfach, schnell und zuverl\u00e4ssig.<\/p>\n<div>\n<ul>\n<li><strong>Schnelle, pr\u00e4zise und zuverl\u00e4ssige Messungen \u2013<\/strong>\u00a0Genauigkeit von \u00b12,0 mm, Innen- und Au\u00dfenmessungen.<\/li>\n<li><strong>Moderner Prozessor<\/strong>\u00a0f\u00fcr schnelle und pr\u00e4zise Messungen.<\/li>\n<li><strong>Gro\u00dfe Messm\u00f6glichkeiten mit Aufzeichnung von bis zu 100 Werten \u2013\u00a0<\/strong>die Software der Entfernungsmesser erm\u00f6glicht es, Entfernungen zu messen und auf deren Basis Berechnungen durchzuf\u00fchren (z.B. Addieren, Subtrahieren, Fl\u00e4che, Volumen).<\/li>\n<li><strong>Messen an unzug\u00e4nglichen Stellen \u2013\u00a0<\/strong>mit der Pythagoras-Funktion k\u00f6nnen H\u00f6hen und Breiten indirekt gemessen werden.<\/li>\n<li><strong>Zus\u00e4tzliche Sonderfunktionen \u2013\u00a0<\/strong>Funktion \u201eMaler\u201c, mit der die Fl\u00e4che ausgew\u00e4hlter W\u00e4nde berechnet werden kann, Absteckung (zur Festsetzung regelm\u00e4\u00dfiger Abschnitte auf einer Linie, z.B. beim Aufstellen von S\u00e4ulen), Dauermessung, Funktion Min. \u2013 Max., Messverz\u00f6gerung, Kalibrierfunktion \u2013 alles, was die Bauarbeiten unterst\u00fctzen kann.<\/li>\n<li><strong>Arbeit ab Rand \u2013\u00a0<\/strong>Messungen k\u00f6nnen von der Stirn oder dem Sockel des Entfernungsmessers und dem Fu\u00df (bei Messungen in Ecken) durchgef\u00fchrt werden.<\/li>\n<li><strong>Klare Informationen \u2013\u00a0<\/strong>gro\u00dfes hinterleuchtetes Display zur \u00fcbersichtlichen Darstellung der wichtigsten Messdaten.<\/li>\n<li><strong>Einfach einzusetzen \u2013\u00a0<\/strong>Messen per ein Tastendruck; Tastenkombinationen beschleunigen den Zugriff auf die am h\u00e4ufigsten verwendeten Funktionen.<\/li>\n<li><strong>Klein und handlich \u2013\u00a0<\/strong>passt in jede Tasche; handliches Geh\u00e4use sorgt f\u00fcr sicheren Halt.<\/li>\n<li><strong>Sicherer Betrieb mehrere Jahre lang<\/strong>\u00a0\u2013 best\u00e4ndig gegen schwierige Arbeitsbedingungen auf der Baustelle, mit vollem Garantie- und Nachgarantieservice im autorisierten Kundendienst von Nivel System in Polen (TPI-Service).<\/li>\n<\/ul>\n<\/div>\n<\/div>\n<\/div>\n<div class=\"elementor-element elementor-element-bd3a840 elementor-widget elementor-widget-heading\" data-id=\"bd3a840\" data-element_type=\"widget\" data-widget_type=\"heading.default\">\n<div class=\"elementor-widget-container\">\n<h3 class=\"elementor-heading-title elementor-size-default\">Einsatzbereiche:<\/h3>\n<\/div>\n<\/div>\n<div class=\"elementor-element elementor-element-54b235a elementor-widget elementor-widget-text-editor\" data-id=\"54b235a\" data-element_type=\"widget\" data-widget_type=\"text-editor.default\">\n<div class=\"elementor-widget-container\">\n<ul>\n<li><span lang=\"de-DE\"><b>Kostensch\u00e4tzung<\/b><\/span><\/li>\n<li><span lang=\"de-DE\"><b>Ausbauarbeiten<\/b><\/span><\/li>\n<li><span lang=\"de-DE\"><b>Maurerarbeiten<\/b><\/span><\/li>\n<li><span lang=\"de-DE\"><b>Inspektion und \u00dcberwachung<\/b><\/span><\/li>\n<li><span lang=\"de-DE\"><b>Konstruktions- und Montagearbeiten<\/b><\/span><\/li>\n<li><span lang=\"de-DE\"><b>Versicherungen<\/b><\/span><\/li>\n<li><span lang=\"de-DE\"><b>Sonstige Arbeiten, die das Messen von Abst\u00e4nden, Fl\u00e4chen und Volumen erfordern<\/b><\/span><\/li>\n<\/ul>\n<\/div>\n<\/div>\n","protected":false},"excerpt":{"rendered":"<div class=\"elementor-element elementor-element-c25813a elementor-widget elementor-widget-text-editor\" data-id=\"c25813a\" data-element_type=\"widget\" data-widget_type=\"text-editor.default\">\n<div class=\"elementor-widget-container\">\n<div class=\"text-sm leading-normal text-excerpt mt-6\">\n<ul>\n<li><strong>Sehr gut sichtbarer gr\u00fcner Laserstrahl\u00a0<\/strong><\/li>\n<li><strong>Schnelle und pr\u00e4zise Messungen<\/strong>, Reichweite 70m<\/li>\n<li><strong>Messungen von Entfernung<\/strong>, Fl\u00e4chen, Volumen und indirekte Messungen<\/li>\n<li><strong>Maler-Abrechnungsfunktion, Speicher bis zu 100 Werte<\/strong><\/li>\n<li><strong>Jahrelanger sicherer Einsatz<\/strong>, zuverl\u00e4ssige, bew\u00e4hrte Ausf\u00fchrung (IP54)<\/li>\n<\/ul>\n[html_block id=\"30167\"]\n<\/div>\n<\/div>\n<\/div>\n","protected":false},"featured_media":26960,"template":"","meta":{"_acf_changed":false},"product_brand":[],"product_cat":[303],"product_tag":[],"branze":[],"class_list":{"0":"post-30409","1":"product","2":"type-product","3":"status-publish","4":"has-post-thumbnail","6":"product_cat-laser-entfernungsmesser","8":"first","9":"instock","10":"shipping-taxable","11":"product-type-simple"},"acf":[],"_links":{"self":[{"href":"https:\/\/nivelsystem.com\/de\/wp-json\/wp\/v2\/product\/30409","targetHints":{"allow":["GET"]}}],"collection":[{"href":"https:\/\/nivelsystem.com\/de\/wp-json\/wp\/v2\/product"}],"about":[{"href":"https:\/\/nivelsystem.com\/de\/wp-json\/wp\/v2\/types\/product"}],"version-history":[{"count":0,"href":"https:\/\/nivelsystem.com\/de\/wp-json\/wp\/v2\/product\/30409\/revisions"}],"wp:featuredmedia":[{"embeddable":true,"href":"https:\/\/nivelsystem.com\/de\/wp-json\/wp\/v2\/media\/26960"}],"wp:attachment":[{"href":"https:\/\/nivelsystem.com\/de\/wp-json\/wp\/v2\/media?parent=30409"}],"wp:term":[{"taxonomy":"product_brand","embeddable":true,"href":"https:\/\/nivelsystem.com\/de\/wp-json\/wp\/v2\/product_brand?post=30409"},{"taxonomy":"product_cat","embeddable":true,"href":"https:\/\/nivelsystem.com\/de\/wp-json\/wp\/v2\/product_cat?post=30409"},{"taxonomy":"product_tag","embeddable":true,"href":"https:\/\/nivelsystem.com\/de\/wp-json\/wp\/v2\/product_tag?post=30409"},{"taxonomy":"branze","embeddable":true,"href":"https:\/\/nivelsystem.com\/de\/wp-json\/wp\/v2\/branze?post=30409"}],"curies":[{"name":"wp","href":"https:\/\/api.w.org\/{rel}","templated":true}]}}