{"id":30279,"date":"1950-10-07T20:53:23","date_gmt":"1950-10-07T20:53:23","guid":{"rendered":"https:\/\/nivelsystem.com\/produkt\/sjj1\/"},"modified":"2024-07-05T07:30:16","modified_gmt":"2024-07-05T07:30:16","slug":"sjj1","status":"publish","type":"product","link":"https:\/\/nivelsystem.com\/de\/produkt\/sjj1\/","title":{"rendered":"Stativ SJJ1"},"content":{"rendered":"<div class=\"elementor-element elementor-element-63da071 elementor-widget elementor-widget-heading\" data-id=\"63da071\" data-element_type=\"widget\" data-widget_type=\"heading.default\">\n<div class=\"elementor-widget-container\">\n<h2 class=\"elementor-heading-title elementor-size-default\">Nivel System SJJ1<\/h2>\n<\/div>\n<\/div>\n<div class=\"elementor-element elementor-element-6531e03 elementor-widget elementor-widget-woocommerce-product-content\" data-id=\"6531e03\" data-element_type=\"widget\" data-widget_type=\"woocommerce-product-content.default\">\n<div class=\"elementor-widget-container\">\n<p>Ein Stativ geh\u00f6rt zum Messzubeh\u00f6r, das bei 90\u00a0% der Messarbeiten einfach unentbehrlich ist. Die Wahl des richtigen \u201eDreifu\u00dfes\u201c f\u00fcr die jeweilige Aufgabe gilt als H\u00e4lfte des beruflichen Erfolgs. F\u00fcr die Vermessung mit einem Tachymeter ist ein Holzstativ zu verwenden, das sehr steif ist und das Instrument stabil abst\u00fctzt. Bei Arbeiten mit einem optischen oder laserbasierten Nivellierger\u00e4t muss dagegen ein leichtes und einfach zu transportierendes Aluminiumstativ eingesetzt werden. Unser Angebot umfasst Stative, die bei der Durchf\u00fchrung aller Messaufgaben \u2013 ob bei der Vermessung oder bei allgemeinen Bauarbeiten \u2013 behilflich sind.<\/p>\n<ul>\n<li><strong>Leicht und langlebig \u2013\u00a0<\/strong>Aluminiumstative f\u00fcr optische Nivellierger\u00e4te, Baulaser und Theodolite. Der Kugelkopf erleichtert das schnelle Horizontieren des Instrumentes.<\/li>\n<li><strong>Schnelle Fu\u00dfverriegelung \u2013\u00a0<\/strong>Exzenterklemmen zum schnellen Ein- und Ausklappen des Stativs.<\/li>\n<li><strong>Witterungsbest\u00e4ndigkeit \u2013\u00a0<\/strong>sowohl Holz- als auch Aluminiumstative sind unempfindlich gegen Witterungen (Regen, Sonne). Die zeichnen sich durch eine hohe Best\u00e4ndigkeit gegen mechanische Besch\u00e4digungen aus und gew\u00e4hrleisten h\u00f6chste Pr\u00e4zision bei der Arbeit.<\/li>\n<\/ul>\n<\/div>\n<\/div>\n","protected":false},"excerpt":{"rendered":"<ul>\n<li><strong>Solide Bauweise<\/strong><\/li>\n<li><strong>Universelle Anwendung (f\u00fcr Nivellierger\u00e4te, Laser, Theodolite)<\/strong><\/li>\n<li><strong>Einfache Bedienung (Klemmen)<\/strong><\/li>\n<\/ul>\n","protected":false},"featured_media":26741,"template":"","meta":{"_acf_changed":false},"product_brand":[],"product_cat":[295],"product_tag":[],"branze":[],"class_list":{"0":"post-30279","1":"product","2":"type-product","3":"status-publish","4":"has-post-thumbnail","6":"product_cat-stative","8":"first","9":"instock","10":"shipping-taxable","11":"product-type-simple"},"acf":[],"_links":{"self":[{"href":"https:\/\/nivelsystem.com\/de\/wp-json\/wp\/v2\/product\/30279","targetHints":{"allow":["GET"]}}],"collection":[{"href":"https:\/\/nivelsystem.com\/de\/wp-json\/wp\/v2\/product"}],"about":[{"href":"https:\/\/nivelsystem.com\/de\/wp-json\/wp\/v2\/types\/product"}],"version-history":[{"count":0,"href":"https:\/\/nivelsystem.com\/de\/wp-json\/wp\/v2\/product\/30279\/revisions"}],"wp:featuredmedia":[{"embeddable":true,"href":"https:\/\/nivelsystem.com\/de\/wp-json\/wp\/v2\/media\/26741"}],"wp:attachment":[{"href":"https:\/\/nivelsystem.com\/de\/wp-json\/wp\/v2\/media?parent=30279"}],"wp:term":[{"taxonomy":"product_brand","embeddable":true,"href":"https:\/\/nivelsystem.com\/de\/wp-json\/wp\/v2\/product_brand?post=30279"},{"taxonomy":"product_cat","embeddable":true,"href":"https:\/\/nivelsystem.com\/de\/wp-json\/wp\/v2\/product_cat?post=30279"},{"taxonomy":"product_tag","embeddable":true,"href":"https:\/\/nivelsystem.com\/de\/wp-json\/wp\/v2\/product_tag?post=30279"},{"taxonomy":"branze","embeddable":true,"href":"https:\/\/nivelsystem.com\/de\/wp-json\/wp\/v2\/branze?post=30279"}],"curies":[{"name":"wp","href":"https:\/\/api.w.org\/{rel}","templated":true}]}}