{"id":30213,"date":"1950-12-02T14:26:05","date_gmt":"1950-12-02T14:26:05","guid":{"rendered":"https:\/\/nivelsystem.com\/produkt\/ts-50\/"},"modified":"2024-07-04T12:25:47","modified_gmt":"2024-07-04T12:25:47","slug":"ts-50","status":"publish","type":"product","link":"https:\/\/nivelsystem.com\/de\/produkt\/ts-50\/","title":{"rendered":"Aufn\u00e4her TS-50"},"content":{"rendered":"<div class=\"elementor-element elementor-element-63da071 elementor-widget elementor-widget-heading\" data-id=\"63da071\" data-element_type=\"widget\" data-widget_type=\"heading.default\">\n<div class=\"elementor-widget-container\">\n<h2 class=\"elementor-heading-title elementor-size-default\">Nivel System TS-50: robuste Teleskoplatte f\u00fcr den Einsatz mit optischen Nivellierger\u00e4ten.<\/h2>\n<\/div>\n<\/div>\n<div class=\"elementor-element elementor-element-6531e03 elementor-widget elementor-widget-woocommerce-product-content\" data-id=\"6531e03\" data-element_type=\"widget\" data-widget_type=\"woocommerce-product-content.default\">\n<div class=\"elementor-widget-container\">\n<p>Bei Nivelliermessungen dienen die Latten als Ableseelement, mit dem die H\u00f6he oder die H\u00f6hendifferenz zwischen Punkten bestimmt wird. Die Genauigkeit der Beschreibungen und die Robustheit der Konstruktion haben einen enormen Einfluss auf die Endgenauigkeit der nivellierten Punkte. Andererseits entscheidet die hohe Verarbeitungsqualit\u00e4t (mechanische Verbindungen, Teleskopverriegelungen) \u00fcber die Haltbarkeit der Produkte und deren St\u00f6rfreiheit. Das Angebot umfasst ein komplettes Sortiment an Nivellierlatten \u2013 von pr\u00e4zisen Invarlatten zum pr\u00e4zisen Nivellieren \u00fcber traditionelle Holzlatten und Aluminium-Teleskoplatten bis hin zu speziellen Laserlatten mit Millimeterteilung.<\/p>\n<h2><strong>Teleskoplatte TS-50<\/strong><\/h2>\n<ul>\n<li>Die Beschreibung vom Typ\u00a0E erm\u00f6glicht ein einfaches und pr\u00e4zises Ablesen der Messwerte.<\/li>\n<li>Die hohe Druckqualit\u00e4t garantiert korrekte Messungen.<\/li>\n<li>Klemme mit hochfestem Metallring.<\/li>\n<\/ul>\n<\/div>\n<\/div>\n<div class=\"elementor-element elementor-element-abd2148 elementor-widget elementor-widget-heading\" data-id=\"abd2148\" data-element_type=\"widget\" data-widget_type=\"heading.default\">\n<div class=\"elementor-widget-container\">\n<h3 class=\"elementor-heading-title elementor-size-default\">Applications:<\/h3>\n<\/div>\n<\/div>\n<div class=\"elementor-element elementor-element-52c245d elementor-widget elementor-widget-text-editor\" data-id=\"52c245d\" data-element_type=\"widget\" data-widget_type=\"text-editor.default\">\n<div class=\"elementor-widget-container\">\n<ul>\n<li><strong>F\u00fcr verschiedene Aufgaben \u2013\u00a0<\/strong>Invarlatten zum Pr\u00e4zisionsnivellieren, Holzlatten zum genauen Nivellieren von Liniennetzen, Aluminium- und Glasfaserlatten mit Typenbezeichnung \u201eE\u201c auf der einen Seite und Millimeterteilung auf der anderen zum schnellen Nivellieren auf Baustellen, Speziallatten f\u00fcr Lasernivellierger\u00e4te, L\u00e4ngen von 2,4 m bis 7 m \u2013 alles, was das Herz begehrt!<\/li>\n<li><strong>Immer im Lot<\/strong>\u00a0\u2013 Latten, die f\u00fcr Dosenlibellen geeignet sind.<\/li>\n<li><strong>Bequeme Bedienung<\/strong>\u00a0\u2013 die Teleskoplatten aus Aluminium lassen sich schnell und einfach aus-\/einklappen und im Kofferraum eines PKW stauen.<\/li>\n<li><strong>Witterungsbest\u00e4ndigkeit<\/strong>\u00a0\u2013 sowohl Holz- als auch Aluminiumlatten sind wasser-, feuchte- und temperaturbest\u00e4ndig und gew\u00e4hrleisten eine hohe Messgenauigkeit unter allen Bedingungen.<\/li>\n<li><strong>Schutz vor Besch\u00e4digung und Schmutz<\/strong>\u00a0\u2013 die Latten werden in der Regel in Schutzh\u00fcllen verkauft.<\/li>\n<\/ul>\n<\/div>\n<\/div>\n","protected":false},"excerpt":{"rendered":"<ul>\n<li><strong>Solide Bauweise<\/strong><\/li>\n<li><strong>Best\u00e4ndiger Aufdruck der Graduierungen<\/strong><\/li>\n<li><strong>Schutzh\u00fclle und Dosenlibelle im Satz<\/strong><\/li>\n<\/ul>\n","protected":false},"featured_media":26831,"template":"","meta":{"_acf_changed":false},"product_brand":[],"product_cat":[301],"product_tag":[],"branze":[],"class_list":{"0":"post-30213","1":"product","2":"type-product","3":"status-publish","4":"has-post-thumbnail","6":"product_cat-teleskop-und-laserlatten","8":"first","9":"instock","10":"shipping-taxable","11":"product-type-simple"},"acf":[],"_links":{"self":[{"href":"https:\/\/nivelsystem.com\/de\/wp-json\/wp\/v2\/product\/30213","targetHints":{"allow":["GET"]}}],"collection":[{"href":"https:\/\/nivelsystem.com\/de\/wp-json\/wp\/v2\/product"}],"about":[{"href":"https:\/\/nivelsystem.com\/de\/wp-json\/wp\/v2\/types\/product"}],"version-history":[{"count":0,"href":"https:\/\/nivelsystem.com\/de\/wp-json\/wp\/v2\/product\/30213\/revisions"}],"wp:featuredmedia":[{"embeddable":true,"href":"https:\/\/nivelsystem.com\/de\/wp-json\/wp\/v2\/media\/26831"}],"wp:attachment":[{"href":"https:\/\/nivelsystem.com\/de\/wp-json\/wp\/v2\/media?parent=30213"}],"wp:term":[{"taxonomy":"product_brand","embeddable":true,"href":"https:\/\/nivelsystem.com\/de\/wp-json\/wp\/v2\/product_brand?post=30213"},{"taxonomy":"product_cat","embeddable":true,"href":"https:\/\/nivelsystem.com\/de\/wp-json\/wp\/v2\/product_cat?post=30213"},{"taxonomy":"product_tag","embeddable":true,"href":"https:\/\/nivelsystem.com\/de\/wp-json\/wp\/v2\/product_tag?post=30213"},{"taxonomy":"branze","embeddable":true,"href":"https:\/\/nivelsystem.com\/de\/wp-json\/wp\/v2\/branze?post=30213"}],"curies":[{"name":"wp","href":"https:\/\/api.w.org\/{rel}","templated":true}]}}