{"id":30197,"date":"1950-12-05T13:39:43","date_gmt":"1950-12-05T13:39:43","guid":{"rendered":"https:\/\/nivelsystem.com\/produkt\/ts-5\/"},"modified":"2024-07-04T12:25:18","modified_gmt":"2024-07-04T12:25:18","slug":"ts-5","status":"publish","type":"product","link":"https:\/\/nivelsystem.com\/de\/produkt\/ts-5\/","title":{"rendered":"Aufn\u00e4her TS-5"},"content":{"rendered":"<div class=\"elementor-element elementor-element-63da071 elementor-widget elementor-widget-heading\" data-id=\"63da071\" data-element_type=\"widget\" data-widget_type=\"heading.default\">\n<div class=\"elementor-widget-container\">\n<h2 class=\"elementor-heading-title elementor-size-default\">Nivel System TS-5: strichcodelatte f\u00fcr Digitalnivellierger\u00e4t EL-32 (5m)<\/h2>\n<\/div>\n<\/div>\n<div class=\"elementor-element elementor-element-6531e03 elementor-widget elementor-widget-woocommerce-product-content\" data-id=\"6531e03\" data-element_type=\"widget\" data-widget_type=\"woocommerce-product-content.default\">\n<div class=\"elementor-widget-container\">\n<p>Langlebig, robuste Konstruktion und gute Best\u00e4ndigkeit gegen Besch\u00e4digung und Verschlei\u00df.<\/p>\n<p>Vorgesehen f\u00fcr die Verwendung mit dem Nivel System EL-32 Digitalnivellierger\u00e4t.<\/p>\n<p>Die Skala mit Barcode erm\u00f6glicht ein einfaches und genaues Ablesen der Messwerte.<\/p>\n<p>Hergestellt aus einer leichten Aluminiumlegierung, mit Schutz f\u00fcr den Anschluss der Profile. Integrierte Rundlibelle und Transporttasche.<\/p>\n<p>Arbeitsl\u00e4nge von 5 m erm\u00f6glicht den Einsatz auch in stark geneigtem Gel\u00e4nde (Baugruben, Gr\u00e4ben, etc.).<\/p>\n<p>Leicht zu transportieren mit einer Transportl\u00e4nge von 1,5 m.<\/p>\n<\/div>\n<\/div>\n","protected":false},"excerpt":{"rendered":"<ul>\n<li>Robuste Konstruktion<\/li>\n<li>Dauerhafter Skalenaufdruck<\/li>\n<li>Inklusive einer Rundlibelle, mit Tragetasche<\/li>\n<\/ul>\n","protected":false},"featured_media":26810,"template":"","meta":{"_acf_changed":false},"product_brand":[],"product_cat":[301],"product_tag":[],"branze":[],"class_list":{"0":"post-30197","1":"product","2":"type-product","3":"status-publish","4":"has-post-thumbnail","6":"product_cat-teleskop-und-laserlatten","8":"first","9":"instock","10":"shipping-taxable","11":"product-type-simple"},"acf":[],"_links":{"self":[{"href":"https:\/\/nivelsystem.com\/de\/wp-json\/wp\/v2\/product\/30197","targetHints":{"allow":["GET"]}}],"collection":[{"href":"https:\/\/nivelsystem.com\/de\/wp-json\/wp\/v2\/product"}],"about":[{"href":"https:\/\/nivelsystem.com\/de\/wp-json\/wp\/v2\/types\/product"}],"version-history":[{"count":0,"href":"https:\/\/nivelsystem.com\/de\/wp-json\/wp\/v2\/product\/30197\/revisions"}],"wp:featuredmedia":[{"embeddable":true,"href":"https:\/\/nivelsystem.com\/de\/wp-json\/wp\/v2\/media\/26810"}],"wp:attachment":[{"href":"https:\/\/nivelsystem.com\/de\/wp-json\/wp\/v2\/media?parent=30197"}],"wp:term":[{"taxonomy":"product_brand","embeddable":true,"href":"https:\/\/nivelsystem.com\/de\/wp-json\/wp\/v2\/product_brand?post=30197"},{"taxonomy":"product_cat","embeddable":true,"href":"https:\/\/nivelsystem.com\/de\/wp-json\/wp\/v2\/product_cat?post=30197"},{"taxonomy":"product_tag","embeddable":true,"href":"https:\/\/nivelsystem.com\/de\/wp-json\/wp\/v2\/product_tag?post=30197"},{"taxonomy":"branze","embeddable":true,"href":"https:\/\/nivelsystem.com\/de\/wp-json\/wp\/v2\/branze?post=30197"}],"curies":[{"name":"wp","href":"https:\/\/api.w.org\/{rel}","templated":true}]}}