{"id":118613,"date":"2020-06-05T09:15:51","date_gmt":"2020-06-05T09:15:51","guid":{"rendered":"https:\/\/nivelsystem.com\/?post_type=product&#038;p=118613"},"modified":"2026-05-11T12:46:30","modified_gmt":"2026-05-11T12:46:30","slug":"baulaser-clx3b-motor","status":"publish","type":"product","link":"https:\/\/nivelsystem.com\/de\/produkt\/baulaser-clx3b-motor\/","title":{"rendered":"Baulaser CLx3B MOTOR"},"content":{"rendered":"<h2><strong>Der Nivel System\u00a0<\/strong><strong>CLx3B<\/strong><strong> MOTOR\u00a0<\/strong><strong>ist ein 3D-Mehrzweck-Kreuzlinienlaser<\/strong><\/h2>\n<p>Mit dem Ger\u00e4t projizieren Sie perfekt nivellierte Referenzlinien an die Wand (horizontal und vertikal) zur Unterst\u00fctzung von Ausbau- und allgemeinen Bauarbeiten aller Art. Mit den zwei Laserk\u00f6pfen kann mit zwei 360\u00b0-Laserebenen gearbeitet werden. Durch gleichzeitige Anzeige dieser Ebenen lassen sich rechte Winkel bestimmen. Diese Option ist unter anderem bei Bau- und Ausbauarbeiten (z.B. beim Fliesenlegen) hilfreich. Der Kompensator l\u00e4sst sich arretieren und so k\u00f6nnen durch Neigen des Ger\u00e4tes auch schr\u00e4ge Linien projiziert werden. Mit dem integrierten Stativgewinde l\u00e4sst sich das Instrument sicher und stabil auf einem Stativ, Adapter oder einer Wandhalterung festmachen. Die verst\u00e4rkten Geh\u00e4useteile sch\u00fctzen das Ger\u00e4t vor Besch\u00e4digungen durch St\u00f6\u00dfe und Schl\u00e4ge. Der Laser ist mit einem motorisierten Zentrieradapter ausgestattet, der den Schnittpunkt der vertikalen Ebenen w\u00e4hrend der Rotation (links\/rechts) konstant h\u00e4lt, sowie mit einem motorisierten H\u00f6henverstellmechanismus, der die mechanische Justierung von Richtung und H\u00f6he des Laserstrahls erm\u00f6glicht. Die Steuerung erfolgt sowohl direkt am Ger\u00e4t als auch per App. Der Laser verf\u00fcgt zudem \u00fcber eine automatische Laserstrahl-Such- und Ausrichtungsfunktion, die in Verbindung mit einem speziellen Lasersensor realisiert wird.<\/p>\n<ul>\n<li><strong>Genauigkeit und Zuverl\u00e4ssigkeit<\/strong> \u2013 Gut sichtbare <strong>blauer<\/strong> Laserlinie, die ein Arbeiten mit einer Genauigkeit von \u00b1 2 mm\/10 m erm\u00f6glicht<\/li>\n<li><strong>Vielseitigkeit und Multifunktionalit\u00e4t<\/strong>\u2013 3 Laserebenen (360 \u00b0)<\/li>\n<li><strong>digitale Anzeigen\u00a0\u2013\u00a0M\u00f6glichkeit, mit dem digitalen Lasersensor zu arbeiten, bei dem die H\u00f6hendifferenzen in Millimetern angezeigt werden\u00a0<\/strong><\/li>\n<li><strong>schnelle Nivellierung<\/strong>\u00a0\u2013 Die moderne magnetische Schwingungskompensation gew\u00e4hrleistet eine schnelle Vorbereitung des Ger\u00e4tes auf den Betrieb. Es werden stabile Laserlinien projiziert, auch auf instabilem Untergrund und nach den Arretieren kann auch mit Schr\u00e4gen gearbeitet werden<\/li>\n<li><strong>noch gr\u00f6\u00dfere Reichweite<\/strong>\u00a0\u2013 Dank der Pulsfunktion kann mit dem Lasersensor auch \u00fcber gro\u00dfe Entfernungen au\u00dferhalb von Geb\u00e4uden gearbeitet werden (Arbeitsdurchmesser 140m)<\/li>\n<li><strong>intuitive Bedienung<\/strong>\u00a0\u2013 einfach und schnell zu bedienendes Bedienfeld mit App f\u00fcr mobile Endger\u00e4te (Bluetooth)<\/li>\n<li><strong>Motorisierter Adapter und Laserlift <\/strong>\u2013 schnelle und pr\u00e4zise Justierung von Laserstrahlen (Lot, Wasserwaage), auch ferngesteuert \u00fcber eine mobile Anwendung<\/li>\n<li><strong>effiziente Stromversorgung<\/strong>\u00a0\u2013 Li-Ionen-Akku (8000mAh) ohne Memory-Effekt, der w\u00e4hrend des Betriebs geladen wird<\/li>\n<li><strong>unempfindlich gegen mechanische Besch\u00e4digungen und langlebig<\/strong>\u00a0\u2013 gepanzertes, verst\u00e4rktes Metallgeh\u00e4use, Laserk\u00f6pfe mit Metallabdeckungen, sto\u00dfd\u00e4mpfende Gummiecken zum Schutz des Lasers vor Besch\u00e4digungen durch Schl\u00e4ge und St\u00f6\u00dfe, staub- und spritzwasserdicht (IP54)<\/li>\n<\/ul>\n<h2><strong>Schnelle und einfache Messungen<\/strong><\/h2>\n<p>Der Laser nivelliert sich beim Einschalten selbst und ist sofort einsatzbereit. Der emittierte blaue Laserstrahl ist um ein Vielfaches besser sichtbar als der rote und etwas d\u00fcnner als der gr\u00fcne (zudem ist das blaue Licht klarer, was den Arbeitskomfort in kleinen R\u00e4umen und bei der Bearbeitung polierter Fliesen erh\u00f6ht \u2013 der Laser verursacht keine Augenbelastung). Auch in sonnigen R\u00e4umen kann damit gearbeitet werden.<\/p>\n<h2><strong>Vielseitige Einsetzbarkeit<\/strong><\/h2>\n<p>Mit dem Ger\u00e4t kann sowohl mit einer horizontalen als auch einer vertikalen Laserlinie gearbeitet werden. Die 3 Ebenen k\u00f6nnen gleichzeitig angezeigt werden.<\/p>\n<h2><strong>Zuverl\u00e4ssigkeit auf der Baustelle<\/strong><\/h2>\n<p>Das Ger\u00e4t ist staub- und spritzwasserfest (IP54). Das Ger\u00e4tegeh\u00e4use ist zus\u00e4tzlich mit Metallelementen verst\u00e4rkt. Dadurch ist ein sicherer Gebrauch auch unter schwierigen Bedingungen auf der Baustelle gew\u00e4hrleistet.<\/p>\n<h2><strong>Intuitive Bedienung<\/strong><\/h2>\n<p>Das Ger\u00e4t verf\u00fcgt \u00fcber ein intuitives Bedienfeld. Der motorisierte Laserlift erm\u00f6glicht eine schnelle und pr\u00e4zise horizontale Justierung der Laserlinie (nach oben und unten), auch per App. Das mechanische Rotationssystem (nach links und rechts) erlaubt die pr\u00e4zise Einstellung der Richtung der angezeigten Laserlinie, ebenfalls per App. Das System ist mit der Sensorsuchfunktion kompatibel, d. h. der Laserstrahl richtet sich automatisch auf den Mittelpunkt des Lasersensors aus (erfordert den Sensor Nivel System CLS-310). Dank des integrierten Bluetooth-Moduls k\u00f6nnen Anwender die Funktionen des Lasers \u00fcber ihre Mobilger\u00e4te steuern. Das kompakte Geh\u00e4use macht den Laser tragbar und erm\u00f6glicht eine einfache Installation vor Ort sowie einen problemlosen Transport.<\/p>\n<p><img fetchpriority=\"high\" decoding=\"async\" class=\"alignnone size-medium wp-image-118574 alignright\" src=\"https:\/\/nivelsystem.com\/wp-content\/uploads\/2026\/03\/adapter_CLx3_Motor-289x300.jpg\" alt=\"Adapter CLx3 Motor\" width=\"289\" height=\"300\" title=\"\" srcset=\"https:\/\/nivelsystem.com\/wp-content\/uploads\/2026\/03\/adapter_CLx3_Motor-289x300.jpg 289w, https:\/\/nivelsystem.com\/wp-content\/uploads\/2026\/03\/adapter_CLx3_Motor-150x156.jpg 150w, https:\/\/nivelsystem.com\/wp-content\/uploads\/2026\/03\/adapter_CLx3_Motor.jpg 394w\" sizes=\"(max-width: 289px) 100vw, 289px\" \/><\/p>\n<h2><strong>Motorisierter Zentrieradapter <\/strong><\/h2>\n<p>Das Ger\u00e4t verf\u00fcgt \u00fcber einen motorisierten Adapter, der eine pr\u00e4zise Justierung der vertikalen Linienrichtung erm\u00f6glicht. Der Laser ist so positioniert, dass der Schnittpunkt der vertikalen Ebenen mit dem Punkt \u00fcbereinstimmt, von dem die gew\u00fcnschte Linie gezeichnet werden soll. Der Adapter erm\u00f6glicht eine pr\u00e4zise Ausrichtung der Linie in die gew\u00fcnschte Richtung innerhalb eines Bereichs von \u00b15\u00b0, und eine Drehung nach links oder rechts ver\u00e4ndert den Startpunkt (den Schnittpunkt der vertikalen Linien) nicht.<\/p>\n<p><img decoding=\"async\" class=\"alignnone size-full wp-image-105345 alignright\" src=\"https:\/\/nivelsystem.com\/wp-content\/uploads\/2024\/05\/wiazka_laserowa.jpg\" alt=\"wi\u0105zka zielona vs. niebieska\" width=\"225\" height=\"217\" title=\"\" srcset=\"https:\/\/nivelsystem.com\/wp-content\/uploads\/2024\/05\/wiazka_laserowa.jpg 225w, https:\/\/nivelsystem.com\/wp-content\/uploads\/2024\/05\/wiazka_laserowa-150x145.jpg 150w\" sizes=\"(max-width: 225px) 100vw, 225px\" \/><\/p>\n<h2><strong>BLAUER LASERSTRAHL vs. GR\u00dcNER LASERSTRAHL<\/strong><\/h2>\n<p>Der blaue Laserstrahl \u00e4hnelt farblich dem gr\u00fcnen Strahl \u2013 dies liegt an den geringf\u00fcgigen Unterschieden in der Wellenl\u00e4nge (blau: 505 nm, gr\u00fcn: 515 nm) \u2013 und gew\u00e4hrleistet so eine vergleichbare Sichtbarkeit. Der blaue Strahl hat zudem sehr scharfe Kanten und ist etwas d\u00fcnner als der gr\u00fcne. Er ist klarer und nicht \u00fcberbelichtet, was sich direkt auf den Arbeitskomfort auswirkt. Blaue Laser (505 nm) werden f\u00fcr alle Arbeiten empfohlen, die hohe Pr\u00e4zision erfordern.<\/p>\n<p>&nbsp;<\/p>\n<p><a href=\"https:\/\/play.google.com\/store\/apps\/details?id=com.pairlink.futian.cl4d&amp;hl=pl&amp;gl=US\" target=\"_blank\" rel=\"noopener\"><img decoding=\"async\" class=\"alignnone wp-image-22021\" src=\"https:\/\/nivelsystem.com\/wp-content\/uploads\/2021\/06\/GP_button-300x97.jpg\" alt=\"\" width=\"100\" height=\"32\" title=\"\" srcset=\"https:\/\/nivelsystem.com\/wp-content\/uploads\/2021\/06\/GP_button-300x97.jpg 300w, https:\/\/nivelsystem.com\/wp-content\/uploads\/2021\/06\/GP_button-768x248.jpg 768w, https:\/\/nivelsystem.com\/wp-content\/uploads\/2021\/06\/GP_button-150x49.jpg 150w, https:\/\/nivelsystem.com\/wp-content\/uploads\/2021\/06\/GP_button.jpg 986w\" sizes=\"(max-width: 100px) 100vw, 100px\" \/><\/a> <a href=\"https:\/\/apps.apple.com\/pl\/app\/cl4d\/id1550265610?l=pl\" target=\"_blank\" rel=\"noopener\"><img loading=\"lazy\" decoding=\"async\" class=\"alignnone wp-image-22020\" src=\"https:\/\/nivelsystem.com\/wp-content\/uploads\/2021\/06\/Apple_button-300x97.jpg\" alt=\"\" width=\"100\" height=\"32\" title=\"\" srcset=\"https:\/\/nivelsystem.com\/wp-content\/uploads\/2021\/06\/Apple_button-300x97.jpg 300w, https:\/\/nivelsystem.com\/wp-content\/uploads\/2021\/06\/Apple_button-768x248.jpg 768w, https:\/\/nivelsystem.com\/wp-content\/uploads\/2021\/06\/Apple_button-150x48.jpg 150w, https:\/\/nivelsystem.com\/wp-content\/uploads\/2021\/06\/Apple_button.jpg 989w\" sizes=\"(max-width: 100px) 100vw, 100px\" \/><\/a><\/p>\n<h2><strong style=\"color: #1b1919; font-size: 24px;\">Entworfen in Europe<\/strong><\/h2>\n<p><img loading=\"lazy\" decoding=\"async\" class=\"wp-image-42662 alignleft\" src=\"https:\/\/nivelsystem.com\/wp-content\/uploads\/2020\/06\/logo_EU_projecy-300x192.png\" alt=\"\" width=\"156\" height=\"100\" title=\"\" srcset=\"https:\/\/nivelsystem.com\/wp-content\/uploads\/2020\/06\/logo_EU_projecy-300x192.png 300w, https:\/\/nivelsystem.com\/wp-content\/uploads\/2020\/06\/logo_EU_projecy-150x96.png 150w, https:\/\/nivelsystem.com\/wp-content\/uploads\/2020\/06\/logo_EU_projecy.png 364w\" sizes=\"(max-width: 156px) 100vw, 156px\" \/><\/p>\n<p><strong>\u00a0Die wertvollste Erfahrung ist das Denken \u00fcber den Tellerrand hinaus!<\/strong><\/p>\n<p>Die neueste Serie von CL Kreuzlinien- und NL Rotationslasern wurde in Polen entwickelt und konstruiert. Design ist das Ergebnis aus Erfahrung in der Entwicklung von Messtechnik und gleichzeitig der F\u00e4higkeit, \u00fcber den Tellerrand zu schauen.<\/p>\n","protected":false},"excerpt":{"rendered":"<ul>\n<li><strong>innovativer Baulaser mit <\/strong><strong>blauer<\/strong><strong>\u00a0<\/strong><strong>Laserlinie\u00a0<\/strong>\u2013 drei 360\u00b0 Laserlinien\u00b0 (2 x vertikal, 1 x horizontal)<\/li>\n<li><strong>sehr gute Sichtbarkeit, klare Laserlinien<\/strong>\u00a0\u2013 hohe Messgenauigkeit\u00a0(2,0mm\/10m)<\/li>\n<li><strong>Motorisiertes Tr\u00e4gerverstellsystem \u2013 horizontal und vertikal<\/strong><\/li>\n<li><strong>universelle Einsetzbarkeit\u00a0<\/strong>\u2013 f\u00fcr Arbeiten im Innen- und Au\u00dfenbereich (bis 70m), auch mit geneigten Laserebenen<\/li>\n<li><strong>pr\u00e4zise Richtungseinstellung<\/strong>\u00a0\u2013 Zentrieradapter<\/li>\n<li><strong>sichere Nutzung \u00fcber viele Jahre<\/strong>, grundsolide, bew\u00e4hrte Bauweise (IP54)<\/li>\n<\/ul>\n[html_block id=\"30167\"]\n","protected":false},"featured_media":118311,"template":"","meta":{"_acf_changed":false},"product_brand":[],"product_cat":[284],"product_tag":[],"branze":[],"class_list":{"0":"post-118613","1":"product","2":"type-product","3":"status-publish","4":"has-post-thumbnail","6":"product_cat-kreuz-linienlaser","8":"first","9":"instock","10":"shipping-taxable","11":"product-type-simple"},"acf":[],"_links":{"self":[{"href":"https:\/\/nivelsystem.com\/de\/wp-json\/wp\/v2\/product\/118613","targetHints":{"allow":["GET"]}}],"collection":[{"href":"https:\/\/nivelsystem.com\/de\/wp-json\/wp\/v2\/product"}],"about":[{"href":"https:\/\/nivelsystem.com\/de\/wp-json\/wp\/v2\/types\/product"}],"version-history":[{"count":7,"href":"https:\/\/nivelsystem.com\/de\/wp-json\/wp\/v2\/product\/118613\/revisions"}],"predecessor-version":[{"id":118951,"href":"https:\/\/nivelsystem.com\/de\/wp-json\/wp\/v2\/product\/118613\/revisions\/118951"}],"wp:featuredmedia":[{"embeddable":true,"href":"https:\/\/nivelsystem.com\/de\/wp-json\/wp\/v2\/media\/118311"}],"wp:attachment":[{"href":"https:\/\/nivelsystem.com\/de\/wp-json\/wp\/v2\/media?parent=118613"}],"wp:term":[{"taxonomy":"product_brand","embeddable":true,"href":"https:\/\/nivelsystem.com\/de\/wp-json\/wp\/v2\/product_brand?post=118613"},{"taxonomy":"product_cat","embeddable":true,"href":"https:\/\/nivelsystem.com\/de\/wp-json\/wp\/v2\/product_cat?post=118613"},{"taxonomy":"product_tag","embeddable":true,"href":"https:\/\/nivelsystem.com\/de\/wp-json\/wp\/v2\/product_tag?post=118613"},{"taxonomy":"branze","embeddable":true,"href":"https:\/\/nivelsystem.com\/de\/wp-json\/wp\/v2\/branze?post=118613"}],"curies":[{"name":"wp","href":"https:\/\/api.w.org\/{rel}","templated":true}]}}