{"id":118524,"date":"1950-06-09T13:18:49","date_gmt":"1950-06-09T13:18:49","guid":{"rendered":"https:\/\/nivelsystem.com\/?post_type=product&#038;p=118524"},"modified":"2026-04-14T09:04:49","modified_gmt":"2026-04-14T09:04:49","slug":"lasersensor-cls-310-digital","status":"publish","type":"product","link":"https:\/\/nivelsystem.com\/de\/produkt\/lasersensor-cls-310-digital\/","title":{"rendered":"Lasersensor CLS-310 Digital"},"content":{"rendered":"<h2 data-section-id=\"1o01tua\" data-start=\"444\" data-end=\"532\">Lasersensor CLS-310 Digital \u2013 Pr\u00e4zise Messungen f\u00fcr Kreuzlinien<\/h2>\n<p data-start=\"530\" data-end=\"890\">Der <strong data-start=\"534\" data-end=\"568\">Laserempf\u00e4nger CLS-310 Digital<\/strong> ist ein modernes Ger\u00e4t zur pr\u00e4zisen Erfassung des Laserstrahls, der von <strong data-start=\"641\" data-end=\"662\">Kreuzlinienlasern<\/strong> ausgesendet wird. Dank seiner Vielseitigkeit und fortschrittlichen Funktionen eignet sich der Empf\u00e4nger sowohl f\u00fcr <strong data-start=\"778\" data-end=\"833\">Bauwesen, Vermessung als auch Installationsarbeiten<\/strong>, bei denen eine hohe Messgenauigkeit entscheidend ist.<\/p>\n<p data-start=\"892\" data-end=\"1081\">Er ist kompatibel mit <strong data-start=\"914\" data-end=\"960\">roten, gr\u00fcnen, blauen und violetten Lasern<\/strong>, was ihn zu einem vielseitigen Werkzeug macht, das auch unter unterschiedlichen Lichtbedingungen zuverl\u00e4ssig arbeitet.<\/p>\n<p data-start=\"1083\" data-end=\"1245\">Bei der Arbeit mit <strong data-start=\"1102\" data-end=\"1139\">motorisierten Lasern (CLx3 MOTOR)<\/strong> kann der Empf\u00e4nger den Laserstrahl erfassen und ihn automatisch auf den exakten ausrichten.<\/p>\n<h2 data-section-id=\"1ntrxx5\" data-start=\"1247\" data-end=\"1301\">Pr\u00e4ziser Strahlempfang und gro\u00dfer Detektionsbereich<\/h2>\n<p data-start=\"1303\" data-end=\"1506\">Einer der wichtigsten Vorteile des <strong data-start=\"1338\" data-end=\"1357\">CLS-310 Digital<\/strong> ist sein <strong data-start=\"1367\" data-end=\"1410\">gro\u00dfer Lasererfassungsbereich von 70 mm<\/strong>. Dadurch kann die Laserlinie schneller erkannt und Messungen effizienter durchgef\u00fchrt werden.<\/p>\n<p data-start=\"1508\" data-end=\"1664\">Der Empf\u00e4nger erkennt den Laserstrahl auch unter schwierigen Bedingungen, beispielsweise bei <strong data-start=\"1601\" data-end=\"1663\">intensiver Sonneneinstrahlung oder gro\u00dfen Messentfernungen<\/strong>.<\/p>\n<p data-start=\"1666\" data-end=\"1742\">Dank der <strong data-start=\"1675\" data-end=\"1702\">einstellbaren Pr\u00e4zision<\/strong> bietet das Ger\u00e4t drei Genauigkeitsmodi:<\/p>\n<p data-start=\"1744\" data-end=\"1884\"><strong data-start=\"1744\" data-end=\"1752\">1 mm<\/strong> \u2013 f\u00fcr besonders pr\u00e4zise Arbeiten, z. B. bei der Montage von abgeh\u00e4ngten Decken, beim Fliesenlegen oder beim Nivellieren von B\u00f6den<\/p>\n<p data-start=\"1886\" data-end=\"1979\"><strong data-start=\"1886\" data-end=\"1894\">2 mm<\/strong> \u2013 ideal f\u00fcr typische Bauarbeiten, bei denen eine hohe Genauigkeit erforderlich ist<\/p>\n<p data-start=\"1981\" data-end=\"2112\"><strong data-start=\"1981\" data-end=\"1989\">5 mm<\/strong> \u2013 f\u00fcr Messungen, bei denen <strong data-start=\"2017\" data-end=\"2065\">schnelles Arbeiten und einfache Ablesbarkeit<\/strong> wichtig sind, z. B. bei Gel\u00e4nde-Nivellierungen<\/p>\n<h2 data-section-id=\"14e7naa\" data-start=\"2114\" data-end=\"2169\">Intelligente H\u00f6henkontrolle und gut lesbare Displays<\/h2>\n<p data-start=\"2171\" data-end=\"2415\">Der <strong data-start=\"2175\" data-end=\"2194\">CLS-310 Digital<\/strong> verf\u00fcgt \u00fcber ein <strong data-start=\"2212\" data-end=\"2275\">fortschrittliches System zur Messung von H\u00f6henunterschieden<\/strong>, das nicht nur die Position des Laserstrahls anzeigt, sondern auch <strong data-start=\"2343\" data-end=\"2414\">den exakten H\u00f6henunterschied in Millimetern berechnet und darstellt<\/strong>.<\/p>\n<p data-start=\"2417\" data-end=\"2569\">Dadurch erh\u00e4lt der Benutzer sofort pr\u00e4zise Informationen \u00fcber die Abweichung, was die Arbeit erleichtert und zus\u00e4tzliche Berechnungen \u00fcberfl\u00fcssig macht.<\/p>\n<p data-start=\"2571\" data-end=\"2732\">Das Ger\u00e4t ist mit einem <strong data-start=\"2595\" data-end=\"2634\">gro\u00dfen und gut lesbaren LCD-Display<\/strong> ausgestattet, das auch unter schwierigen Arbeitsbedingungen eine komfortable Ablesung erm\u00f6glicht.<\/p>\n<p data-start=\"2734\" data-end=\"2896\">Zus\u00e4tzlich befindet sich auf der R\u00fcckseite des Empf\u00e4ngers <strong data-start=\"2792\" data-end=\"2815\">ein zweites Display<\/strong>, das eine schnelle Ergebnisanzeige unabh\u00e4ngig von der Ger\u00e4teposition erm\u00f6glicht.<\/p>\n<p data-start=\"2898\" data-end=\"3091\">F\u00fcr eine noch bessere Sichtbarkeit verf\u00fcgt der Empf\u00e4nger au\u00dferdem \u00fcber eine <strong data-start=\"2974\" data-end=\"2989\">LED-Anzeige<\/strong>, die das Ablesen aus gr\u00f6\u00dferer Entfernung erm\u00f6glicht, beispielsweise aus der Kabine einer Baumaschine.<\/p>\n<h2 data-section-id=\"jnesrs\" data-start=\"3093\" data-end=\"3145\">Einstellbare Signale und automatische Abschaltung<\/h2>\n<p data-start=\"3147\" data-end=\"3335\">Um eine komfortable Nutzung in verschiedenen Arbeitsumgebungen zu gew\u00e4hrleisten, bietet der <strong data-start=\"3239\" data-end=\"3258\">CLS-310 Digital<\/strong> <strong data-start=\"3259\" data-end=\"3294\">einstellbare akustische Signale<\/strong>, die \u00fcber H\u00f6henabweichungen informieren.<\/p>\n<p data-start=\"3337\" data-end=\"3499\">Der Benutzer kann die Lautst\u00e4rke anpassen, wodurch der Empf\u00e4nger sowohl in <strong data-start=\"3412\" data-end=\"3465\">ruhigen Umgebungen als auch auf lauten Baustellen<\/strong> problemlos verwendet werden kann.<\/p>\n<p data-start=\"3501\" data-end=\"3668\">Zus\u00e4tzlich verf\u00fcgt das Ger\u00e4t \u00fcber eine <strong data-start=\"3540\" data-end=\"3601\">automatische Abschaltfunktion nach 10 Minuten Inaktivit\u00e4t<\/strong>, wodurch Energie gespart und die Batterielaufzeit verl\u00e4ngert wird.<\/p>\n<h2 data-section-id=\"vk8skh\" data-start=\"3670\" data-end=\"3736\">Robuste Bauweise und Widerstandsf\u00e4higkeit gegen Umwelteinfl\u00fcsse<\/h2>\n<p data-start=\"3738\" data-end=\"3850\">Der <strong data-start=\"3742\" data-end=\"3761\">CLS-310 Digital<\/strong> wurde f\u00fcr den intensiven Einsatz unter anspruchsvollen Baustellenbedingungen entwickelt.<\/p>\n<p data-start=\"3852\" data-end=\"4013\">Das <strong data-start=\"3856\" data-end=\"3875\">robuste Geh\u00e4use<\/strong> sowie der <strong data-start=\"3886\" data-end=\"3929\">Schutz gegen Wasser und Staub nach IP54<\/strong> gew\u00e4hrleisten einen zuverl\u00e4ssigen Betrieb auch unter schwierigen Wetterbedingungen.<\/p>\n<p data-start=\"4015\" data-end=\"4235\">Das Ger\u00e4t kann <strong data-start=\"4030\" data-end=\"4076\">stabil an einer Messlatte befestigt werden<\/strong>, mithilfe einer <strong data-start=\"4093\" data-end=\"4117\">speziellen Halterung<\/strong>, die im Lieferumfang enthalten ist. Dadurch bleibt der Empf\u00e4nger w\u00e4hrend der Messung immer in der optimalen Position.<\/p>\n<h2 data-section-id=\"9ij3ml\" data-start=\"4237\" data-end=\"4265\">Kompatibilit\u00e4t mit Lasern<\/h2>\n<p data-start=\"4267\" data-end=\"4415\">Der <strong data-start=\"4271\" data-end=\"4290\">CLS-310 Digital<\/strong> arbeitet mit Kreuzlinienlasern unterschiedlicher Wellenl\u00e4ngen zusammen und bietet dadurch eine hohe Flexibilit\u00e4t im Einsatz.<\/p>\n<p data-start=\"4417\" data-end=\"4518\">Es ist jedoch zu beachten, dass die Kompatibilit\u00e4t von der <strong data-start=\"4476\" data-end=\"4509\">Pulsfrequenz des Laserstrahls<\/strong> abh\u00e4ngt.<\/p>\n<p data-start=\"4520\" data-end=\"4535\">Kompatibel mit:<\/p>\n<p data-start=\"4537\" data-end=\"4601\">Kreuzlinienlasern mit <strong data-start=\"4559\" data-end=\"4582\">10 kHz Pulsfrequenz<\/strong> (CL-Serie ab 2022)<\/p>\n<p data-start=\"4603\" data-end=\"4678\">Motorisierte Laser mit <strong data-start=\"4626\" data-end=\"4678\">automatischer Einpassfunktion (CLx3 MOTOR-Serie)<\/strong><\/p>\n<p data-start=\"4680\" data-end=\"4701\">Nicht kompatibel mit:<\/p>\n<p data-start=\"4703\" data-end=\"4784\">Kreuzlinienlasern mit <strong data-start=\"4725\" data-end=\"4747\">5 kHz Pulsfrequenz<\/strong> (CL-Serie, produziert bis Ende 2022)<\/p>\n<h2 data-section-id=\"y0vhe4\" data-start=\"4786\" data-end=\"4822\">Warum den CLS-310 Digital w\u00e4hlen?<\/h2>\n<p data-start=\"4824\" data-end=\"4938\"><strong data-start=\"4824\" data-end=\"4849\">Universell einsetzbar<\/strong> \u2013 kompatibel mit Kreuzlinienlasern verschiedener Wellenl\u00e4ngen (rot, gr\u00fcn, blau, violett)<\/p>\n<p data-start=\"4940\" data-end=\"5114\"><strong data-start=\"4940\" data-end=\"4951\">Komfort<\/strong> \u2013 automatisches Erfassen und Ausrichten des Laserstrahls auf den zentralen Punkt des Empf\u00e4ngers; der Strahl richtet sich automatisch entlang der Referenzlinie aus<\/p>\n<p data-start=\"5116\" data-end=\"5215\"><strong data-start=\"5116\" data-end=\"5144\">Gro\u00dfer Detektionsbereich<\/strong> \u2013 70 mm Empfangsfenster erm\u00f6glicht schnelles Erfassen des Laserstrahls<\/p>\n<p data-start=\"5217\" data-end=\"5322\"><strong data-start=\"5217\" data-end=\"5245\">Einstellbare Genauigkeit<\/strong> \u2013 Pr\u00e4zisionsstufen von <strong data-start=\"5269\" data-end=\"5293\">1 mm, 2 mm oder 5 mm<\/strong> f\u00fcr verschiedene Anwendungen<\/p>\n<p data-start=\"5324\" data-end=\"5419\"><strong data-start=\"5324\" data-end=\"5361\">Anzeige der H\u00f6henabweichung in mm<\/strong> \u2013 erleichtert die H\u00f6henkontrolle und Gel\u00e4nde-Nivellierung<\/p>\n<p data-start=\"5421\" data-end=\"5536\"><strong data-start=\"5421\" data-end=\"5462\">Doppelte LCD-Displays und LED-Anzeige<\/strong> \u2013 sorgen f\u00fcr optimale Ablesbarkeit unter verschiedenen Arbeitsbedingungen<\/p>\n<p data-start=\"5538\" data-end=\"5631\"><strong data-start=\"5538\" data-end=\"5573\">Einstellbare akustische Signale<\/strong> \u2013 Lautst\u00e4rke kann an die Arbeitsumgebung angepasst werden<\/p>\n<p data-start=\"5633\" data-end=\"5723\"><strong data-start=\"5633\" data-end=\"5670\">Staub- und wassergesch\u00fctzt (IP54)<\/strong> \u2013 zuverl\u00e4ssig auch bei schwierigen Wetterbedingungen<\/p>\n<p data-start=\"5725\" data-end=\"5801\"><strong data-start=\"5725\" data-end=\"5753\">Automatische Abschaltung<\/strong> \u2013 Energieeinsparung nach 10 Minuten Inaktivit\u00e4t<\/p>\n<p data-start=\"5803\" data-end=\"5887\"><strong data-start=\"5803\" data-end=\"5843\">Stabile Befestigung an der Messlatte<\/strong> \u2013 einfache Montage mit spezieller Halterung<\/p>\n<p data-start=\"5889\" data-end=\"6032\">Der <strong data-start=\"5893\" data-end=\"5927\">Laserempf\u00e4nger CLS-310 Digital<\/strong> ist ein fortschrittliches Ger\u00e4t, das <strong data-start=\"5965\" data-end=\"6031\">die Pr\u00e4zision und Effizienz von Lasermessungen deutlich erh\u00f6ht<\/strong>.<\/p>\n<p data-start=\"6034\" data-end=\"6245\">Dank seiner <strong data-start=\"6046\" data-end=\"6125\">breiten Kompatibilit\u00e4t, einstellbaren Genauigkeit und gut lesbaren Displays<\/strong> bietet er Komfort und Zuverl\u00e4ssigkeit bei Arbeiten im <strong data-start=\"6180\" data-end=\"6244\">Bauwesen, in der Vermessung sowie bei Gel\u00e4nde-Nivellierungen<\/strong>.<\/p>\n<p data-start=\"6247\" data-end=\"6419\">Seine <strong data-start=\"6253\" data-end=\"6322\">robuste Konstruktion, Widerstandsf\u00e4higkeit und einfache Bedienung<\/strong> machen ihn zur <strong data-start=\"6338\" data-end=\"6367\">idealen L\u00f6sung f\u00fcr Profis<\/strong>, die pr\u00e4zise und schnelle Lasermessungen ben\u00f6tigen.<\/p>\n","protected":false},"excerpt":{"rendered":"<ul>\n<li><strong>Robuste Konstruktion<\/strong><\/li>\n<li><strong>Digitale Anzeige von H\u00f6henunterschieden<\/strong><\/li>\n<li><strong>Automatische Einpassfunktion des Laserstrahls<\/strong><\/li>\n<li><strong>Universelle Anwendung<\/strong> f\u00fcr Kreuzlinienlaser mit Strahlenfarbe: Rot, Gr\u00fcn, Blau, Violett<\/li>\n<\/ul>\n","protected":false},"featured_media":118512,"template":"","meta":{"_acf_changed":false},"product_brand":[],"product_cat":[289],"product_tag":[],"branze":[],"class_list":{"0":"post-118524","1":"product","2":"type-product","3":"status-publish","4":"has-post-thumbnail","6":"product_cat-laserempfanger-und-laserwandhalterung","8":"first","9":"instock","10":"shipping-taxable","11":"product-type-simple"},"acf":[],"_links":{"self":[{"href":"https:\/\/nivelsystem.com\/de\/wp-json\/wp\/v2\/product\/118524","targetHints":{"allow":["GET"]}}],"collection":[{"href":"https:\/\/nivelsystem.com\/de\/wp-json\/wp\/v2\/product"}],"about":[{"href":"https:\/\/nivelsystem.com\/de\/wp-json\/wp\/v2\/types\/product"}],"version-history":[{"count":4,"href":"https:\/\/nivelsystem.com\/de\/wp-json\/wp\/v2\/product\/118524\/revisions"}],"predecessor-version":[{"id":118558,"href":"https:\/\/nivelsystem.com\/de\/wp-json\/wp\/v2\/product\/118524\/revisions\/118558"}],"wp:featuredmedia":[{"embeddable":true,"href":"https:\/\/nivelsystem.com\/de\/wp-json\/wp\/v2\/media\/118512"}],"wp:attachment":[{"href":"https:\/\/nivelsystem.com\/de\/wp-json\/wp\/v2\/media?parent=118524"}],"wp:term":[{"taxonomy":"product_brand","embeddable":true,"href":"https:\/\/nivelsystem.com\/de\/wp-json\/wp\/v2\/product_brand?post=118524"},{"taxonomy":"product_cat","embeddable":true,"href":"https:\/\/nivelsystem.com\/de\/wp-json\/wp\/v2\/product_cat?post=118524"},{"taxonomy":"product_tag","embeddable":true,"href":"https:\/\/nivelsystem.com\/de\/wp-json\/wp\/v2\/product_tag?post=118524"},{"taxonomy":"branze","embeddable":true,"href":"https:\/\/nivelsystem.com\/de\/wp-json\/wp\/v2\/branze?post=118524"}],"curies":[{"name":"wp","href":"https:\/\/api.w.org\/{rel}","templated":true}]}}