{"id":118515,"date":"1950-06-09T13:19:54","date_gmt":"1950-06-09T13:19:54","guid":{"rendered":"https:\/\/nivelsystem.com\/?post_type=product&#038;p=118515"},"modified":"2026-04-14T08:59:18","modified_gmt":"2026-04-14T08:59:18","slug":"lasersensor-cls-300-digital","status":"publish","type":"product","link":"https:\/\/nivelsystem.com\/de\/produkt\/lasersensor-cls-300-digital\/","title":{"rendered":"Lasersensor CLS-300 Digital"},"content":{"rendered":"<h2 data-section-id=\"1o01tua\" data-start=\"444\" data-end=\"532\">Lasersensor CLS-300 Digital \u2013 Pr\u00e4zise Messungen f\u00fcr Kreuzlinien<\/h2>\n<p data-start=\"534\" data-end=\"887\">Der <strong data-start=\"538\" data-end=\"572\">Laserempf\u00e4nger CLS-300 Digital<\/strong> ist ein modernes Ger\u00e4t zur pr\u00e4zisen Erfassung des Laserstrahls, der von <strong data-start=\"645\" data-end=\"666\">Kreuzlinienlasern<\/strong> ausgesendet wird. Dank seiner Vielseitigkeit und fortschrittlichen Funktionen eignet sich der Empf\u00e4nger sowohl f\u00fcr <strong data-start=\"782\" data-end=\"837\">Bauwesen, Vermessung als auch Installationsarbeiten<\/strong>, bei denen hohe Messgenauigkeit entscheidend ist.<\/p>\n<p data-start=\"889\" data-end=\"1076\">Er ist kompatibel mit <strong data-start=\"911\" data-end=\"957\">roten, gr\u00fcnen, blauen und violetten Lasern<\/strong>, was ihn zu einem vielseitigen Werkzeug macht, das auch unter unterschiedlichen Lichtbedingungen zuverl\u00e4ssig arbeitet.<\/p>\n<h2 data-section-id=\"ncelei\" data-start=\"1083\" data-end=\"1136\">Pr\u00e4ziser Strahlempfang und gro\u00dfer Detektionsbereich<\/h2>\n<p data-start=\"1138\" data-end=\"1339\">Einer der wichtigsten Vorteile des <strong data-start=\"1173\" data-end=\"1192\">CLS-300 Digital<\/strong> ist sein <strong data-start=\"1202\" data-end=\"1245\">gro\u00dfer Lasererfassungsbereich von 70 mm<\/strong>. Dadurch kann die Laserlinie schneller erkannt und Messungen effizienter durchgef\u00fchrt werden.<\/p>\n<p data-start=\"1341\" data-end=\"1494\">Der Empf\u00e4nger erkennt den Laserstrahl auch unter schwierigen Bedingungen, beispielsweise bei <strong data-start=\"1434\" data-end=\"1493\">starker Sonneneinstrahlung oder gro\u00dfen Messentfernungen<\/strong>.<\/p>\n<p data-start=\"1496\" data-end=\"1572\">Dank der <strong data-start=\"1505\" data-end=\"1532\">einstellbaren Pr\u00e4zision<\/strong> bietet das Ger\u00e4t drei Genauigkeitsmodi:<\/p>\n<p data-start=\"1574\" data-end=\"1713\"><strong data-start=\"1574\" data-end=\"1582\">1 mm<\/strong> \u2013 f\u00fcr besonders pr\u00e4zise Arbeiten, z. B. bei der Montage von abgeh\u00e4ngten Decken, beim Fliesenlegen oder beim Nivellieren von B\u00f6den.<\/p>\n<p data-start=\"1715\" data-end=\"1807\"><strong data-start=\"1715\" data-end=\"1723\">2 mm<\/strong> \u2013 ideal f\u00fcr typische Bauarbeiten, bei denen eine hohe Genauigkeit erforderlich ist.<\/p>\n<p data-start=\"1809\" data-end=\"1941\"><strong data-start=\"1809\" data-end=\"1817\">5 mm<\/strong> \u2013 f\u00fcr Messungen, bei denen <strong data-start=\"1845\" data-end=\"1893\">schnelles Arbeiten und einfache Ablesbarkeit<\/strong> wichtig sind, z. B. bei Gel\u00e4nde-Nivellierungen.<\/p>\n<h2 data-section-id=\"ub7p29\" data-start=\"1948\" data-end=\"2002\">Intelligente H\u00f6henkontrolle und gut lesbare Displays<\/h2>\n<p data-start=\"2004\" data-end=\"2248\">Der <strong data-start=\"2008\" data-end=\"2027\">CLS-300 Digital<\/strong> verf\u00fcgt \u00fcber ein <strong data-start=\"2045\" data-end=\"2108\">fortschrittliches System zur Messung von H\u00f6henunterschieden<\/strong>, das nicht nur die Position des Laserstrahls anzeigt, sondern auch <strong data-start=\"2176\" data-end=\"2247\">den exakten H\u00f6henunterschied in Millimetern berechnet und darstellt<\/strong>.<\/p>\n<p data-start=\"2250\" data-end=\"2402\">Dadurch erh\u00e4lt der Benutzer sofort pr\u00e4zise Informationen \u00fcber die Abweichung, was die Arbeit erleichtert und zus\u00e4tzliche Berechnungen \u00fcberfl\u00fcssig macht.<\/p>\n<p data-start=\"2404\" data-end=\"2565\">Das Ger\u00e4t ist mit einem <strong data-start=\"2428\" data-end=\"2467\">gro\u00dfen und gut lesbaren LCD-Display<\/strong> ausgestattet, das auch unter schwierigen Arbeitsbedingungen eine komfortable Ablesung erm\u00f6glicht.<\/p>\n<p data-start=\"2567\" data-end=\"2729\">Zus\u00e4tzlich befindet sich auf der R\u00fcckseite des Empf\u00e4ngers <strong data-start=\"2625\" data-end=\"2648\">ein zweites Display<\/strong>, das eine schnelle Ergebnisanzeige unabh\u00e4ngig von der Ger\u00e4teposition erm\u00f6glicht.<\/p>\n<p data-start=\"2731\" data-end=\"2924\">F\u00fcr eine noch bessere Sichtbarkeit verf\u00fcgt der Empf\u00e4nger au\u00dferdem \u00fcber eine <strong data-start=\"2807\" data-end=\"2822\">LED-Anzeige<\/strong>, die das Ablesen aus gr\u00f6\u00dferer Entfernung erm\u00f6glicht, beispielsweise aus der Kabine einer Baumaschine.<\/p>\n<h2 data-section-id=\"9tnkp7\" data-start=\"2931\" data-end=\"2982\">Einstellbare Signale und automatische Abschaltung<\/h2>\n<p data-start=\"2984\" data-end=\"3172\">Um eine komfortable Nutzung in verschiedenen Arbeitsumgebungen zu gew\u00e4hrleisten, bietet der <strong data-start=\"3076\" data-end=\"3095\">CLS-300 Digital<\/strong> <strong data-start=\"3096\" data-end=\"3131\">einstellbare akustische Signale<\/strong>, die \u00fcber H\u00f6henabweichungen informieren.<\/p>\n<p data-start=\"3174\" data-end=\"3336\">Der Benutzer kann die Lautst\u00e4rke anpassen, wodurch der Empf\u00e4nger sowohl in <strong data-start=\"3249\" data-end=\"3302\">ruhigen Umgebungen als auch auf lauten Baustellen<\/strong> problemlos verwendet werden kann.<\/p>\n<p data-start=\"3338\" data-end=\"3505\">Zus\u00e4tzlich verf\u00fcgt das Ger\u00e4t \u00fcber eine <strong data-start=\"3377\" data-end=\"3438\">automatische Abschaltfunktion nach 10 Minuten Inaktivit\u00e4t<\/strong>, wodurch Energie gespart und die Batterielaufzeit verl\u00e4ngert wird.<\/p>\n<h2 data-section-id=\"z8mpoi\" data-start=\"3512\" data-end=\"3577\">Robuste Bauweise und Widerstandsf\u00e4higkeit gegen Umwelteinfl\u00fcsse<\/h2>\n<p data-start=\"3579\" data-end=\"3691\">Der <strong data-start=\"3583\" data-end=\"3602\">CLS-300 Digital<\/strong> wurde f\u00fcr den intensiven Einsatz unter anspruchsvollen Baustellenbedingungen entwickelt.<\/p>\n<p data-start=\"3693\" data-end=\"3854\">Das <strong data-start=\"3697\" data-end=\"3716\">robuste Geh\u00e4use<\/strong> sowie der <strong data-start=\"3727\" data-end=\"3770\">Schutz gegen Wasser und Staub nach IP54<\/strong> gew\u00e4hrleisten einen zuverl\u00e4ssigen Betrieb auch unter schwierigen Wetterbedingungen.<\/p>\n<p data-start=\"3856\" data-end=\"4076\">Das Ger\u00e4t kann <strong data-start=\"3871\" data-end=\"3917\">stabil an einer Messlatte befestigt werden<\/strong>, mithilfe einer <strong data-start=\"3934\" data-end=\"3958\">speziellen Halterung<\/strong>, die im Lieferumfang enthalten ist. Dadurch bleibt der Empf\u00e4nger w\u00e4hrend der Messung immer in der optimalen Position.<\/p>\n<h2 data-section-id=\"1shxrge\" data-start=\"4083\" data-end=\"4110\">Kompatibilit\u00e4t mit Lasern<\/h2>\n<p data-start=\"4112\" data-end=\"4260\">Der <strong data-start=\"4116\" data-end=\"4135\">CLS-300 Digital<\/strong> arbeitet mit Kreuzlinienlasern unterschiedlicher Wellenl\u00e4ngen zusammen und bietet dadurch eine hohe Flexibilit\u00e4t im Einsatz.<\/p>\n<p data-start=\"4262\" data-end=\"4363\">Es ist jedoch zu beachten, dass die Kompatibilit\u00e4t von der <strong data-start=\"4321\" data-end=\"4354\">Pulsfrequenz des Laserstrahls<\/strong> abh\u00e4ngt.<\/p>\n<p data-start=\"4365\" data-end=\"4384\"><strong data-start=\"4365\" data-end=\"4384\">Kompatibel mit:<\/strong><\/p>\n<p data-start=\"4386\" data-end=\"4449\">Kreuzlinienlasern mit <strong data-start=\"4408\" data-end=\"4431\">10 kHz Pulsfrequenz<\/strong> (Serien ab 2022).<\/p>\n<p data-start=\"4451\" data-end=\"4476\"><strong data-start=\"4451\" data-end=\"4476\">Nicht kompatibel mit:<\/strong><\/p>\n<p data-start=\"4478\" data-end=\"4546\">Kreuzlinienlasern mit <strong data-start=\"4500\" data-end=\"4522\">5 kHz Pulsfrequenz<\/strong> (Serien bis Ende 2022).<\/p>\n<h2 data-section-id=\"1jliclq\" data-start=\"4553\" data-end=\"4588\">Warum den CLS-300 Digital w\u00e4hlen?<\/h2>\n<p data-start=\"4590\" data-end=\"4705\"><strong data-start=\"4590\" data-end=\"4615\">Universell einsetzbar<\/strong> \u2013 kompatibel mit Kreuzlinienlasern verschiedener Wellenl\u00e4ngen (rot, gr\u00fcn, blau, violett).<\/p>\n<p data-start=\"4707\" data-end=\"4807\"><strong data-start=\"4707\" data-end=\"4735\">Gro\u00dfer Detektionsbereich<\/strong> \u2013 70 mm Empfangsfenster erm\u00f6glicht schnelles Erfassen des Laserstrahls.<\/p>\n<p data-start=\"4809\" data-end=\"4915\"><strong data-start=\"4809\" data-end=\"4837\">Einstellbare Genauigkeit<\/strong> \u2013 Pr\u00e4zisionsstufen von <strong data-start=\"4861\" data-end=\"4885\">1 mm, 2 mm oder 5 mm<\/strong> f\u00fcr verschiedene Anwendungen.<\/p>\n<p data-start=\"4917\" data-end=\"5013\"><strong data-start=\"4917\" data-end=\"4954\">Anzeige der H\u00f6henabweichung in mm<\/strong> \u2013 erleichtert die H\u00f6henkontrolle und Gel\u00e4nde-Nivellierung.<\/p>\n<p data-start=\"5015\" data-end=\"5131\"><strong data-start=\"5015\" data-end=\"5056\">Doppelte LCD-Displays und LED-Anzeige<\/strong> \u2013 sorgen f\u00fcr optimale Ablesbarkeit unter verschiedenen Arbeitsbedingungen.<\/p>\n<p data-start=\"5133\" data-end=\"5227\"><strong data-start=\"5133\" data-end=\"5168\">Einstellbare akustische Signale<\/strong> \u2013 Lautst\u00e4rke kann an die Arbeitsumgebung angepasst werden.<\/p>\n<p data-start=\"5229\" data-end=\"5320\"><strong data-start=\"5229\" data-end=\"5266\">Staub- und wassergesch\u00fctzt (IP54)<\/strong> \u2013 zuverl\u00e4ssig auch bei schwierigen Wetterbedingungen.<\/p>\n<p data-start=\"5322\" data-end=\"5399\"><strong data-start=\"5322\" data-end=\"5350\">Automatische Abschaltung<\/strong> \u2013 Energieeinsparung nach 10 Minuten Inaktivit\u00e4t.<\/p>\n<p data-start=\"5401\" data-end=\"5486\"><strong data-start=\"5401\" data-end=\"5441\">Stabile Befestigung an der Messlatte<\/strong> \u2013 einfache Montage mit spezieller Halterung.<\/p>\n<p data-start=\"5488\" data-end=\"5631\">Der <strong data-start=\"5492\" data-end=\"5526\">Laserempf\u00e4nger CLS-300 Digital<\/strong> ist ein fortschrittliches Ger\u00e4t, das <strong data-start=\"5564\" data-end=\"5630\">die Pr\u00e4zision und Effizienz von Lasermessungen deutlich erh\u00f6ht<\/strong>.<\/p>\n<p data-start=\"5633\" data-end=\"5844\">Dank seiner <strong data-start=\"5645\" data-end=\"5724\">breiten Kompatibilit\u00e4t, einstellbaren Genauigkeit und gut lesbaren Displays<\/strong> bietet er Komfort und Zuverl\u00e4ssigkeit bei Arbeiten im <strong data-start=\"5779\" data-end=\"5843\">Bauwesen, in der Vermessung sowie bei Gel\u00e4nde-Nivellierungen<\/strong>.<\/p>\n<p data-start=\"5846\" data-end=\"6018\">Seine <strong data-start=\"5852\" data-end=\"5921\">robuste Konstruktion, Widerstandsf\u00e4higkeit und einfache Bedienung<\/strong> machen ihn zur <strong data-start=\"5937\" data-end=\"5966\">idealen L\u00f6sung f\u00fcr Profis<\/strong>, die pr\u00e4zise und schnelle Lasermessungen ben\u00f6tigen.<\/p>\n","protected":false},"excerpt":{"rendered":"<ul>\n<li data-start=\"279\" data-end=\"303\"><strong data-start=\"279\" data-end=\"303\">Robuste Konstruktion<\/strong><\/li>\n<li data-start=\"305\" data-end=\"345\"><strong data-start=\"305\" data-end=\"345\">Digitale Anzeige der H\u00f6henabweichung<\/strong><\/li>\n<li data-start=\"347\" data-end=\"437\"><strong data-start=\"347\" data-end=\"437\">Universelle Anwendung<\/strong> f\u00fcr Kreuzlinienlaser mit Strahlenfarbe: Rot, Gr\u00fcn, Blau, Violett<\/li>\n<\/ul>\n","protected":false},"featured_media":118508,"template":"","meta":{"_acf_changed":false},"product_brand":[],"product_cat":[289],"product_tag":[],"branze":[],"class_list":{"0":"post-118515","1":"product","2":"type-product","3":"status-publish","4":"has-post-thumbnail","6":"product_cat-laserempfanger-und-laserwandhalterung","8":"first","9":"instock","10":"shipping-taxable","11":"product-type-simple"},"acf":[],"_links":{"self":[{"href":"https:\/\/nivelsystem.com\/de\/wp-json\/wp\/v2\/product\/118515","targetHints":{"allow":["GET"]}}],"collection":[{"href":"https:\/\/nivelsystem.com\/de\/wp-json\/wp\/v2\/product"}],"about":[{"href":"https:\/\/nivelsystem.com\/de\/wp-json\/wp\/v2\/types\/product"}],"version-history":[{"count":5,"href":"https:\/\/nivelsystem.com\/de\/wp-json\/wp\/v2\/product\/118515\/revisions"}],"predecessor-version":[{"id":118553,"href":"https:\/\/nivelsystem.com\/de\/wp-json\/wp\/v2\/product\/118515\/revisions\/118553"}],"wp:featuredmedia":[{"embeddable":true,"href":"https:\/\/nivelsystem.com\/de\/wp-json\/wp\/v2\/media\/118508"}],"wp:attachment":[{"href":"https:\/\/nivelsystem.com\/de\/wp-json\/wp\/v2\/media?parent=118515"}],"wp:term":[{"taxonomy":"product_brand","embeddable":true,"href":"https:\/\/nivelsystem.com\/de\/wp-json\/wp\/v2\/product_brand?post=118515"},{"taxonomy":"product_cat","embeddable":true,"href":"https:\/\/nivelsystem.com\/de\/wp-json\/wp\/v2\/product_cat?post=118515"},{"taxonomy":"product_tag","embeddable":true,"href":"https:\/\/nivelsystem.com\/de\/wp-json\/wp\/v2\/product_tag?post=118515"},{"taxonomy":"branze","embeddable":true,"href":"https:\/\/nivelsystem.com\/de\/wp-json\/wp\/v2\/branze?post=118515"}],"curies":[{"name":"wp","href":"https:\/\/api.w.org\/{rel}","templated":true}]}}