{"id":117306,"date":"2025-10-23T09:12:44","date_gmt":"2025-10-23T09:12:44","guid":{"rendered":"https:\/\/nivelsystem.com\/?post_type=product&#038;p=117306"},"modified":"2025-10-31T08:01:40","modified_gmt":"2025-10-31T08:01:40","slug":"halter-yr-cl","status":"publish","type":"product","link":"https:\/\/nivelsystem.com\/de\/produkt\/halter-yr-cl\/","title":{"rendered":"Halterung f\u00fcr Kreuzlinienlaser YR-CL"},"content":{"rendered":"<div class=\"elementor-element elementor-element-63da071 elementor-widget elementor-widget-heading\" data-id=\"63da071\" data-element_type=\"widget\" data-widget_type=\"heading.default\">\n<div class=\"elementor-widget-container\">\n<h2 class=\"elementor-heading-title elementor-size-default\">Halterung f\u00fcr Kreuzlinienlaser YR-CL<\/h2>\n<\/div>\n<\/div>\n<h2 data-start=\"114\" data-end=\"196\">Pr\u00e4zise Montage eines Kreuzlinienlasers an Profilen von Trockenbaukonstruktionen<\/h2>\n<p data-start=\"198\" data-end=\"719\">Die <strong data-start=\"202\" data-end=\"223\">Laserablage YR-CL<\/strong> ist ein funktionales Zubeh\u00f6r, das eine stabile Aufh\u00e4ngung eines Kreuzlinienlasers an einer Wandprofilkonstruktion erm\u00f6glicht. Mit dieser L\u00f6sung kann der Benutzer den Laserstrahl pr\u00e4zise einstellen \u2013 etwa bei der Montage von abgeh\u00e4ngten Decken, Trennw\u00e4nden oder Installationskomponenten. Die Laserablage ist ein unverzichtbares Werkzeug \u00fcberall dort, wo es wichtig ist, eine perfekte Horizontale, Vertikale oder Schr\u00e4ge sowie die korrekte Positionierung der Konstruktionselemente beizubehalten.<\/p>\n<h3 data-start=\"726\" data-end=\"797\"><strong data-start=\"730\" data-end=\"795\">Funktionalit\u00e4t der Laserablage YR-CL bei Arbeiten an Schr\u00e4gen<\/strong><\/h3>\n<p data-start=\"798\" data-end=\"1426\">Bei Arbeiten an Dachschr\u00e4gen oder beim Einbau von abgeh\u00e4ngten Decken im Dachgeschoss reicht der herk\u00f6mmliche Einsatz eines Stativs mit 3D-Kopf oft nicht aus. Es kann schwierig sein, den Laserstrahl exakt in die Referenzpunkte der Schr\u00e4ge einzurichten. Die <strong data-start=\"1054\" data-end=\"1075\">Laserablage YR-CL<\/strong> kann direkt am Bauprofil montiert werden \u2013 zwei Kontermuttern gew\u00e4hrleisten eine stabile Befestigung. Wenn das Profil bereits im gew\u00fcnschten Winkel ausgerichtet ist, wird auch die Ablage in diesem Winkel positioniert. Es gen\u00fcgt, den Laser darauf zu befestigen und die Strahlausrichtung mithilfe der Justierschrauben der YR-CL-Ablage zu korrigieren.<\/p>\n<h3 data-start=\"1433\" data-end=\"1484\"><strong data-start=\"1437\" data-end=\"1482\">Wichtigste Merkmale der Laserablage YR-CL<\/strong><\/h3>\n<p data-start=\"1485\" data-end=\"2154\">\u2022 Effektive Methode zur Aufh\u00e4ngung eines Kreuzlinienlasers am Profil \u2013 erm\u00f6glicht eine bequeme Nivellierung f\u00fcr abgeh\u00e4ngte Konstruktionen.<br data-start=\"1623\" data-end=\"1626\" \/>\u2022 Stabilit\u00e4t und Pr\u00e4zision \u2013 die Ablage h\u00e4lt den Laser sicher in optimaler Position und verhindert unbeabsichtigte Verschiebungen.<br data-start=\"1756\" data-end=\"1759\" \/>\u2022 Einfache H\u00f6hen- und Strahljustierung \u2013 die Position des Lasers l\u00e4sst sich flexibel an die aktuellen Messanforderungen anpassen.<br data-start=\"1888\" data-end=\"1891\" \/>\u2022 Robuste Konstruktion \u2013 gefertigt aus langlebigen Metallmaterialien, widerstandsf\u00e4hig gegen intensive Baustellennutzung.<br data-start=\"2012\" data-end=\"2015\" \/>\u2022 Kompatibel mit Kreuzlinienlasern von <strong data-start=\"2054\" data-end=\"2070\">Nivel System<\/strong>.<br data-start=\"2071\" data-end=\"2074\" \/>\u2022 Schnelle Montage und Demontage \u2013 einfaches Befestigen \u00fcber <strong data-start=\"2135\" data-end=\"2151\">5\/8&#8243;-Gewinde<\/strong>.<\/p>\n<h3 data-start=\"2161\" data-end=\"2211\"><strong data-start=\"2165\" data-end=\"2209\">Anwendungsbereiche der Laserablage YR-CL<\/strong><\/h3>\n<p data-start=\"2212\" data-end=\"3155\">Dank ihres universellen Aufbaus findet die <strong data-start=\"2255\" data-end=\"2271\">YR-CL-Ablage<\/strong> in vielen Bereichen Anwendung, in denen pr\u00e4zises Nivellieren entscheidend f\u00fcr die Arbeitsqualit\u00e4t ist. H\u00e4ufige Einsatzgebiete sind:<br data-start=\"2403\" data-end=\"2406\" \/>\u2022 <strong data-start=\"2408\" data-end=\"2442\">Montage von abgeh\u00e4ngten Decken<\/strong> \u2013 erm\u00f6glicht eine exakte Ausrichtung der Deckenunterkonstruktion und deren korrekte Installation.<br data-start=\"2540\" data-end=\"2543\" \/>\u2022 <strong data-start=\"2545\" data-end=\"2572\">Montage von Trennw\u00e4nden<\/strong> \u2013 stabile Laserbefestigung erlaubt pr\u00e4zise Markierung der Montageachsen f\u00fcr Leichtbauw\u00e4nde.<br data-start=\"2664\" data-end=\"2667\" \/>\u2022 <strong data-start=\"2669\" data-end=\"2697\">Verlegen von Wandfliesen<\/strong> \u2013 sorgt f\u00fcr exakte Hilfslinien, was die \u00c4sthetik und Genauigkeit der Arbeit verbessert.<br data-start=\"2785\" data-end=\"2788\" \/>\u2022 <strong data-start=\"2790\" data-end=\"2840\">Montage von Elektro- und Sanit\u00e4rinstallationen<\/strong> \u2013 erm\u00f6glicht schnelles und pr\u00e4zises Bestimmen von Steckdosen-, Schalter- und Leitungspositionen.<br data-start=\"2937\" data-end=\"2940\" \/>\u2022 <strong data-start=\"2942\" data-end=\"2979\">Geod\u00e4tische und Nivellierarbeiten<\/strong> \u2013 erm\u00f6glicht stabile Messungen ohne den Einsatz eines Stativs.<br data-start=\"3042\" data-end=\"3045\" \/>\u2022 <strong data-start=\"3047\" data-end=\"3078\">Pr\u00e4zise Innenausbauarbeiten<\/strong> \u2013 n\u00fctzlich bei der Montage von M\u00f6beln, Regalsystemen oder Einbauschr\u00e4nken.<\/p>\n<p data-start=\"3157\" data-end=\"3353\">Durch den Einsatz der <strong data-start=\"3179\" data-end=\"3217\">YR-CL Laserablage von Nivel System<\/strong> erh\u00e4lt der Benutzer eine bessere Kontrolle \u00fcber die Montage von Konstruktionen und kann auch an schwer zug\u00e4nglichen Stellen arbeiten.<\/p>\n<h3 data-start=\"3360\" data-end=\"3416\"><strong data-start=\"3364\" data-end=\"3414\">Anleitung zur Verwendung der Laserablage YR-CL<\/strong><\/h3>\n<p style=\"text-align: left;\" data-start=\"3420\" data-end=\"3547\">W\u00e4hlen Sie einen geeigneten Montageort \u2013 die Ablage sollte so positioniert sein, dass optimale Messergebnisse erzielt werden.<\/p>\n<p data-start=\"3551\" data-end=\"3641\">Befestigen Sie die Ablage an der Wand \u2013 achten Sie auf einen sicheren und stabilen Halt.<\/p>\n<p data-start=\"3645\" data-end=\"3771\">Platzieren Sie den Laser auf der Ablage \u2013 pr\u00fcfen Sie, ob das Ger\u00e4t korrekt ausgerichtet und gegen Verrutschen gesichert ist.<\/p>\n<p data-start=\"3775\" data-end=\"3873\">Justieren Sie die H\u00f6he des Lasers \u2013 eine pr\u00e4zise Feineinstellung gew\u00e4hrleistet genaue Messungen.<\/p>\n<p style=\"text-align: left;\" data-start=\"3877\" data-end=\"3999\">Beginnen Sie mit den Messungen \u2013 die stabile Konstruktion h\u00e4lt den Laser w\u00e4hrend der gesamten Arbeit sicher in Position.<\/p>\n<p data-start=\"4001\" data-end=\"4286\">Die <strong data-start=\"4005\" data-end=\"4026\">YR-CL Laserablage<\/strong> ist eine intuitive und praktische L\u00f6sung, die ein schnelles Nivellieren ohne h\u00e4ufiges Umstellen des Lasers erm\u00f6glicht. F\u00fcr pr\u00e4zise Innen- und Au\u00dfenmessungen eignet sich besonders ein Kreuzlinienlaser, der perfekte Ausrichtung und hohen Bedienkomfort bietet.<\/p>\n<h3 data-start=\"4293\" data-end=\"4338\"><strong data-start=\"4297\" data-end=\"4336\">Warum die Laserablage YR-CL w\u00e4hlen?<\/strong><\/h3>\n<p data-start=\"4339\" data-end=\"4849\">\u2022 H\u00f6here Messgenauigkeit \u2013 stabile Laserbefestigung verhindert Fehler durch unbeabsichtigte Bewegungen.<br data-start=\"4442\" data-end=\"4445\" \/>\u2022 Einfache Montage und Handhabung \u2013 schnelle Befestigung spart Zeit und erh\u00f6ht die Arbeitseffizienz.<br data-start=\"4545\" data-end=\"4548\" \/>\u2022 Langlebige Bauweise \u2013 das widerstandsf\u00e4hige Material garantiert eine lange Lebensdauer.<br data-start=\"4637\" data-end=\"4640\" \/>\u2022 Universeller Einsatz \u2013 geeignet f\u00fcr verschiedene Bau- und Installationsarbeiten.<br data-start=\"4722\" data-end=\"4725\" \/>\u2022 Komfortables Arbeiten \u2013 in manchen Situationen ist kein Stativ erforderlich, was die Arbeit in engen R\u00e4umen erleichtert.<\/p>\n<p data-start=\"4851\" data-end=\"5073\">Dank der hohen Verarbeitungsqualit\u00e4t und der durchdachten Konstruktion erm\u00f6glicht die <strong data-start=\"4937\" data-end=\"4970\">YR-CL Ablage von Nivel System<\/strong> pr\u00e4zisere Ergebnisse und effizienteres Arbeiten bei der Nivellierung von abgeh\u00e4ngten Konstruktionen.<\/p>\n<p data-start=\"5075\" data-end=\"5626\">Die <strong data-start=\"5079\" data-end=\"5117\">YR-CL Laserablage von Nivel System<\/strong> ist ein praktisches und zuverl\u00e4ssiges Werkzeug, das Bau- und Montagearbeiten erheblich erleichtert. Durch die stabile Wandmontage des Lasers erh\u00e4lt der Anwender volle Kontrolle \u00fcber die Nivellierung und pr\u00e4zise Messergebnisse. Ihre robuste Konstruktion, einfache Montage und vielseitige Einsetzbarkeit machen sie zu einer unverzichtbaren Hilfe f\u00fcr Profis und Heimwerker gleicherma\u00dfen. Die <strong data-start=\"5507\" data-end=\"5523\">YR-CL Ablage<\/strong> steht f\u00fcr Genauigkeit, Komfort und Effizienz bei allen Aufgaben, die pr\u00e4zises Nivellieren erfordern.<\/p>\n<h3 data-start=\"5633\" data-end=\"5702\"><strong data-start=\"5637\" data-end=\"5700\">Nivel System \u2013 Pr\u00e4zision, auf die Sie sich verlassen k\u00f6nnen<\/strong><\/h3>\n<p data-start=\"5704\" data-end=\"6047\">Die Marke <strong data-start=\"5714\" data-end=\"5730\">Nivel System<\/strong> ist ein renommierter Hersteller moderner Messger\u00e4te, die hohe Qualit\u00e4t, Zuverl\u00e4ssigkeit und Pr\u00e4zision vereinen. Das Unternehmen ist auf die Produktion von Kreuzlinienlasern, optischen Nivellierger\u00e4ten, Laser-Entfernungsmessern und Tachymetern spezialisiert und bietet L\u00f6sungen f\u00fcr Bauwesen, Geod\u00e4sie und Industrie.<\/p>\n<p data-start=\"6049\" data-end=\"6561\">Ger\u00e4te von <strong data-start=\"6060\" data-end=\"6076\">Nivel System<\/strong> zeichnen sich durch Langlebigkeit, einfache Bedienung und hohe Widerstandsf\u00e4higkeit gegen schwierige Arbeitsbedingungen aus \u2013 Eigenschaften, die sie bei Profis und privaten Anwendern gleicherma\u00dfen beliebt machen.<br data-start=\"6289\" data-end=\"6292\" \/>Ein hervorragendes Preis-Leistungs-Verh\u00e4ltnis macht die Produkte dieser Marke zu einer wettbewerbsf\u00e4higen Wahl auf dem Markt. Das Unternehmen bietet au\u00dferdem umfassenden technischen Support und eine gro\u00dfe Auswahl an Zubeh\u00f6r wie Stative, Laserempf\u00e4nger und Ladeger\u00e4te.<\/p>\n<p data-start=\"6563\" data-end=\"6990\">Dank fortschrittlicher Technologien und robuster Bauweise bew\u00e4hren sich die Ger\u00e4te dieser Marke selbst unter h\u00e4rtesten Bedingungen. Kunden sch\u00e4tzen die Zuverl\u00e4ssigkeit und intuitive Bedienung, was zur hohen Beliebtheit in Deutschland und weltweit beitr\u00e4gt.<br data-start=\"6819\" data-end=\"6822\" \/><strong data-start=\"6822\" data-end=\"6838\">Nivel System<\/strong> steht f\u00fcr pr\u00e4zise Messungen, die jede Arbeit erleichtern und beschleunigen.<br data-start=\"6914\" data-end=\"6917\" \/>Mit <strong data-start=\"6921\" data-end=\"6937\">Nivel System<\/strong> setzen Sie auf Qualit\u00e4t, der Sie vertrauen k\u00f6nnen!<\/p>\n<p><strong>Entdecken Sie weiteres <a href=\"https:\/\/nivelsystem.com\/produkty\/akcesoria\/\">Zubeh\u00f6r, das die Arbeit erleichtert<\/a><\/strong><\/p>\n","protected":false},"excerpt":{"rendered":"<ul>\n<li>Robuste Konstruktion<\/li>\n<li>F\u00fcr Kreuzlinienlaser YR-CL<\/li>\n<\/ul>\n","protected":false},"featured_media":117359,"template":"","meta":{"_acf_changed":false},"product_brand":[],"product_cat":[293],"product_tag":[],"branze":[],"class_list":{"0":"post-117306","1":"product","2":"type-product","3":"status-publish","4":"has-post-thumbnail","6":"product_cat-adapter-halter","8":"first","9":"instock","10":"shipping-taxable","11":"product-type-simple"},"acf":[],"_links":{"self":[{"href":"https:\/\/nivelsystem.com\/de\/wp-json\/wp\/v2\/product\/117306","targetHints":{"allow":["GET"]}}],"collection":[{"href":"https:\/\/nivelsystem.com\/de\/wp-json\/wp\/v2\/product"}],"about":[{"href":"https:\/\/nivelsystem.com\/de\/wp-json\/wp\/v2\/types\/product"}],"version-history":[{"count":4,"href":"https:\/\/nivelsystem.com\/de\/wp-json\/wp\/v2\/product\/117306\/revisions"}],"predecessor-version":[{"id":117364,"href":"https:\/\/nivelsystem.com\/de\/wp-json\/wp\/v2\/product\/117306\/revisions\/117364"}],"wp:featuredmedia":[{"embeddable":true,"href":"https:\/\/nivelsystem.com\/de\/wp-json\/wp\/v2\/media\/117359"}],"wp:attachment":[{"href":"https:\/\/nivelsystem.com\/de\/wp-json\/wp\/v2\/media?parent=117306"}],"wp:term":[{"taxonomy":"product_brand","embeddable":true,"href":"https:\/\/nivelsystem.com\/de\/wp-json\/wp\/v2\/product_brand?post=117306"},{"taxonomy":"product_cat","embeddable":true,"href":"https:\/\/nivelsystem.com\/de\/wp-json\/wp\/v2\/product_cat?post=117306"},{"taxonomy":"product_tag","embeddable":true,"href":"https:\/\/nivelsystem.com\/de\/wp-json\/wp\/v2\/product_tag?post=117306"},{"taxonomy":"branze","embeddable":true,"href":"https:\/\/nivelsystem.com\/de\/wp-json\/wp\/v2\/branze?post=117306"}],"curies":[{"name":"wp","href":"https:\/\/api.w.org\/{rel}","templated":true}]}}