{"id":117270,"date":"2025-06-29T10:00:50","date_gmt":"2025-06-29T10:00:50","guid":{"rendered":"https:\/\/nivelsystem.com\/?post_type=product&#038;p=117270"},"modified":"2025-11-17T07:41:05","modified_gmt":"2025-11-17T07:41:05","slug":"rotationslaser-nl340r-digital","status":"publish","type":"product","link":"https:\/\/nivelsystem.com\/de\/produkt\/rotationslaser-nl340r-digital\/","title":{"rendered":"Rotationslaser NL340R DIGITAL"},"content":{"rendered":"\t\t<div data-elementor-type=\"product-post\" data-elementor-id=\"117270\" class=\"elementor elementor-117270 elementor-117269\" data-elementor-post-type=\"product\">\n\t\t\t\t\t\t<section class=\"wd-negative-gap elementor-section elementor-top-section elementor-element elementor-element-1fd7e5b6 elementor-section-boxed elementor-section-height-default elementor-section-height-default\" data-id=\"1fd7e5b6\" data-element_type=\"section\">\n\t\t\t\t\t\t<div class=\"elementor-container elementor-column-gap-default\">\n\t\t\t\t\t<div class=\"elementor-column elementor-col-100 elementor-top-column elementor-element elementor-element-28ec9ec7\" data-id=\"28ec9ec7\" data-element_type=\"column\">\n\t\t\t<div class=\"elementor-widget-wrap elementor-element-populated\">\n\t\t\t\t\t\t<div class=\"elementor-element elementor-element-41c7e30 color-scheme-inherit text-left elementor-widget elementor-widget-text-editor\" data-id=\"41c7e30\" data-element_type=\"widget\" data-widget_type=\"text-editor.default\">\n\t\t\t\t<div class=\"elementor-widget-container\">\n\t\t\t\t\t\t\t\t\t<h2>Der Nivel System NL340R DIGITAL Rotationslaser ist ein vielseitiges und multifunktionales Werkzeug f\u00fcr Anwendungen im Freien und in Innenr\u00e4umen.<\/h2>\r\n<strong>Der NL340R DIGITAL Rotationslaser von Nivel System ist ein vielseitiges und multifunktionales Werkzeug f\u00fcr Arbeiten im Freien und im Innenbereich. Das Instrument wurde auf Basis der erprobten und effizienten NIVEL-Lasertechnologie entwickelt, die eine hohe Messgenauigkeit gew\u00e4hrleistet. Das Nivellierger\u00e4t bestimmt die horizontale (auch in 2 Achsen geneigte) und mit dem Laserlot werden die Vertikalen oder rechte Winkel bestimmt. Der Laser funktioniert gut auf langen Arbeitsabschnitten (Reichweite von 500 m) und unter schwierigen Gel\u00e4ndebedingungen \u2013 er nivelliert sich schnell und ist unempfindlich gegen Bodenvibrationen. Der Lasernivellier NL340R DIGITAL ist standardm\u00e4\u00dfig mit einem digitalen Sensor ausgestattet, auf dem die H\u00f6hendifferenzen digital angezeigt werden. Dadurch werden die Messungen erheblich vereinfacht und beschleunigt. Das Ger\u00e4t verf\u00fcgt \u00fcber eine intuitive Benutzeroberfl\u00e4che mit LCD-Display<\/strong>\r\n<ul>\r\n \t<li><strong>gro\u00dfe Reichweite<\/strong>\u00a0\u2013 Arbeiten im Freien \u00fcber eine Entfernung von 500 m (Arbeitsdurchmesser des Lasers)<\/li>\r\n \t<li><strong>Effizientes Nivellieren\u00a0<\/strong>\u2013 Durch den digitalen Lasersensor mit numerischer Bestimmung der H\u00f6hendifferenz (digitaler Lasersensor) wird die Nivellierung erheblich verbessert und die Genauigkeit des Nivellements erh\u00f6ht (Der Wert muss nicht mehr an der Nivellierlatte abgelesen werden, sondern wird auf dem Display des Sensors angezeigt)<\/li>\r\n \t<li><strong>Arbeiten mit geneigter Ebene<\/strong>\u00a0\u2013 Die Laserlinie kann im Bereich von \u00b1 10% in eine oder zwei Richtungen geneigt werden. Gef\u00e4lle im Gel\u00e4nde werden digital bestimmt und ohne dass es notwendig w\u00e4re, die H\u00f6hen der einzelnen Positionen umzurechnen<\/li>\r\n \t<li><strong>Laser in alle Richtungen<\/strong>\u00a0\u2013 Der Laserkopf bestimmt ,beim Erzeugen der horizontalen Laserebene zus\u00e4tzlich eine Laserlinie, wodurch die Definition der Ebene rechtwinklig zur markierten Linie erleichtert wird<\/li>\r\n \t<li><strong>schnelle Selbstnivellierung<\/strong>\u00a0\u2013 Mit dem Kompensator wird das Instrument schnell und genau nivelliert und der \u201eBewegungsalarm\u201c des Nivellierers schlie\u00dft fehlerhafte Messungen aus, wenn das Ger\u00e4t versehentlich umgesto\u00dfen und aus der waagerechten Stellung gebracht wurde<\/li>\r\n \t<li><strong>Ein-Mann-Bedienung<\/strong>\u00a0\u2013 Zur Bedienung, Messung der H\u00f6henunterschiede und Herstellung der H\u00f6henhorizonte wird nur eine Person ben\u00f6tigt<\/li>\r\n \t<li><strong>effiziente Stromversorgung<\/strong>\u00a0\u2013 Li-Ionen-Akku (8000mAh), der auch w\u00e4hrend des Betriebs geladen werden kann<\/li>\r\n \t<li><strong>alles im Paket<\/strong>\u00a0\u2013 Das Nivellier wird standardm\u00e4\u00dfig mit einem praktischen Zubeh\u00f6rpaket geliefert, das Sie bei der Arbeit unterst\u00fctzt (DIGITAL Lasersensor, Laserlattenhalterung, Akkus, Ladeger\u00e4t, Transportkoffer))<\/li>\r\n \t<li><strong>Arbeiten unter allen Bedingungen<\/strong>\u00a0\u2013 gepanzertes, verst\u00e4rktes Metallgeh\u00e4use, Laserk\u00f6pfe mit Metallabdeckungen, sto\u00dfd\u00e4mpfende Gummiecken zum Schutz des Lasers vor Besch\u00e4digungen durch Schl\u00e4ge und St\u00f6\u00dfe, staub- und spritzwasserdicht (IP54)<\/li>\r\n<\/ul>\r\n<h2><strong>SCHNELLE UND EINFACHE MESSUNG<\/strong><\/h2>\r\nDas Rotationslaser NL340R hat eine Selbstnivellierungsfunktion: beim Einschalten erfolgt seine automatische Horizontierung und das Ger\u00e4t ist sofort einsatzbereit. Der erzeugte Laserstrahl ist gut sichtbar \u2013 die Projektion an der Wand schafft eine Referenzlinie f\u00fcr horizontale Arbeiten. Die Kombination von Sensor und Laserlatte ergibt ein pr\u00e4zises Nivellierset, mit dem die Messungen von nur einer Person durchgef\u00fchrt werden k\u00f6nnen.\r\n<h2><strong>UNIVERSELLE EINSATZBEREICHE<\/strong><\/h2>\r\nDie Ger\u00e4te unterst\u00fctzen horizontalen Strahl. Die Ebene kann in eine oder zwei Richtungen geneigt werden (digital), sodass der Laser z.B. beim Fertigen von Gussestrichen, Nivellieren und Vorbereiten von Oberfl\u00e4chen zur Pflasterung, f\u00fcr Sportpl\u00e4tze oder Stra\u00dfen verwendet werden kann, wobei die Wasserableitung entsprechend den geplanten Gef\u00e4llewerten gew\u00e4hrleistet ist. Bei Bauarbeiten erweist sich ein Laserlot als n\u00fctzlich \u2013 es bildet die Achse der rotierend erzeugten Laserebene. Diese Funktionalit\u00e4t stellt sicher, dass der Laser bei senkrechten Arbeiten oder beim \u00dcbertragen von Punkten genau eingepasst wird (das Lot wird gleichzeitig nach oben und unten emittiert). Ein Lasersensor wird f\u00fcr Au\u00dfenarbeiten und gr\u00f6\u00dfere Entfernungen eingesetzt und bietet die M\u00f6glichkeit, Signale in der Reichweite von 500 m (Arbeitsdurchmesser) zu empfangen.\r\n<h2><strong>PR\u00c4ZISE UND ZUVERL\u00c4SSIGE GER\u00c4TE<\/strong><\/h2>\r\nDas Nivellierger\u00e4t basiert auf einem elektronischen Kompensator, der Vibrationen eliminiert und eine pr\u00e4zise Nivellierung der Laserebene gew\u00e4hrleistet. Ein elektronischer Kompensator ist viel genauer als ein magnetischer, insbesondere bei Baumessungen, bei denen das Gel\u00e4nde durch schwere Ger\u00e4te in Schwingungen geraten kann. NL340R bietet in solchen F\u00e4llen zuverl\u00e4ssige und genaue Messungen. Das Ger\u00e4t ist staub- und wasserdicht sowie mit IP54 zertifiziert. Dar\u00fcber hinaus ist der Rotationskopf durch eine Glashaube abgedeckt und das Lasergeh\u00e4use mit Gummiabdeckungen zum Schutz vor Aufprallsch\u00e4den versehen.\r\n<h2><strong>BEQUEME BEDIENUNG<\/strong><\/h2>\r\nNL340R verf\u00fcgt \u00fcber ein intuitives Bedienfeld. Die Eingabe von Neigungen erfolgt manuel. Der Laser wird von effizienten Lithium-Ionen-Akkus angetrieben und keinen Memory-Effekt haben (Sie werden beim \u00fcberm\u00e4\u00dfigen Nachladen nicht besch\u00e4digen). Das Ger\u00e4t kann direkt \u00fcber das Netzwerk nachgeladen werden. Erg\u00e4nzt wird das Ganze durch ein kompaktes Geh\u00e4use mit praktischen Griffen \u2013 so l\u00e4sst sich der Laser einfach vor Ort installieren und transportieren.\r\n<h2><strong>Einsatzbereiche:<\/strong><\/h2>\r\n<ul>\r\n \t<li><strong>Gel\u00e4ndenivellierung<\/strong><\/li>\r\n \t<li><strong>Mauererarbeiten<\/strong>\u00a0\u2013 Innen- und Au\u00dfenbereich (Fundamente, Wa\u00e4nde, Treppen, Estrich, Schalung)<\/li>\r\n \t<li><strong>Pflasterarbeiten<\/strong>\u00a0\u2013 Bau von Parkpl\u00e4tzen, Einfahrten, Terrassen<\/li>\r\n \t<li><strong>Montage- und Ausbauarbeiten<\/strong>\u00a0\u2013 Montage von Holz- und Aluminiumkonstruktionen, abgeh\u00e4ngten Decken, Fliesenarbeiten<\/li>\r\n \t<li><strong>Installationsarbeiten\u00a0<\/strong>\u2013 Kabeltrassen festlegen, Verlegen von Punkten<\/li>\r\n \t<li><strong>Schreinerarbeiten\u00a0<\/strong>\u2013 M\u00f6bel, Holzelemente<\/li>\r\n \t<li><strong>Lasersteuerung<\/strong><\/li>\r\n \t<li><strong>Klempnerarbeiten<\/strong>\u00a0\u2013 \u00dcberpr\u00fcfung der Tiefe der Baugrube und der zu verlegenden Rohrleitung (auch mit Gef\u00e4lle)<\/li>\r\n \t<li><strong>Gartenbau und Landwirtschaft<\/strong><\/li>\r\n<\/ul>\t\t\t\t\t\t\t\t<\/div>\n\t\t\t\t<\/div>\n\t\t\t\t\t<\/div>\n\t\t<\/div>\n\t\t\t\t\t<\/div>\n\t\t<\/section>\n\t\t\t\t<\/div>\n\t\t","protected":false},"excerpt":{"rendered":"<ul>\n<li><strong>Universell und modern<\/strong>, horizontale Anwendungen<\/li>\n<li><strong>automatisierte Nivellierung\u00a0<\/strong>\u2013 Digitales Nivellieren mit dem RD300 Digital Sensor<\/li>\n<li><strong>hohe Genauigkeit\u00a0<\/strong>der Messungen von 1,0mm\/10m<\/li>\n<li><strong>Hervorragendes Preis-Leistungsverh\u00e4ltnis<\/strong><\/li>\n<li><strong>Jahrelanger sicherer Gebrauch<\/strong>, zuverl\u00e4ssige, bew\u00e4hrte Konstruktion (IP54)<\/li>\n<\/ul>\n[html_block id=\"30167\"]\n","protected":false},"featured_media":117265,"template":"","meta":{"_acf_changed":false},"product_brand":[],"product_cat":[285],"product_tag":[],"branze":[],"class_list":{"0":"post-117270","1":"product","2":"type-product","3":"status-publish","4":"has-post-thumbnail","6":"product_cat-lasernivelliergerat","8":"first","9":"instock","10":"featured","11":"shipping-taxable","12":"product-type-simple"},"acf":[],"_links":{"self":[{"href":"https:\/\/nivelsystem.com\/de\/wp-json\/wp\/v2\/product\/117270","targetHints":{"allow":["GET"]}}],"collection":[{"href":"https:\/\/nivelsystem.com\/de\/wp-json\/wp\/v2\/product"}],"about":[{"href":"https:\/\/nivelsystem.com\/de\/wp-json\/wp\/v2\/types\/product"}],"version-history":[{"count":6,"href":"https:\/\/nivelsystem.com\/de\/wp-json\/wp\/v2\/product\/117270\/revisions"}],"predecessor-version":[{"id":117961,"href":"https:\/\/nivelsystem.com\/de\/wp-json\/wp\/v2\/product\/117270\/revisions\/117961"}],"wp:featuredmedia":[{"embeddable":true,"href":"https:\/\/nivelsystem.com\/de\/wp-json\/wp\/v2\/media\/117265"}],"wp:attachment":[{"href":"https:\/\/nivelsystem.com\/de\/wp-json\/wp\/v2\/media?parent=117270"}],"wp:term":[{"taxonomy":"product_brand","embeddable":true,"href":"https:\/\/nivelsystem.com\/de\/wp-json\/wp\/v2\/product_brand?post=117270"},{"taxonomy":"product_cat","embeddable":true,"href":"https:\/\/nivelsystem.com\/de\/wp-json\/wp\/v2\/product_cat?post=117270"},{"taxonomy":"product_tag","embeddable":true,"href":"https:\/\/nivelsystem.com\/de\/wp-json\/wp\/v2\/product_tag?post=117270"},{"taxonomy":"branze","embeddable":true,"href":"https:\/\/nivelsystem.com\/de\/wp-json\/wp\/v2\/branze?post=117270"}],"curies":[{"name":"wp","href":"https:\/\/api.w.org\/{rel}","templated":true}]}}