{"id":115924,"date":"2010-06-05T10:00:00","date_gmt":"2010-06-05T10:00:00","guid":{"rendered":"https:\/\/nivelsystem.com\/?post_type=product&#038;p=115924"},"modified":"2025-08-28T09:24:03","modified_gmt":"2025-08-28T09:24:03","slug":"nivel-system-nl620g-digital","status":"publish","type":"product","link":"https:\/\/nivelsystem.com\/de\/produkt\/nivel-system-nl620g-digital\/","title":{"rendered":"Rotationslaser NL620G DIGITAL"},"content":{"rendered":"<h2>Der Nivel System NL620G DIGITAL Rotationslaser ist ein vielseitiges und multifunktionales Werkzeug f\u00fcr Anwendungen im Freien und in Innenr\u00e4umen.<\/h2>\n<p>Der\u00a0<strong>NL620G DIGITAL<\/strong>\u00a0Rotationslaser von Nivel System ist ein vielseitiges und multifunktionales Werkzeug f\u00fcr Arbeiten im Freien und im Innenbereich. Mit einer gr\u00fcnen Laserlinie ausgestattet bietet dieses Modell die beste Sichtbarkeit seiner Klasse: Gr\u00fcne Linien sind f\u00fcr das menschliche Auge bis zu viermal besser sichtbar als rote Linien. Das Instrument wurde auf Basis der erprobten und effizienten NIVEL-Lasertechnologie entwickelt, die eine hohe Messgenauigkeit gew\u00e4hrleistet. Das Nivellierger\u00e4t bestimmt die horizontale (auch in 2 Achsen geneigte) und die vertikale Ebene und mit dem Laserlot werden die Vertikalen oder rechte Winkel bestimmt. Der Laser funktioniert gut auf langen Arbeitsabschnitten (Reichweite von 600 m) und unter schwierigen Gel\u00e4ndebedingungen \u2013 er nivelliert sich schnell und ist unempfindlich gegen Bodenvibrationen. Der Lasernivellier NL620G DIGITAL ist standardm\u00e4\u00dfig mit einem digitalen Sensor ausgestattet, auf dem die H\u00f6hendifferenzen digital angezeigt werden. Dadurch werden die Messungen erheblich vereinfacht und beschleunigt. Das Ger\u00e4t verf\u00fcgt \u00fcber eine intuitive Benutzeroberfl\u00e4che. Zus\u00e4tzlich ist die Fernbedienung mittels Funkfernbedienung m\u00f6glich.<\/p>\n<ul>\n<li><strong>alles ist mit blo\u00dfem Auge erkennbar<\/strong>\u00a0\u2013 die gr\u00fcne Farbe des Lasers (4-mal besser sichtbar als ein roter Laser) ist so intensiv, dass der auf das Objekt projizierte Strahl auch in hellen und sonnigen R\u00e4umen gut sichtbar ist<\/li>\n<li><strong>gro\u00dfe Reichweite<\/strong>\u00a0\u2013 Arbeiten im Freien \u00fcber eine Entfernung von 600 m (Arbeitsdurchmesser des Lasers)<\/li>\n<li><strong>Effizientes Nivellieren\u00a0<\/strong>\u2013 Durch den digitalen Lasersensor mit numerischer Bestimmung der H\u00f6hendifferenz (digitaler Lasersensor) wird die Nivellierung erheblich verbessert und die Genauigkeit des Nivellements erh\u00f6ht (Der Wert muss nicht mehr an der Nivellierlatte abgelesen werden, sondern wird auf dem Display des Sensors angezeigt)<\/li>\n<li><strong>Arbeiten mit geneigter Ebene<\/strong>\u00a0\u2013 Die Laserlinie kann im Bereich von \u00b1 10% in eine oder zwei Richtungen geneigt werden. Gef\u00e4lle im Gel\u00e4nde werden manuell bestimmt und ohne dass es notwendig w\u00e4re, die H\u00f6hen der einzelnen Positionen umzurechnen<\/li>\n<li><strong>Laser in alle Richtungen<\/strong>\u00a0\u2013 Der Laserkopf bestimmt ,beim Erzeugen der horizontalen Laserebene zus\u00e4tzlich eine Laserlinie, wodurch die Definition der Ebene rechtwinklig zur markierten Linie erleichtert wird<\/li>\n<li><strong>schnelle Selbstnivellierung<\/strong>\u00a0\u2013 Mit dem Kompensator wird das Instrument schnell und genau nivelliert und der \u201eBewegungsalarm\u201c des Nivellierers schlie\u00dft fehlerhafte Messungen aus, wenn das Ger\u00e4t versehentlich umgesto\u00dfen und aus der waagerechten Stellung gebracht wurde<\/li>\n<li><strong>Ein-Mann-Bedienung<\/strong>\u00a0\u2013 Zur Bedienung, Messung der H\u00f6henunterschiede und Herstellung der H\u00f6henhorizonte wird nur eine Person ben\u00f6tigt<\/li>\n<li><strong>Fernbedienung<\/strong>\u00a0\u2013 \u00c4nderung der Laserparameter \u00fcber die serienm\u00e4\u00dfig mitgelieferte Funkfernbedienung<\/li>\n<li><strong>effiziente Stromversorgung<\/strong>\u00a0\u2013 Li-Ionen-Akku (8000mAh), der auch w\u00e4hrend des Betriebs geladen werden kann<\/li>\n<li><strong>alles im Paket<\/strong>\u00a0\u2013 Das Nivellier wird standardm\u00e4\u00dfig mit einem praktischen Zubeh\u00f6rpaket geliefert, das Sie bei der Arbeit unterst\u00fctzt (DIGITAL Lasersensor, Laserlattenhalterung, Fernbedienung, Akkus, Ladeger\u00e4t, Laserzieltafel, Transportkoffer)<\/li>\n<li><strong>Arbeiten unter allen Bedingungen<\/strong>\u00a0\u2013 gepanzertes, verst\u00e4rktes Metallgeh\u00e4use, Laserk\u00f6pfe mit Metallabdeckungen, sto\u00dfd\u00e4mpfende Gummiecken zum Schutz des Lasers vor Besch\u00e4digungen durch Schl\u00e4ge und St\u00f6\u00dfe, staub- und spritzwasserdicht (IP65)<\/li>\n<\/ul>\n<h2><strong>Einfache und schnelle Messungen<\/strong><\/h2>\n<p>Das\u00a0<strong>NL620G DIGITAL<\/strong>\u00a0Nivellier verf\u00fcgt \u00fcber eine automatische Nivellierfunktion, nach dem Einschalten nivelliert sich das Ger\u00e4t von selbst und ist sofort einsatzbereit. Der erzeugte gr\u00fcne Laserstrahl ist auch in hellen und sonnigen R\u00e4umen sehr gut sichtbar. Auf die Oberfl\u00e4che projiziert, bildet er eine Referenzlinie f\u00fcr horizontale oder vertikale Arbeiten. Bei der Arbeit mit Sensor und Laserlatte haben wir ein genaues Nivellierset zur Hand. Die Messungen k\u00f6nnen von einer Person durchgef\u00fchrt werden. Durch die digitale Anzeige des H\u00f6henunterschieds auf dem Display (digitaler Lasersensor) l\u00e4sst sich der Nivellierungsvorgang erheblich verk\u00fcrzen. Mit der Scanfunktion l\u00e4sst sich der angezeigte Strahl innerhalb eines bestimmten Bereichs verengen, sodass wir nur dort eine Referenzlaserlinie erhalten, wo wir arbeiten.<\/p>\n<h2><strong>Universell einsetzbar<\/strong><\/h2>\n<p>Mit dem Ger\u00e4t kann sowohl mit einer horizontalen als auch einer vertikalen Laserlinie gearbeitet werden. Die Ebene kann in eine oder zwei Richtungen geneigt werden, wodurch der Laser f\u00fcr Arbeiten wie das Gie\u00dfen von Fu\u00dfb\u00f6den oder das Nivellieren und Vorbereiten des Bodens zum Pflastern, Anlegen von Sportpl\u00e4tzen oder Stra\u00dfen und Wegen verwendet werden kann \u2013 wodurch ein Wasserablauf entlang den vorgesehenen Gef\u00e4llen sichergestellt ist. Bei Bauarbeiten ist ein Laserlot hilfreich, mit dem die Achse der durch Rotation erzeugten Laserebene markiert wird. Diese Funktionalit\u00e4t stellt sicher, dass sich der Laser bei senkrechten Arbeiten oder beim \u00dcbertragen von Punkten (das Lot wird gleichzeitig nach oben und unten angezeigt) genau ausgerichtet. Bei Arbeiten im Au\u00dfenbereich und gr\u00f6\u00dferen Reichweiten kommt ein Lasersensor zum Einsatz, mit dem es m\u00f6glich ist, ein Signal \u00fcber eine Entfernung von 600 m (Arbeitsdurchmesser) zu empfangen. Unterschiedliche Rotationsgeschwindigkeiten des Laserkopfes gew\u00e4hrleisten einen Einsatz des Lasers sowohl auf k\u00fcrzeren als auch l\u00e4ngeren Arbeitsstrecken.<\/p>\n<h2><strong>Zuverl\u00e4ssigkeit auf der Baustelle<\/strong><\/h2>\n<p>Das Nivellierger\u00e4t basiert auf einem elektronischen Kompensator, der die\u00dcbertragung von Vibrationen verhindern und eine pr\u00e4zise Nivellierung der Laserebene gew\u00e4hrleistet. Ein elektronischer Kompensator ist im Vergleich zu einem magnetischen wesentlich pr\u00e4ziser. Dies ist insbesondere bei Baumessungen von Bedeutung, bei denen der Boden durch den Betrieb von schwerem Ger\u00e4t vibrieren kann. Dadurch erhalten wir stets zuverl\u00e4ssige und genaue Messergebnisse. Das Ger\u00e4t ist staub- und wasserfest (Schutzart IP65). Dar\u00fcber hinaus ist der Drehkopf mit einem Metallgeh\u00e4use verkleidet. Der Baulaser ist mit Gummiabdeckungen zum Schutz vor Besch\u00e4digungen durch St\u00f6\u00dfe versehen.<\/p>\n<h2><strong>Exzellente Bedienbarkeit<\/strong><\/h2>\n<p>Der NL620G DIGITAL Baulaser verf\u00fcgt \u00fcber ein intuitives Bedienfeld.\u00a0Alle Funktionen, einschlie\u00dflich die Eingabe von Gef\u00e4llen, werden manuell eingestellt. Die Laserfunktionen k\u00f6nnen sowohl direkt von dem Ger\u00e4t aus als auch \u00fcber eine Fernbedienung gesteuert werden. Laser wird von einem leistungsstarken 8000-mAh-Akku betrieben, er kann aber auch direkt \u00fcber das Stromnetz mit Spannung versorgt werden. Erg\u00e4nzt wird das Ganze durch ein kompaktes Geh\u00e4use mit praktischen Griffen, das f\u00fcr einen handlichen und unkomplizierten Einsatz auf der Baustelle und einen einfachen Transport sorgt.<\/p>\n<h2><strong style=\"color: #1b1919; font-size: 24px;\">Entworfen in Europe<\/strong><\/h2>\n<p><img decoding=\"async\" class=\"wp-image-42662 alignleft\" src=\"https:\/\/nivelsystem.com\/wp-content\/uploads\/2020\/06\/logo_EU_projecy-300x192.png\" alt=\"\" width=\"156\" height=\"100\" title=\"\" srcset=\"https:\/\/nivelsystem.com\/wp-content\/uploads\/2020\/06\/logo_EU_projecy-300x192.png 300w, https:\/\/nivelsystem.com\/wp-content\/uploads\/2020\/06\/logo_EU_projecy-150x96.png 150w, https:\/\/nivelsystem.com\/wp-content\/uploads\/2020\/06\/logo_EU_projecy.png 364w\" sizes=\"(max-width: 156px) 100vw, 156px\" \/><\/p>\n<p><strong>Die wertvollste Erfahrung ist das Denken \u00fcber den Tellerrand hinaus!<\/strong><\/p>\n<p>Die NL620 Rotationslasern wurde in Polen entwickelt und konstruiert. Design ist das Ergebnis aus Erfahrung in der Entwicklung von Messtechnik und gleichzeitig der F\u00e4higkeit, \u00fcber den Tellerrand zu schauen.<\/p>\n","protected":false},"excerpt":{"rendered":"<ul>\n<li><strong>vielseitig und zeitgem\u00e4\u00df<\/strong>\u00a0\u2013\u00a0Horizontalen, Vertikalen, auch mit Neigung, gro\u00dfe Reichweite von 600m<\/li>\n<li><strong>automatisierte Nivellierung\u00a0<\/strong>\u2013 digitale Anzeige der H\u00f6hendifferenzen<\/li>\n<li><strong>hohe Messgenauigkeit<\/strong>\u00a0von 0,72mm\/10m<\/li>\n<li><strong>Arbeitskomfort\u00a0<\/strong>\u2013 gr\u00fcne Laserlinien, \u00fcbersichtliches MEN\u00dc, Fernbedienung<\/li>\n<li><strong>sichere Nutzung \u00fcber viele Jahre<\/strong>, sichere Nutzung \u00fcber viele Jahre, grundsolide, bew\u00e4hrte Bauweise (IP65)<\/li>\n<\/ul>\n[html_block id=\"30167\"]\n","protected":false},"featured_media":115826,"template":"","meta":{"_acf_changed":false},"product_brand":[],"product_cat":[285],"product_tag":[],"branze":[],"class_list":{"0":"post-115924","1":"product","2":"type-product","3":"status-publish","4":"has-post-thumbnail","6":"product_cat-lasernivelliergerat","8":"first","9":"instock","10":"shipping-taxable","11":"product-type-simple"},"acf":[],"_links":{"self":[{"href":"https:\/\/nivelsystem.com\/de\/wp-json\/wp\/v2\/product\/115924","targetHints":{"allow":["GET"]}}],"collection":[{"href":"https:\/\/nivelsystem.com\/de\/wp-json\/wp\/v2\/product"}],"about":[{"href":"https:\/\/nivelsystem.com\/de\/wp-json\/wp\/v2\/types\/product"}],"version-history":[{"count":5,"href":"https:\/\/nivelsystem.com\/de\/wp-json\/wp\/v2\/product\/115924\/revisions"}],"predecessor-version":[{"id":116536,"href":"https:\/\/nivelsystem.com\/de\/wp-json\/wp\/v2\/product\/115924\/revisions\/116536"}],"wp:featuredmedia":[{"embeddable":true,"href":"https:\/\/nivelsystem.com\/de\/wp-json\/wp\/v2\/media\/115826"}],"wp:attachment":[{"href":"https:\/\/nivelsystem.com\/de\/wp-json\/wp\/v2\/media?parent=115924"}],"wp:term":[{"taxonomy":"product_brand","embeddable":true,"href":"https:\/\/nivelsystem.com\/de\/wp-json\/wp\/v2\/product_brand?post=115924"},{"taxonomy":"product_cat","embeddable":true,"href":"https:\/\/nivelsystem.com\/de\/wp-json\/wp\/v2\/product_cat?post=115924"},{"taxonomy":"product_tag","embeddable":true,"href":"https:\/\/nivelsystem.com\/de\/wp-json\/wp\/v2\/product_tag?post=115924"},{"taxonomy":"branze","embeddable":true,"href":"https:\/\/nivelsystem.com\/de\/wp-json\/wp\/v2\/branze?post=115924"}],"curies":[{"name":"wp","href":"https:\/\/api.w.org\/{rel}","templated":true}]}}