{"id":115482,"date":"2025-06-30T09:17:50","date_gmt":"2025-06-30T09:17:50","guid":{"rendered":"https:\/\/nivelsystem.com\/?post_type=product&#038;p=115482"},"modified":"2025-10-22T10:04:48","modified_gmt":"2025-10-22T10:04:48","slug":"rotationslaser-nl320r-digital","status":"publish","type":"product","link":"https:\/\/nivelsystem.com\/de\/produkt\/rotationslaser-nl320r-digital\/","title":{"rendered":"Rotationslaser NL320R DIGITAL"},"content":{"rendered":"<h2><strong>NL320R DIGITAL universelle, schnelle und benutzerfreundliche Ausr\u00fcstung f\u00fcr Bauarbeiten (manuelle Neigungsangabe)<\/strong><\/h2>\n<p>Nivel System NL320R ist ein Mehrzweck-Rotationslaser, der vielseitige Bauanwendungen bietet. Arbeiten k\u00f6nnen innerhalb und au\u00dferhalb des Geb\u00e4udes mit einem Laserempf\u00e4nger durchgef\u00fchrt werden. Die Laserebene legt Referenzen f\u00fcr horizontale und vertikale Arbeiten fest, die Laserebene kann (\u00fcber die manuelle Neigungsangabe) in eine oder zwei Richtungen geneigt werden. Die Ausr\u00fcstung gew\u00e4hrleistet eine hohe Genauigkeit der durchgef\u00fchrten Arbeiten, auch \u00fcber gro\u00dfe Entfernungen und unter schwierigen Feldbedingungen. Das Ger\u00e4t ist dank der intuitiven Oberfl\u00e4che benutzerfreundlich. Seine St\u00e4rke ist Haltbarkeit und Wetterbest\u00e4ndigkeit sowie effiziente Lithium-Ionen-Akkus, die eine kontinuierliche Feldarbeit \u00fcber lange Zeit gew\u00e4hrleisten.<\/p>\n<h2><strong>SCHNELLE UND EINFACHE MESSUNG<\/strong><\/h2>\n<p>Das Rotationslaser NL320R hat eine Selbstnivellierungsfunktion: beim Einschalten erfolgt seine automatische Horizontierung und das Ger\u00e4t ist sofort einsatzbereit. Der erzeugte Laserstrahl ist gut sichtbar \u2013 die Projektion an der Wand schafft eine Referenzlinie f\u00fcr horizontale Arbeiten. Die Kombination von Sensor und Laserlatte ergibt ein pr\u00e4zises Nivellierset, mit dem die Messungen von nur einer Person durchgef\u00fchrt werden k\u00f6nnen.<\/p>\n<h2><strong>UNIVERSELLE EINSATZBEREICHE<\/strong><\/h2>\n<p>Die Ger\u00e4te unterst\u00fctzen horizontalen Strahl. Die Ebene kann in eine oder zwei Richtungen geneigt werden (manual), sodass der Laser z.B. beim Fertigen von Gussestrichen, Nivellieren und Vorbereiten von Oberfl\u00e4chen zur Pflasterung, f\u00fcr Sportpl\u00e4tze oder Stra\u00dfen verwendet werden kann, wobei die Wasserableitung entsprechend den geplanten Gef\u00e4llewerten gew\u00e4hrleistet ist. Bei Bauarbeiten erweist sich ein Laserlot als n\u00fctzlich \u2013 es bildet die Achse der rotierend erzeugten Laserebene. Diese Funktionalit\u00e4t stellt sicher, dass der Laser bei senkrechten Arbeiten oder beim \u00dcbertragen von Punkten genau eingepasst wird (das Lot wird gleichzeitig nach oben und unten emittiert). Ein Lasersensor wird f\u00fcr Au\u00dfenarbeiten und gr\u00f6\u00dfere Entfernungen eingesetzt und bietet die M\u00f6glichkeit, Signale in der Reichweite von 500 m (Arbeitsdurchmesser) zu empfangen.<\/p>\n<h2><strong>PR\u00c4ZISE UND ZUVERL\u00c4SSIGE GER\u00c4TE<\/strong><\/h2>\n<p>Das Nivellierger\u00e4t basiert auf einem elektronischen Kompensator, der Vibrationen eliminiert und eine pr\u00e4zise Nivellierung der Laserebene gew\u00e4hrleistet. Ein elektronischer Kompensator ist viel genauer als ein magnetischer, insbesondere bei Baumessungen, bei denen das Gel\u00e4nde durch schwere Ger\u00e4te in Schwingungen geraten kann. NL320R bietet in solchen F\u00e4llen zuverl\u00e4ssige und genaue Messungen. Das Ger\u00e4t ist staub- und wasserdicht sowie mit IP54 zertifiziert. Dar\u00fcber hinaus ist der Rotationskopf durch eine Glashaube abgedeckt und das Lasergeh\u00e4use mit Gummiabdeckungen zum Schutz vor Aufprallsch\u00e4den versehen.<\/p>\n<h2><strong>BEQUEME BEDIENUNG<\/strong><\/h2>\n<p>NL320R verf\u00fcgt \u00fcber ein intuitives Bedienfeld. Die Eingabe von Neigungen erfolgt manuel. Der Laser wird von effizienten Lithium-Ionen-Akkus angetrieben und keinen Memory-Effekt haben (Sie werden beim \u00fcberm\u00e4\u00dfigen Nachladen nicht besch\u00e4digen). Das Ger\u00e4t kann direkt \u00fcber das Netzwerk nachgeladen werden. Erg\u00e4nzt wird das Ganze durch ein kompaktes Geh\u00e4use mit praktischen Griffen \u2013 so l\u00e4sst sich der Laser einfach vor Ort installieren und transportieren.<\/p>\n<h3><strong>Einsatzbereiche:<\/strong><\/h3>\n<ul>\n<li><strong>Gel\u00e4ndenivellierung<\/strong><\/li>\n<li><strong>Mauererarbeiten<\/strong>\u00a0\u2013 Innen- und Au\u00dfenbereich (Fundamente, Wa\u00e4nde, Treppen, Estrich, Schalung)<\/li>\n<li><strong>Pflasterarbeiten<\/strong>\u00a0\u2013 Bau von Parkpl\u00e4tzen, Einfahrten, Terrassen<\/li>\n<li><strong>Montage- und Ausbauarbeiten<\/strong>\u00a0\u2013 Montage von Holz- und Aluminiumkonstruktionen, abgeh\u00e4ngten Decken, Fliesenarbeiten<\/li>\n<li><strong>Installationsarbeiten\u00a0<\/strong>\u2013 Kabeltrassen festlegen, Verlegen von Punkten<\/li>\n<li><strong>Schreinerarbeiten\u00a0<\/strong>\u2013 M\u00f6bel, Holzelemente<\/li>\n<li><strong>Lasersteuerung<\/strong><\/li>\n<li><strong>Klempnerarbeiten<\/strong>\u00a0\u2013 \u00dcberpr\u00fcfung der Tiefe der Baugrube und der zu verlegenden Rohrleitung (auch mit Gef\u00e4lle)<\/li>\n<li><strong>Gartenbau und Landwirtschaft<\/strong><\/li>\n<\/ul>\n","protected":false},"excerpt":{"rendered":"<div class=\"elementor-element elementor-element-c25813a elementor-widget elementor-widget-text-editor\" data-id=\"c25813a\" data-element_type=\"widget\" data-widget_type=\"text-editor.default\">\n<div class=\"elementor-widget-container\">\n<ul>\n<li><strong>Universell und modern<\/strong>, horizontale Arbeiten, auch mit Neigungen, Reichweite 500 m<\/li>\n<li><strong>Automatisierte Nivellierung\u00a0<\/strong>\u2013 digitale Anzeige der H\u00f6hendifferenzen mit dem RD300 Digital Sensor<\/li>\n<li><strong>Hohe Genauigkeit\u00a0<\/strong>der Messungen von 1,0mm\/10m<\/li>\n<li><strong>Arbeitskomfort<\/strong>, klares MEN\u00dc<\/li>\n<li><strong>Jahrelanger sicherer Gebrauch<\/strong>, zuverl\u00e4ssige, bew\u00e4hrte Konstruktion (IP54)<\/li>\n<\/ul>\n[html_block id=\"30167\"]\n<\/div>\n<\/div>\n","protected":false},"featured_media":115493,"template":"","meta":{"_acf_changed":false},"product_brand":[],"product_cat":[285],"product_tag":[],"branze":[],"class_list":{"0":"post-115482","1":"product","2":"type-product","3":"status-publish","4":"has-post-thumbnail","6":"product_cat-lasernivelliergerat","8":"first","9":"instock","10":"featured","11":"shipping-taxable","12":"product-type-simple"},"acf":[],"_links":{"self":[{"href":"https:\/\/nivelsystem.com\/de\/wp-json\/wp\/v2\/product\/115482","targetHints":{"allow":["GET"]}}],"collection":[{"href":"https:\/\/nivelsystem.com\/de\/wp-json\/wp\/v2\/product"}],"about":[{"href":"https:\/\/nivelsystem.com\/de\/wp-json\/wp\/v2\/types\/product"}],"version-history":[{"count":3,"href":"https:\/\/nivelsystem.com\/de\/wp-json\/wp\/v2\/product\/115482\/revisions"}],"predecessor-version":[{"id":117262,"href":"https:\/\/nivelsystem.com\/de\/wp-json\/wp\/v2\/product\/115482\/revisions\/117262"}],"wp:featuredmedia":[{"embeddable":true,"href":"https:\/\/nivelsystem.com\/de\/wp-json\/wp\/v2\/media\/115493"}],"wp:attachment":[{"href":"https:\/\/nivelsystem.com\/de\/wp-json\/wp\/v2\/media?parent=115482"}],"wp:term":[{"taxonomy":"product_brand","embeddable":true,"href":"https:\/\/nivelsystem.com\/de\/wp-json\/wp\/v2\/product_brand?post=115482"},{"taxonomy":"product_cat","embeddable":true,"href":"https:\/\/nivelsystem.com\/de\/wp-json\/wp\/v2\/product_cat?post=115482"},{"taxonomy":"product_tag","embeddable":true,"href":"https:\/\/nivelsystem.com\/de\/wp-json\/wp\/v2\/product_tag?post=115482"},{"taxonomy":"branze","embeddable":true,"href":"https:\/\/nivelsystem.com\/de\/wp-json\/wp\/v2\/branze?post=115482"}],"curies":[{"name":"wp","href":"https:\/\/api.w.org\/{rel}","templated":true}]}}