{"id":115400,"date":"2025-06-30T10:00:31","date_gmt":"2025-06-30T10:00:31","guid":{"rendered":"https:\/\/nivelsystem.com\/?post_type=product&#038;p=115400"},"modified":"2025-10-22T10:02:01","modified_gmt":"2025-10-22T10:02:01","slug":"rotationslaser-nl300r-digital","status":"publish","type":"product","link":"https:\/\/nivelsystem.com\/de\/produkt\/rotationslaser-nl300r-digital\/","title":{"rendered":"Rotationslaser NL300R DIGITAL"},"content":{"rendered":"<div class=\"elementor-element elementor-element-63da071 elementor-widget elementor-widget-heading\" data-id=\"63da071\" data-element_type=\"widget\" data-widget_type=\"heading.default\">\n<div class=\"elementor-widget-container\">\n<div class=\"elementor-element elementor-element-87eacf6 elementor-widget elementor-widget-heading\" data-id=\"87eacf6\" data-element_type=\"widget\" data-widget_type=\"heading.default\">\n<div class=\"elementor-widget-container\">\n<h2 class=\"elementor-heading-title elementor-size-default\">NL300R DIGITAL schnell und einfach zu bedienen. Einschalten und arbeiten<\/h2>\n<\/div>\n<\/div>\n<div class=\"elementor-element elementor-element-a87d091 elementor-widget elementor-widget-text-editor\" data-id=\"a87d091\" data-element_type=\"widget\" data-widget_type=\"text-editor.default\">\n<div class=\"elementor-widget-container\">\n<p>Rotationslaser Nivel System NL300R (mit rotem Laserstrahl) ist ein schnelles und benutzerfreundliches Messwerkzeug f\u00fcr horizontale Arbeiten \u2013 sowohl in Innenr\u00e4umen (mit sichtbarem Laserstrahl) als auch in offenen R\u00e4umen (mit einem Laserempf\u00e4nger). Es verf\u00fcgt \u00fcber ein intuitives Bedienfeld \u2013 \u201cEinschalten und arbeiten!\u201d Noch nie war das Nivellieren so einfach. Dank NL300R kann jeder genaue Messungen durchf\u00fchren. Die horizontale Laserebene, die von dem Rotationslaser erzeugt wird, ist die Referenz f\u00fcr die Nivellierung. Der ersetzt perfekt das optische Nivellierger\u00e4t. Die Messung ist einfacher. Die H\u00f6henanzeige auf der Messlatte erfolgt mit Millimetergenauigkeit. Die St\u00e4rke liegt in der Haltbarkeit und Best\u00e4ndigkeit gegen Wetterbedingungen sowie in effizienten Lithium-Ionen-Batterien, die mehrere Stunden ununterbrochene Feldarbeit erm\u00f6glichen.<\/p>\n<div>\n<ul>\n<li><strong>Alles kann mit blo\u00dfem Auge gesehen werden\u00a0<\/strong>\u2013 die rote Farbe des Lasers ist so intensiv, dass im Inneren des Geb\u00e4udes der auf das Objekt projizierte Strahl auch in einer Entfernung von mehreren Dutzend Metern deutlich sichtbar ist.<\/li>\n<li><strong>Noch gr\u00f6\u00dfere Reichweite\u00a0<\/strong>\u2013 Ein Lasersensor erm\u00f6glicht Arbeiten im Freien in einer Entfernung von 500 m (Durchmesser), wodurch die Nivellierung verbessert und die Genauigkeit erh\u00f6ht wird.<\/li>\n<li><strong>Effizientes Nivellieren\u00a0<\/strong>\u2013 Durch den digitalen Lasersensor mit numerischer Bestimmung der H\u00f6hendifferenz (digitaler Lasersensor) wird die Nivellierung erheblich verbessert und die Genauigkeit des Nivellements erh\u00f6ht (Der Wert muss nicht mehr an der Nivellierlatte abgelesen werden, sondern wird auf dem Display des Sensors angezeigt)<\/li>\n<li><strong>Schnelle Selbstnivellierung\u00a0<\/strong>\u2013 Der Kompensator nivelliert das Instrument schnell und genau, und der Bewegungsalarm verhindert fehlerhafte Messungen bei Ersch\u00fctterungen, wenn das Instrument versehentlich getroffen oder anders denivelliert wird.<\/li>\n<li><strong>Ein-Mann-Betrieb\u00a0<\/strong>\u2013 Es ist nur eine Person erforderlich, um das Instrument zu bedienen und die\u00a0 H\u00f6henunterschiede zu bestimmen.<\/li>\n<li><strong>Alles im Paket\u00a0<\/strong>\u2013 der Rotationslaser wird standardm\u00e4\u00dfig mit dem praktischem Zubeh\u00f6r geliefert, das die Arbeit unterst\u00fctzt (Laserempf\u00e4nger, Laserempf\u00e4nger-Halter, Ladeger\u00e4t, Transportkoffer).<\/li>\n<li><strong>Arbeiten unter allen Bedingungen\u00a0<\/strong>\u2013 Ein vollst\u00e4ndig geschlossener Laserkopf wird vor mechanischer Besch\u00e4digung \u00a0gesch\u00fctzt. Das abgedichtete Geh\u00e4use entspricht der IP54-Norm und erm\u00f6glicht das Arbeiten bei Regen und Staub.<\/li>\n<\/ul>\n<\/div>\n<\/div>\n<\/div>\n<div class=\"elementor-element elementor-element-cd83173 elementor-widget elementor-widget-heading\" data-id=\"cd83173\" data-element_type=\"widget\" data-widget_type=\"heading.default\">\n<div class=\"elementor-widget-container\">\n<h4 class=\"elementor-heading-title elementor-size-default\">SCHNELLE UND EINFACHE MESSUNG<\/h4>\n<\/div>\n<\/div>\n<div class=\"elementor-element elementor-element-9012b7a elementor-widget elementor-widget-text-editor\" data-id=\"9012b7a\" data-element_type=\"widget\" data-widget_type=\"text-editor.default\">\n<div class=\"elementor-widget-container\">Das Nivellierger\u00e4t NL300R hat eine Selbstnivellierungsfunktion: beim Einschalten erfolgt seine automatische Horizontierung und das Ger\u00e4t ist sofort einsatzbereit. Der erzeugte Laserstrahl ist gut sichtbar \u2013 die Projektion an der Wand schafft eine Referenzlinie f\u00fcr horizontale oder vertikale Arbeiten. Die Kombination von Sensor und Laserlatte ergibt ein pr\u00e4zises Nivellierset, mit dem die Messungen von nur einer Person durchgef\u00fchrt werden k\u00f6nnen.<\/div>\n<\/div>\n<div class=\"elementor-element elementor-element-e587344 elementor-widget elementor-widget-heading\" data-id=\"e587344\" data-element_type=\"widget\" data-widget_type=\"heading.default\">\n<div class=\"elementor-widget-container\">\n<h4 class=\"elementor-heading-title elementor-size-default\">UNIVERSELLE EINSATZBEREICHE<\/h4>\n<\/div>\n<\/div>\n<div class=\"elementor-element elementor-element-f581ba7 elementor-widget elementor-widget-text-editor\" data-id=\"f581ba7\" data-element_type=\"widget\" data-widget_type=\"text-editor.default\">\n<div class=\"elementor-widget-container\">Mit dem Rotationslaser k\u00f6nnen Sie sowohl drinnen als auch drau\u00dfen arbeiten. Die Ausr\u00fcstung kann f\u00fcr Arbeiten wie Gie\u00dfen von B\u00f6den, Nivellieren und Oberfl\u00e4chenvorbereitung f\u00fcr Pflastersteine, Spielpl\u00e4tze oder Stra\u00dfen sowie f\u00fcr alle Endbearbeitungsarbeiten (abgeh\u00e4ngte Decken, in Geb\u00e4uden, W\u00e4nde) verwendet werden. Ein Laserempf\u00e4nger\u00a0wird f\u00fcr Au\u00dfenarbeiten und gr\u00f6\u00dfere Entfernungen eingesetzt und bietet die M\u00f6glichkeit, Signale in der Reichweite von 500 m (Arbeitsdurchmesser) zu empfangen.<\/div>\n<\/div>\n<div class=\"elementor-element elementor-element-1aac787 elementor-widget elementor-widget-heading\" data-id=\"1aac787\" data-element_type=\"widget\" data-widget_type=\"heading.default\">\n<div class=\"elementor-widget-container\">\n<h4 class=\"elementor-heading-title elementor-size-default\">PR\u00c4ZISE UND ZUVERL\u00c4SSIGE GER\u00c4TE<\/h4>\n<\/div>\n<\/div>\n<div class=\"elementor-element elementor-element-0b0626e elementor-widget elementor-widget-text-editor\" data-id=\"0b0626e\" data-element_type=\"widget\" data-widget_type=\"text-editor.default\">\n<div class=\"elementor-widget-container\">Der Rotationslaser basiert auf einem elektronischen Kompensator, der Vibrationen eliminiert und eine pr\u00e4zise Nivellierung der Laserebene gew\u00e4hrleistet. Ein elektronischer Kompensator ist viel genauer als ein magnetischer, insbesondere bei Baumessungen, bei denen das Gel\u00e4nde durch schwere Ger\u00e4te in Schwingungen geraten kann. NL300R bietet in solchen F\u00e4llen zuverl\u00e4ssige und genaue Messungen. Das Ger\u00e4t ist staub- und wasserdicht sowie mit IP54 zertifiziert. Dar\u00fcber hinaus ist der Rotationskopf durch eine Glashaube abgedeckt und das Lasergeh\u00e4use mit Gummiabdeckungen zum Schutz vor Aufprallsch\u00e4den versehen.<\/div>\n<\/div>\n<div class=\"elementor-element elementor-element-14454d4 elementor-widget elementor-widget-heading\" data-id=\"14454d4\" data-element_type=\"widget\" data-widget_type=\"heading.default\">\n<div class=\"elementor-widget-container\">\n<h4 class=\"elementor-heading-title elementor-size-default\">BEQUEME BEDIENUNG<\/h4>\n<\/div>\n<\/div>\n<div class=\"elementor-element elementor-element-1361dbe elementor-widget elementor-widget-text-editor\" data-id=\"1361dbe\" data-element_type=\"widget\" data-widget_type=\"text-editor.default\">\n<div class=\"elementor-widget-container\">Der NL300R verf\u00fcgt \u00fcber ein intuitives Bedienfeld. Die gesamte Bedienung ist auf zwei Funktionen beschr\u00e4nkt: Einschalten und Arbeiten \u2013 Ausschalten (Arbeiten beendet). Der Laser wird von Hochleistungs-Lithium-Ionen-Akkus angetrieben, die eine Betriebsdauer von ca. 50 Stunden erm\u00f6glichen und keinen Memory-Effekt aufweisen (sie werden durch \u00fcberm\u00e4\u00dfiges Nachladen nicht besch\u00e4digt). Das Ger\u00e4t kann auch direkt \u00fcber das Netzwerk mit Strom versorgt werden. Erg\u00e4nzt wird das Ganze durch ein kompaktes Geh\u00e4use mit praktischen Griffen \u2013 so l\u00e4sst sich der Laser einfach vor Ort installieren und transportieren.<\/div>\n<\/div>\n<div class=\"elementor-element elementor-element-bd3a840 elementor-widget elementor-widget-heading\" data-id=\"bd3a840\" data-element_type=\"widget\" data-widget_type=\"heading.default\">\n<div class=\"elementor-widget-container\">\n<h3 class=\"elementor-heading-title elementor-size-default\">Einsatzbereiche:<\/h3>\n<\/div>\n<\/div>\n<div class=\"elementor-element elementor-element-54b235a elementor-widget elementor-widget-text-editor\" data-id=\"54b235a\" data-element_type=\"widget\" data-widget_type=\"text-editor.default\">\n<div class=\"elementor-widget-container\">\n<ul>\n<li><span lang=\"de-DE\"><b>Gel\u00e4ndenivellierung<\/b><\/span><\/li>\n<li><span lang=\"de-DE\"><b>Mauererarbeiten<\/b><\/span><span lang=\"de-DE\">\u00a0\u2013 Innen- und Au\u00dfenbereich (Fundamente, Wa\u00e4nde, Treppen, Estrich, Schalung)<\/span><\/li>\n<li><span lang=\"de-DE\"><b>Pflasterarbeiten<\/b><\/span><span lang=\"de-DE\">\u00a0\u2013 Bau von Parkpl\u00e4tzen, Einfahrten, Terrassen<\/span><\/li>\n<li><span lang=\"de-DE\"><b>Montage- und Ausbauarbeiten<\/b><\/span><span lang=\"de-DE\">\u00a0\u2013 Montage von Holz- und Aluminiumkonstruktionen, abgeh\u00e4ngten Decken, Fliesenarbeiten<\/span><\/li>\n<li><span lang=\"de-DE\"><b>Installationsarbeiten\u00a0<\/b><\/span><span lang=\"de-DE\">\u2013 Kabeltrassen festlegen, Verlegen von Punkten<\/span><\/li>\n<li><span lang=\"de-DE\"><b>Schreinerarbeiten\u00a0<\/b><\/span><span lang=\"de-DE\">\u2013 M\u00f6bel, Holzelemente<\/span><\/li>\n<li><span lang=\"de-DE\"><b>Gartenbau und Landwirtschaft<\/b><\/span><\/li>\n<\/ul>\n<\/div>\n<\/div>\n<\/div>\n<\/div>\n","protected":false},"excerpt":{"rendered":"<ul>\n<li><strong>Universell und modern<\/strong>, horizontale Anwendungen<\/li>\n<li><strong>automatisierte Nivellierung\u00a0<\/strong>\u2013 Digitales Nivellieren mit dem RD300 Digital Sensor<\/li>\n<li><strong>hohe Genauigkeit\u00a0<\/strong>der Messungen von 1,0mm\/10m<\/li>\n<li><strong>Hervorragendes Preis-Leistungsverh\u00e4ltnis<\/strong><\/li>\n<li><strong>Jahrelanger sicherer Gebrauch<\/strong>, zuverl\u00e4ssige, bew\u00e4hrte Konstruktion (IP54)<\/li>\n<\/ul>\n[html_block id=\"30167\"]\n","protected":false},"featured_media":116588,"template":"","meta":{"_acf_changed":false},"product_brand":[],"product_cat":[285],"product_tag":[],"branze":[],"class_list":{"0":"post-115400","1":"product","2":"type-product","3":"status-publish","4":"has-post-thumbnail","6":"product_cat-lasernivelliergerat","8":"first","9":"instock","10":"featured","11":"shipping-taxable","12":"product-type-simple"},"acf":[],"_links":{"self":[{"href":"https:\/\/nivelsystem.com\/de\/wp-json\/wp\/v2\/product\/115400","targetHints":{"allow":["GET"]}}],"collection":[{"href":"https:\/\/nivelsystem.com\/de\/wp-json\/wp\/v2\/product"}],"about":[{"href":"https:\/\/nivelsystem.com\/de\/wp-json\/wp\/v2\/types\/product"}],"version-history":[{"count":6,"href":"https:\/\/nivelsystem.com\/de\/wp-json\/wp\/v2\/product\/115400\/revisions"}],"predecessor-version":[{"id":117258,"href":"https:\/\/nivelsystem.com\/de\/wp-json\/wp\/v2\/product\/115400\/revisions\/117258"}],"wp:featuredmedia":[{"embeddable":true,"href":"https:\/\/nivelsystem.com\/de\/wp-json\/wp\/v2\/media\/116588"}],"wp:attachment":[{"href":"https:\/\/nivelsystem.com\/de\/wp-json\/wp\/v2\/media?parent=115400"}],"wp:term":[{"taxonomy":"product_brand","embeddable":true,"href":"https:\/\/nivelsystem.com\/de\/wp-json\/wp\/v2\/product_brand?post=115400"},{"taxonomy":"product_cat","embeddable":true,"href":"https:\/\/nivelsystem.com\/de\/wp-json\/wp\/v2\/product_cat?post=115400"},{"taxonomy":"product_tag","embeddable":true,"href":"https:\/\/nivelsystem.com\/de\/wp-json\/wp\/v2\/product_tag?post=115400"},{"taxonomy":"branze","embeddable":true,"href":"https:\/\/nivelsystem.com\/de\/wp-json\/wp\/v2\/branze?post=115400"}],"curies":[{"name":"wp","href":"https:\/\/api.w.org\/{rel}","templated":true}]}}