{"id":115060,"date":"2020-06-05T10:05:11","date_gmt":"2020-06-05T10:05:11","guid":{"rendered":"https:\/\/nivelsystem.com\/?post_type=product&#038;p=115060"},"modified":"2026-03-03T12:48:16","modified_gmt":"2026-03-03T12:48:16","slug":"baulaser-clx3g","status":"publish","type":"product","link":"https:\/\/nivelsystem.com\/de\/produkt\/baulaser-clx3g\/","title":{"rendered":"Baulaser CLx3G"},"content":{"rendered":"<h2>Der Nivel System <strong>CLx3G<\/strong> ist ein 3D-Mehrzweck-Kreuzlinienlaser.<\/h2>\n<p>Mit dem Ger\u00e4t projizieren Sie perfekt nivellierte Referenzlinien an die Wand (horizontal und vertikal) zur Unterst\u00fctzung von Ausbau- und allgemeinen Bauarbeiten aller Art. Mit den zwei Laserk\u00f6pfen kann mit zwei 360\u00b0-Laserebenen gearbeitet werden. Durch gleichzeitige Anzeige dieser Ebenen lassen sich rechte Winkel bestimmen. Diese Option ist unter anderem bei Bau- und Ausbauarbeiten (z.B. beim Fliesenlegen) hilfreich. Der Kompensator l\u00e4sst sich arretieren und so k\u00f6nnen durch Neigen des Ger\u00e4tes auch schr\u00e4ge Linien projiziert werden. Mit dem integrierten Stativgewinde l\u00e4sst sich das Instrument sicher und stabil auf einem Stativ, Adapter oder einer Wandhalterung festmachen. Die verst\u00e4rkten Geh\u00e4useteile sch\u00fctzen das Ger\u00e4t vor Besch\u00e4digungen durch St\u00f6\u00dfe und Schl\u00e4ge.<\/p>\n<ul>\n<li><strong>Genauigkeit und Zuverl\u00e4ssigkeit<\/strong>&#8211; &#8211; Gut sichtbare blauer Laserlinie, die ein Arbeiten mit einer Genauigkeit von \u00b1 2 mm\/10 m erm\u00f6glicht<\/li>\n<li><strong>Vielseitigkeit und Multifunktionalit\u00e4t<\/strong> \u2013 3 Laserebenen (360 \u00b0), Kontrolle von Bauarbeiten mit zwei Achsen.<\/li>\n<\/ul>\n<ul>\n<li><strong>digitale Anzeigen <\/strong><strong>\u2013 <\/strong><strong>M\u00f6glichkeit, mit dem digitalen RD800 DIGITAL Lasersensor zu arbeiten, bei dem die H\u00f6hendifferenzen in Millimetern angezeigt werden <\/strong><\/li>\n<li><strong>schnelle Nivellierung<\/strong>\u00a0&#8211; Die moderne magnetische Schwingungskompensation gew\u00e4hrleistet eine schnelle Vorbereitung des Ger\u00e4tes auf den Betrieb. Es werden stabile Laserlinien projiziert, auch auf instabilem Untergrund und nach den Arretieren kann auch mit Schr\u00e4gen gearbeitet werden<\/li>\n<li><strong>noch gr\u00f6\u00dfere Reichweite<\/strong>\u00a0&#8211; Dank der Pulsfunktion kann mit dem Lasersensor auch \u00fcber gro\u00dfe Entfernungen au\u00dferhalb von Geb\u00e4uden gearbeitet werden (Arbeitsdurchmesser 140m)<\/li>\n<li><strong>intuitive Bedienung<\/strong>\u00a0\u2013 einfach und schnell zu bedienendes Bedienfeld mit App f\u00fcr mobile Endger\u00e4te (Bluetooth)<\/li>\n<li><strong>Zentrieradapter <\/strong>\u2013 erm\u00f6glicht die pr\u00e4zise Bestimmung der Richtung der vertikalen Ebene durch Beibehaltung des Schnittpunkts zweier vom Laser erzeugter vertikaler Ebenen<\/li>\n<li><strong>effiziente Stromversorgung<\/strong> \u2013 Li-Ionen-Akku (8000mAh) ohne Memory-Effekt, der w\u00e4hrend des Betriebs geladen wird<\/li>\n<li><strong>unempfindlich gegen mechanische Besch\u00e4digungen und langlebig<\/strong>\u00a0\u2013 gepanzertes, verst\u00e4rktes Metallgeh\u00e4use, Laserk\u00f6pfe mit Metallabdeckungen, sto\u00dfd\u00e4mpfende Gummiecken zum Schutz des Lasers vor Besch\u00e4digungen durch Schl\u00e4ge und St\u00f6\u00dfe, staub- und spritzwasserdicht (IP54)<\/li>\n<\/ul>\n<h2><strong>Einfache und schnelle Messungen.<\/strong><\/h2>\n<p>Nach dem Einschalten nivelliert der CLx3G Multilaser sich automatisch ein und ist sofort betriebsbereit. Die erzeugte blaue Laserlinie ist 4-mal besser sichtbar als ein roter Laser und etwas d\u00fcnner im Vergleich zu einer gr\u00fcnen Laserlinie. Eine blauer Laser ist klarer sichtbar, wodurch der Arbeitskomfort in kleinen R\u00e4umen verbessert wird. Diese Laserfarbe schont die Augen und macht eine bequemes Arbeiten auch in sonnigen R\u00e4umen m\u00f6glich.<\/p>\n<h2><strong>Vielseitige Einsetzbarkeit<\/strong><\/h2>\n<p>Mit dem Ger\u00e4t kann sowohl mit einer horizontalen als auch einer vertikalen Laserlinie gearbeitet werden. Die 3 Ebenen k\u00f6nnen gleichzeitig angezeigt werden.<\/p>\n<h2><strong>Zuverl\u00e4ssigkeit auf der Baustelle<\/strong><\/h2>\n<p>Das Ger\u00e4t ist staub- und spritzwasserfest (IP54). Das Ger\u00e4tegeh\u00e4use ist zus\u00e4tzlich mit Metallelementen verst\u00e4rkt. Dadurch ist ein sicherer Gebrauch auch unter schwierigen Bedingungen auf der Baustelle gew\u00e4hrleistet.<\/p>\n<h2><strong>Intuitive Bedienung<\/strong><\/h2>\n<p>Der CLx3G Baustellenlaser verf\u00fcgt \u00fcber ein intuitives Bedienfeld. Das Ger\u00e4t gew\u00e4hrleistet ein schnelles und effizientes Funktionsmanagement, einschlie\u00dflich einer pr\u00e4zisen Ausrichtung der Laserlinie. Dank des integrierten Bluetooth-Moduls und einer dedizierten Applikation l\u00e4sst sich der Betrieb des Baustellenlaser fernsteuern. Erg\u00e4nzt wird das Ganze durch ein kompaktes Geh\u00e4use, das f\u00fcr einen handlichen und unkomplizierten Einsatz auf der Baustelle und einfachen Transport sorgt.<\/p>\n<h2>Zentrieradapter <img fetchpriority=\"high\" decoding=\"async\" class=\"size-medium wp-image-114931 alignright\" src=\"https:\/\/nivelsystem.com\/wp-content\/uploads\/2025\/05\/adapter_CLx3-176x300.png\" alt=\"Nivel System CLx3 laser krzy\u017cowy\" width=\"176\" height=\"300\" title=\"\" srcset=\"https:\/\/nivelsystem.com\/wp-content\/uploads\/2025\/05\/adapter_CLx3-176x300.png 176w, https:\/\/nivelsystem.com\/wp-content\/uploads\/2025\/05\/adapter_CLx3-150x255.png 150w, https:\/\/nivelsystem.com\/wp-content\/uploads\/2025\/05\/adapter_CLx3.png 394w\" sizes=\"(max-width: 176px) 100vw, 176px\" \/><\/h2>\n<p>Der CLx3G verf\u00fcgt \u00fcber einen speziellen Adapter, mit dem Sie die Richtung der vertikalen Linie pr\u00e4zise einstellen k\u00f6nnen. Wir stellen den Laser so ein, dass der Schnittpunkt der vertikalen Ebenen auf den Punkt f\u00e4llt, von dem aus wir die gew\u00fcnschte Linie markieren m\u00f6chten. \u00dcber die Drehkn\u00f6pfe am Adapter l\u00e4sst sich die Linie im Bereich von \u00b15\u00b0 pr\u00e4zise in die gew\u00fcnschte Richtung einstellen, auch durch Drehen nach links und rechts \u00e4ndert sich der Startpunkt (der Schnittpunkt der vertikalen Linien) nicht. Je nach Bedarf kann der Adapter vom Laser getrennt werden (Magnethalterung).<\/p>\n<h2><strong>Download der Bewerbung<\/strong><\/h2>\n<p><a href=\"https:\/\/play.google.com\/store\/apps\/details?id=com.pairlink.futian.cl4d&amp;hl=pl&amp;gl=US\" target=\"_blank\" rel=\"noopener\"><img decoding=\"async\" class=\"alignnone wp-image-22021\" src=\"https:\/\/nivelsystem.com\/wp-content\/uploads\/2021\/06\/GP_button-300x97.jpg\" alt=\"\" width=\"100\" height=\"32\" title=\"\" srcset=\"https:\/\/nivelsystem.com\/wp-content\/uploads\/2021\/06\/GP_button-300x97.jpg 300w, https:\/\/nivelsystem.com\/wp-content\/uploads\/2021\/06\/GP_button-768x248.jpg 768w, https:\/\/nivelsystem.com\/wp-content\/uploads\/2021\/06\/GP_button-150x49.jpg 150w, https:\/\/nivelsystem.com\/wp-content\/uploads\/2021\/06\/GP_button.jpg 986w\" sizes=\"(max-width: 100px) 100vw, 100px\" \/><\/a> <a href=\"https:\/\/apps.apple.com\/pl\/app\/cl4d\/id1550265610?l=pl\" target=\"_blank\" rel=\"noopener\"><img decoding=\"async\" class=\"alignnone wp-image-22020\" src=\"https:\/\/nivelsystem.com\/wp-content\/uploads\/2021\/06\/Apple_button-300x97.jpg\" alt=\"\" width=\"100\" height=\"32\" title=\"\" srcset=\"https:\/\/nivelsystem.com\/wp-content\/uploads\/2021\/06\/Apple_button-300x97.jpg 300w, https:\/\/nivelsystem.com\/wp-content\/uploads\/2021\/06\/Apple_button-768x248.jpg 768w, https:\/\/nivelsystem.com\/wp-content\/uploads\/2021\/06\/Apple_button-150x48.jpg 150w, https:\/\/nivelsystem.com\/wp-content\/uploads\/2021\/06\/Apple_button.jpg 989w\" sizes=\"(max-width: 100px) 100vw, 100px\" \/><\/a><\/p>\n<h2><strong style=\"color: #1b1919; font-size: 24px;\">Entworfen in Europe<\/strong><\/h2>\n<p><img loading=\"lazy\" decoding=\"async\" class=\"wp-image-42662 alignleft\" src=\"https:\/\/nivelsystem.com\/wp-content\/uploads\/2020\/06\/logo_EU_projecy-300x192.png\" alt=\"\" width=\"156\" height=\"100\" title=\"\" srcset=\"https:\/\/nivelsystem.com\/wp-content\/uploads\/2020\/06\/logo_EU_projecy-300x192.png 300w, https:\/\/nivelsystem.com\/wp-content\/uploads\/2020\/06\/logo_EU_projecy-150x96.png 150w, https:\/\/nivelsystem.com\/wp-content\/uploads\/2020\/06\/logo_EU_projecy.png 364w\" sizes=\"(max-width: 156px) 100vw, 156px\" \/><\/p>\n<p><strong>\u00a0Die wertvollste Erfahrung ist das Denken \u00fcber den Tellerrand hinaus!<\/strong><\/p>\n<p>Die neueste Serie von CL Kreuzlinien- und NL Rotationslasern wurde in Polen entwickelt und konstruiert. Design ist das Ergebnis aus Erfahrung in der Entwicklung von Messtechnik und gleichzeitig der F\u00e4higkeit, \u00fcber den Tellerrand zu schauen.<\/p>\n","protected":false},"excerpt":{"rendered":"<ul>\n<li><strong>innovativer Baulaser mit gr\u00fcn Laserlinie <\/strong>&#8211; drei 360\u00b0 Laserlinien\u00b0 (2 x vertikal, 1 x horizontal)<\/li>\n<li><strong>sehr gute Sichtbarkeit, klare Laserlinien<\/strong> \u2013 hohe Messgenauigkeit\u00a0(2,0mm\/10m)<\/li>\n<li><strong>universelle Einsetzbarkeit <\/strong>\u2013 f\u00fcr Arbeiten im Innen- und Au\u00dfenbereich (bis 70m), auch mit geneigten Laserebenen<\/li>\n<li><strong>pr\u00e4zise Richtungseinstellung<\/strong> \u2013 Zentrieradapter<\/li>\n<li><strong>sichere Nutzung \u00fcber viele Jahre<\/strong>, grundsolide, bew\u00e4hrte Bauweise (IP54)<\/li>\n<\/ul>\n[html_block id=\"30167\"]\n","protected":false},"featured_media":114963,"template":"","meta":{"_acf_changed":false},"product_brand":[],"product_cat":[284],"product_tag":[],"branze":[],"class_list":{"0":"post-115060","1":"product","2":"type-product","3":"status-publish","4":"has-post-thumbnail","6":"product_cat-kreuz-linienlaser","8":"first","9":"instock","10":"shipping-taxable","11":"product-type-simple"},"acf":[],"_links":{"self":[{"href":"https:\/\/nivelsystem.com\/de\/wp-json\/wp\/v2\/product\/115060","targetHints":{"allow":["GET"]}}],"collection":[{"href":"https:\/\/nivelsystem.com\/de\/wp-json\/wp\/v2\/product"}],"about":[{"href":"https:\/\/nivelsystem.com\/de\/wp-json\/wp\/v2\/types\/product"}],"version-history":[{"count":5,"href":"https:\/\/nivelsystem.com\/de\/wp-json\/wp\/v2\/product\/115060\/revisions"}],"predecessor-version":[{"id":118264,"href":"https:\/\/nivelsystem.com\/de\/wp-json\/wp\/v2\/product\/115060\/revisions\/118264"}],"wp:featuredmedia":[{"embeddable":true,"href":"https:\/\/nivelsystem.com\/de\/wp-json\/wp\/v2\/media\/114963"}],"wp:attachment":[{"href":"https:\/\/nivelsystem.com\/de\/wp-json\/wp\/v2\/media?parent=115060"}],"wp:term":[{"taxonomy":"product_brand","embeddable":true,"href":"https:\/\/nivelsystem.com\/de\/wp-json\/wp\/v2\/product_brand?post=115060"},{"taxonomy":"product_cat","embeddable":true,"href":"https:\/\/nivelsystem.com\/de\/wp-json\/wp\/v2\/product_cat?post=115060"},{"taxonomy":"product_tag","embeddable":true,"href":"https:\/\/nivelsystem.com\/de\/wp-json\/wp\/v2\/product_tag?post=115060"},{"taxonomy":"branze","embeddable":true,"href":"https:\/\/nivelsystem.com\/de\/wp-json\/wp\/v2\/branze?post=115060"}],"curies":[{"name":"wp","href":"https:\/\/api.w.org\/{rel}","templated":true}]}}