{"id":112030,"date":"2020-05-20T10:05:48","date_gmt":"2020-05-20T10:05:48","guid":{"rendered":"https:\/\/nivelsystem.com\/?post_type=product&#038;p=112030"},"modified":"2025-04-25T10:58:49","modified_gmt":"2025-04-25T10:58:49","slug":"baulaser-cl5b","status":"publish","type":"product","link":"https:\/\/nivelsystem.com\/de\/produkt\/baulaser-cl5b\/","title":{"rendered":"Baulaser CL5B"},"content":{"rendered":"<h2><strong>Nivel System\u00a0CL5B <\/strong>\u2013 blauer 4-Ebenen-Laser mit elektronischem Kompensator und Neigungen<\/h2>\n<p>Der Nivel System CL5B ist ein moderner Kreuzlinien-Multilaser. Dies ist der erste Kreuzlinienlaser von Nivel System, der die elektronische Neigung von Ebenen in zwei Achsen erm\u00f6glicht. Das bedeutet, dass Sie wie beim Rotationslaser die M\u00f6glichkeit haben, mit Schr\u00e4gen zu arbeiten. Der Multilaser projiziert 4 perfekt nivellierte Bezugslinien in der Ebene (2 vertikale und 2 horizontale), jede im 360\u00b0 Bogen. Mit dem Ger\u00e4t l\u00e4sst sich eine horizontale Laserlinie ab einer H\u00f6he von 20 mm projizieren. F\u00fcr die Praxis bedeutet das, dass mit dem Ger\u00e4t beispielsweise ein Anbringen von Sockeln und das Verlegen von Bodenfliesen m\u00f6glich sind. Mit herk\u00f6mmlichen Kreuzlinienlasern ist das nicht m\u00f6glich. Der Laser erm\u00f6glicht ein besonders genaues Arbeiten (\u00b1 1 mm \/ 10 m) und wird auf dem Bau und in der Industrie f\u00fcr alle m\u00f6glichen Konstruktions- und Endbearbeitungsarbeiten eingesetzt. Das hei\u00dft \u00fcberall dort, wo h\u00f6chste Genauigkeit gefordert ist. Der elektronische Kompensator sorgt f\u00fcr eine schnelle Nivellierung. Beseitigt das Schwanken des Strahls bei Gel\u00e4ndevibrationen und d\u00e4mpft im Vergleich zu einem klassischen Magnetkompensator wirksamer Schwingungen. Der Kompensator l\u00e4sst sich verriegeln und durch Neigen des Ger\u00e4tes sind schr\u00e4ge Linien m\u00f6glich. Das 1\/4 \u201cGewinde erm\u00f6glicht die sichere und stabile Montage des Instruments auf einem Stativ, Adapter oder einer Wandhalterung. Die verst\u00e4rkten Gummielemente des Geh\u00e4uses sch\u00fctzen das Ger\u00e4t vor Besch\u00e4digungen durch St\u00f6\u00dfe und Schl\u00e4ge.<\/p>\n<ul>\n<li><strong>Genauigkeit und Zuverl\u00e4ssigkeit<\/strong>\u00a0\u2013 Der deutlich sichtbare, blauer Laserstrahl garantiert einen komfortablen Einsatz unter allen Bedingungen. Das Ger\u00e4t\u00a0erm\u00f6glicht ein Arbeiten mit einer Genauigkeit von \u00b1 1 mm\/10 m<\/li>\n<li><strong>Manuelle Neigungen<\/strong> \u2013 in zwei Achsen (\u00b1 4 %)<\/li>\n<li><strong>noch gr\u00f6\u00dfere Reichweite<\/strong>\u00a0\u2013 Dank der Pulsfunktion kann mit einem Lasersensor auch \u00fcber gro\u00dfe Entfernungen au\u00dferhalb von Geb\u00e4uden gearbeitet werden<\/li>\n<li><strong>pr\u00e4zise Projektion des Laserstrahls\u00a0<\/strong>\u2013 Der helle, blauer Laserstrahl und die hochwertige Optik erzeugen besonders gut sichtbare Linien<\/li>\n<li><strong>Vielseitigkeit und Multitaskingf\u00e4higkeit<\/strong>\u00a0\u2013 Vier Laserebenen (360\u00b0) f\u00fcr eine umfassende Kontrolle von Bauarbeiten in 4D<\/li>\n<li><strong>schnelles und effizientes Nivellieren<\/strong>\u00a0\u2013 Die innovative elektronische Vibrationskompensation gew\u00e4hrleistet eine schnelle Betriebsvorbereitung auf den Einsatz. Der Laser projiziert, auch auf einer instabilen Basis, einen konstanten Strahl und nach der Verriegelung kann mit schr\u00e4gen Strahlen gearbeitet werden<\/li>\n<li><strong>intuitive Bedienung<\/strong>\u00a0\u2013 einfach und schnell zu bedienendes Bedienfeld<\/li>\n<li><strong>Laseradapter<\/strong>\u00a0\u2013 f\u00fcr eine sichere Befestigung auch unter schwierigen Bedingungen auf der Baustelle, zus\u00e4tzlich auf eine bestimmte H\u00f6he einstellbar<\/li>\n<li><strong>wirtschaftliche Stromversorgung<\/strong>\u00a0\u2013 Li-Ion-Akkus im Lieferumfang enthalten (8000mAh)<\/li>\n<li><strong>gegen mechanische Besch\u00e4digungen unempfindliche, langlebige Ausr\u00fcstung<\/strong>\u00a0\u2013 Die Gummielemente des Geh\u00e4uses sch\u00fctzen den Laser vor Besch\u00e4digungen durch Schl\u00e4ge und St\u00f6\u00dfe, staub- und wasserdicht (IP54)<\/li>\n<\/ul>\n<h2><strong>Passen Sie die Messungen Ihren Bed\u00fcrfnissen an<\/strong><\/h2>\n<p>Die Laser sind so konstruiert, dass der erzeugte Strahl m\u00f6glichst nah an der Arbeitsfl\u00e4che (Wand, Boden, Decke) liegt. Zus\u00e4tzlich besteht die M\u00f6glichkeit zur pr\u00e4zisen, elektronischen Neigungsmessung von Ebenen (Gef\u00e4lle im Gel\u00e4nde bzw. pr\u00e4zise Einstellung einer Neigung).<\/p>\n<p><img fetchpriority=\"high\" decoding=\"async\" class=\"alignnone size-medium wp-image-113621\" src=\"https:\/\/nivelsystem.com\/wp-content\/uploads\/2020\/05\/CL5B_distances-300x300.jpg\" alt=\"laser krzyzowy CL5 spadki\" width=\"300\" height=\"300\" title=\"\" srcset=\"https:\/\/nivelsystem.com\/wp-content\/uploads\/2020\/05\/CL5B_distances-300x300.jpg 300w, https:\/\/nivelsystem.com\/wp-content\/uploads\/2020\/05\/CL5B_distances-150x150.jpg 150w, https:\/\/nivelsystem.com\/wp-content\/uploads\/2020\/05\/CL5B_distances-768x768.jpg 768w, https:\/\/nivelsystem.com\/wp-content\/uploads\/2020\/05\/CL5B_distances-400x400.jpg 400w, https:\/\/nivelsystem.com\/wp-content\/uploads\/2020\/05\/CL5B_distances-600x600.jpg 600w, https:\/\/nivelsystem.com\/wp-content\/uploads\/2020\/05\/CL5B_distances.jpg 900w\" sizes=\"(max-width: 300px) 100vw, 300px\" \/> <img decoding=\"async\" class=\"alignnone size-medium wp-image-113626\" src=\"https:\/\/nivelsystem.com\/wp-content\/uploads\/2020\/05\/CL5B_slopes-300x300.jpg\" alt=\"laser krzyzowy CL5 spadki\" width=\"300\" height=\"300\" title=\"\" srcset=\"https:\/\/nivelsystem.com\/wp-content\/uploads\/2020\/05\/CL5B_slopes-300x300.jpg 300w, https:\/\/nivelsystem.com\/wp-content\/uploads\/2020\/05\/CL5B_slopes-150x150.jpg 150w, https:\/\/nivelsystem.com\/wp-content\/uploads\/2020\/05\/CL5B_slopes-768x768.jpg 768w, https:\/\/nivelsystem.com\/wp-content\/uploads\/2020\/05\/CL5B_slopes-400x400.jpg 400w, https:\/\/nivelsystem.com\/wp-content\/uploads\/2020\/05\/CL5B_slopes-600x600.jpg 600w, https:\/\/nivelsystem.com\/wp-content\/uploads\/2020\/05\/CL5B_slopes.jpg 900w\" sizes=\"(max-width: 300px) 100vw, 300px\" \/><\/p>\n<p>Jeder Laser ist mit drahtloser Bluetooth-Kommunikation ausgestattet. Zu diesem Zweck haben wir eine spezielle Nivel CL -Anwendung f\u00fcr iOS- und Android-Mobilger\u00e4te entwickelt. Die Anwendung ist auf den Plattformen\u00a0<a href=\"https:\/\/apps.apple.com\/in\/app\/cl4d\/id1550265610\" target=\"_blank\" rel=\"noopener\">App Store<\/a>\u00a0und\u00a0<a href=\"https:\/\/play.google.com\/store\/apps\/details?id=com.pairlink.futian.cl4d&amp;hl=pl&amp;gl=US\" target=\"_blank\" rel=\"noopener\">Google Play<\/a>\u00a0verf\u00fcgbar.<\/p>\n<h2><strong>BLAUER vs. GR\u00dcNER LASERSTRAHL<\/strong><\/h2>\n<p>Der blaue Laserstrahl hat eine \u00e4hnliche Farbe wie der gr\u00fcne Strahl \u2013 dies ist auf leichte Unterschiede in der Wellenl\u00e4nge des Lichts zur\u00fcckzuf\u00fchren (die blaue Farbe liegt bei 505 nm und die gr\u00fcne bei 515 nm) \u2013 was eine vergleichbare Sichtbarkeit gew\u00e4hrleistet.<\/p>\n<p>Der blaue Lichtstrahl hat auch sehr gut geschnittene Kanten \u2013 er ist etwas d\u00fcnner als der gr\u00fcne Lichtstrahl. Der Strahl ist klarer und nicht \u00fcberbelichtet, was sich direkt auf den Arbeitskomfort auswirkt. Blaue Laser (505 nm) werden f\u00fcr alle Arbeiten empfohlen, die eine hohe Genauigkeit erfordern.<\/p>\n<h4><strong>Einsatzbereiche:<\/strong><\/h4>\n<ul>\n<li><strong>Ausbauarbeiten\u00a0<\/strong>\u2013 vertikale und horizontale Fl\u00e4chen, Schr\u00e4gen<\/li>\n<li><strong>Verlegen von Fliesen und Terrakotta<\/strong><\/li>\n<li><strong>Gipskartonarbeiten<\/strong><\/li>\n<li><strong>Tragende Konstruktionen\u00a0<\/strong>\u2013 Holz, Stahl, Beton<\/li>\n<li><strong>Mauererarbeiten<\/strong>\u00a0\u2013 Innen- und Au\u00dfenbereich (Fundamente, Wa\u00e4nde, Treppen, Estrich, Schalung)<\/li>\n<li><strong>Installationsarbeiten\u00a0<\/strong>\u2013 Kabeltrassen festlegen, Verlegen von Punkten<\/li>\n<li><strong>Schreinerarbeiten\u00a0<\/strong>\u2013 M\u00f6bel, Holzelemente<\/li>\n<li><strong>Gel\u00e4ndenivellierung<\/strong><\/li>\n<\/ul>\n","protected":false},"excerpt":{"rendered":"<div class=\"elementor-element elementor-element-c25813a elementor-widget elementor-widget-text-editor\" data-id=\"c25813a\" data-element_type=\"widget\" data-widget_type=\"text-editor.default\">\n<div class=\"elementor-widget-container\">\n<ul>\n<li><strong>Vielseitig und technisch auf dem neuesten Stand,<\/strong>\u00a04 Laserebenen (2 x V, 2 x H)<\/li>\n<li><strong>Hochgenaue Messungen<\/strong>\u00a0von 1,5mm\/10m<\/li>\n<li><strong>Manuelle Neigungen<\/strong> \u2013 elektronische Neigung der Ebenen in 2 Achsen<\/li>\n<li><strong>Benutzerfreundlich<\/strong>\u00a0\u2013 elektronischer Kompensator, blauer Laserstrahl, Erzeugung geneigter Ebenen, auch mit Sensor<\/li>\n<li><strong>Sichere Verwendung f\u00fcr viele Jahre<\/strong>, grundsolide, bew\u00e4hrte Konstruktion (IP54)<\/li>\n<li><strong>Bluetooth<\/strong><\/li>\n<\/ul>\n[html_block id=\"30167\"]\n<\/div>\n<\/div>\n","protected":false},"featured_media":114413,"template":"","meta":{"_acf_changed":false},"product_brand":[],"product_cat":[284],"product_tag":[],"branze":[],"class_list":{"0":"post-112030","1":"product","2":"type-product","3":"status-publish","4":"has-post-thumbnail","6":"product_cat-kreuz-linienlaser","8":"first","9":"instock","10":"shipping-taxable","11":"product-type-simple"},"acf":[],"_links":{"self":[{"href":"https:\/\/nivelsystem.com\/de\/wp-json\/wp\/v2\/product\/112030","targetHints":{"allow":["GET"]}}],"collection":[{"href":"https:\/\/nivelsystem.com\/de\/wp-json\/wp\/v2\/product"}],"about":[{"href":"https:\/\/nivelsystem.com\/de\/wp-json\/wp\/v2\/types\/product"}],"version-history":[{"count":3,"href":"https:\/\/nivelsystem.com\/de\/wp-json\/wp\/v2\/product\/112030\/revisions"}],"predecessor-version":[{"id":114347,"href":"https:\/\/nivelsystem.com\/de\/wp-json\/wp\/v2\/product\/112030\/revisions\/114347"}],"wp:featuredmedia":[{"embeddable":true,"href":"https:\/\/nivelsystem.com\/de\/wp-json\/wp\/v2\/media\/114413"}],"wp:attachment":[{"href":"https:\/\/nivelsystem.com\/de\/wp-json\/wp\/v2\/media?parent=112030"}],"wp:term":[{"taxonomy":"product_brand","embeddable":true,"href":"https:\/\/nivelsystem.com\/de\/wp-json\/wp\/v2\/product_brand?post=112030"},{"taxonomy":"product_cat","embeddable":true,"href":"https:\/\/nivelsystem.com\/de\/wp-json\/wp\/v2\/product_cat?post=112030"},{"taxonomy":"product_tag","embeddable":true,"href":"https:\/\/nivelsystem.com\/de\/wp-json\/wp\/v2\/product_tag?post=112030"},{"taxonomy":"branze","embeddable":true,"href":"https:\/\/nivelsystem.com\/de\/wp-json\/wp\/v2\/branze?post=112030"}],"curies":[{"name":"wp","href":"https:\/\/api.w.org\/{rel}","templated":true}]}}