{"id":102501,"date":"1990-06-02T08:37:22","date_gmt":"1990-06-02T08:37:22","guid":{"rendered":"https:\/\/nivelsystem.com\/?post_type=product&#038;p=102501"},"modified":"2025-04-15T10:06:21","modified_gmt":"2025-04-15T10:06:21","slug":"point-3","status":"publish","type":"product","link":"https:\/\/nivelsystem.com\/de\/produkt\/point-3\/","title":{"rendered":"GNSS Point 3 Empf\u00e4nger"},"content":{"rendered":"\t\t<div data-elementor-type=\"product-post\" data-elementor-id=\"102501\" class=\"elementor elementor-102501 elementor-102315\" data-elementor-post-type=\"product\">\n\t\t\t\t\t\t<section class=\"wd-negative-gap elementor-section elementor-top-section elementor-element elementor-element-66ab1b4c elementor-section-boxed elementor-section-height-default elementor-section-height-default\" data-id=\"66ab1b4c\" data-element_type=\"section\">\n\t\t\t\t\t\t<div class=\"elementor-container elementor-column-gap-default\">\n\t\t\t\t\t<div class=\"elementor-column elementor-col-50 elementor-top-column elementor-element elementor-element-77ea9c6e\" data-id=\"77ea9c6e\" data-element_type=\"column\">\n\t\t\t<div class=\"elementor-widget-wrap elementor-element-populated\">\n\t\t\t\t\t\t<div class=\"elementor-element elementor-element-7093d4df elementor-widget elementor-widget-wd_text_block\" data-id=\"7093d4df\" data-element_type=\"widget\" data-widget_type=\"wd_text_block.default\">\n\t\t\t\t<div class=\"elementor-widget-container\">\n\t\t\t\t\t\t\t<div class=\"wd-text-block reset-last-child text-left\">\n\t\t\t\n\t\t\t<h2><strong>Setzen Sie auf Geschwindigkeit und Komfort - es ist an der Zeit, einen GNSS-Empf\u00e4nger mit IMU der neuen Generation zu kaufen <\/strong><\/h2><p>Suchen Sie einen vielseitigen GNSS-Empf\u00e4nger?<\/p><p>Sie m\u00fcssen einige Punkte im Freien messen oder finden?<\/p><p>Sie wissen nicht, was eine IMU ist und ob sie f\u00fcr Sie n\u00fctzlich sein kann?<\/p><p>Dann sind Sie hier genau richtig! Wir beantworten Ihre Fragen und erkl\u00e4ren Ihnen, wie Sie mit einem hochmodernen GNSS-Empf\u00e4nger - dem Nivel System Point 3, der mit einer bew\u00e4hrten IMU der neuen Generation ausgestattet ist - im Feld arbeiten k\u00f6nnen.<\/p><h2><strong>Was bedeutet IMU? Und warum wird sie Ihnen bei Ihrer Arbeit n\u00fctzlich sein? <\/strong><\/h2><p>Die IMU der neuen Generation ist ein hochmodernes 9-achsiges Tr\u00e4gheitssystem, das eine Stangenneigung von +\/- 90 Grad erm\u00f6glicht. Und wozu das alles?<\/p><p>Zur Messung von Punkten, mit denen normale Empf\u00e4nger \u00fcberfordert sind. Dies sind alles Orte, an denen der Horizont\/Himmel verdeckt ist (Stellen unter B\u00e4umen, an Geb\u00e4uden, usw.). Das System eignet sich auch hervorragend f\u00fcr allt\u00e4gliche Messungen - Sie messen jeden Punkt schneller, ohne den Stab genau ausloten zu m\u00fcssen.<\/p><p>Bei Messungen an Geb\u00e4udeecken und bei der Erfassung anderer Daten muss die Libelle nicht st\u00e4ndig beobachtet werden.<\/p><p>Die Funktionen bew\u00e4hren sich auch beim Messen und Abstecken von u. a.:<\/p><ul><li>Punkten, z. B. unter einem geparkten Auto oder einem anderen Hindernis; mit \u00fcppiger Vegetation bewachsenen Stellen, die nicht leicht zug\u00e4nglich sind, z. B. Geb\u00e4udefassaden, Z\u00e4unen; kleinen Wasserl\u00e4ufen und Gr\u00e4ben, die nur schwer zu erreichen sind; losen Kipphalden, Sturzpl\u00e4tzen - durch Erh\u00f6hung der Sicherheit und Vermeidung gef\u00e4hrlicher Kanten; auf stark befahrenen Stra\u00dfen - eine schnelle Messung aus sicherer Entfernung vermeidet das Risiko beim Begehen einer verkehrsreichen Strecke.<br \/><br \/>Unsere IMU ist unempfindlich gegen\u00fcber magnetischen St\u00f6rungen, sodass etwaige Metallelemente (z. B. Z\u00e4une, \u00dcberdachungen, Bewehrungen) die Messung mit dem Neigungsmesser nicht beeintr\u00e4chtigen k\u00f6nnen.<\/li><\/ul>\n\t\t\t\t\t<\/div>\n\t\t\t\t\t\t<\/div>\n\t\t\t\t<\/div>\n\t\t\t\t\t<\/div>\n\t\t<\/div>\n\t\t\t\t<div class=\"elementor-column elementor-col-50 elementor-top-column elementor-element elementor-element-242381df\" data-id=\"242381df\" data-element_type=\"column\">\n\t\t\t<div class=\"elementor-widget-wrap elementor-element-populated\">\n\t\t\t\t\t\t<div class=\"elementor-element elementor-element-1c52227 elementor-widget elementor-widget-wd_image_or_svg\" data-id=\"1c52227\" data-element_type=\"widget\" data-widget_type=\"wd_image_or_svg.default\">\n\t\t\t\t<div class=\"elementor-widget-container\">\n\t\t\t\t\t\n\t\t<div class=\"wd-image text-left\">\n\t\t\t\t\t\t\t\t<img fetchpriority=\"high\" decoding=\"async\" width=\"1000\" height=\"1333\" src=\"https:\/\/nivelsystem.com\/wp-content\/uploads\/2024\/05\/Point3_Nivel.jpg\" class=\"attachment-full size-full\" alt=\"Point3 Nivel System\" srcset=\"https:\/\/nivelsystem.com\/wp-content\/uploads\/2024\/05\/Point3_Nivel.jpg 1000w, https:\/\/nivelsystem.com\/wp-content\/uploads\/2024\/05\/Point3_Nivel-225x300.jpg 225w, https:\/\/nivelsystem.com\/wp-content\/uploads\/2024\/05\/Point3_Nivel-768x1024.jpg 768w, https:\/\/nivelsystem.com\/wp-content\/uploads\/2024\/05\/Point3_Nivel-150x200.jpg 150w\" sizes=\"(max-width: 1000px) 100vw, 1000px\" title=\"\">\t\t\t\t\t<\/div>\n\n\t\t\t\t\t\t<\/div>\n\t\t\t\t<\/div>\n\t\t\t\t\t<\/div>\n\t\t<\/div>\n\t\t\t\t\t<\/div>\n\t\t<\/section>\n\t\t\t\t<section class=\"wd-negative-gap elementor-section elementor-top-section elementor-element elementor-element-17f1b9c4 elementor-section-boxed elementor-section-height-default elementor-section-height-default\" data-id=\"17f1b9c4\" data-element_type=\"section\">\n\t\t\t\t\t\t<div class=\"elementor-container elementor-column-gap-default\">\n\t\t\t\t\t<div class=\"elementor-column elementor-col-100 elementor-top-column elementor-element elementor-element-3260d134\" data-id=\"3260d134\" data-element_type=\"column\">\n\t\t\t<div class=\"elementor-widget-wrap elementor-element-populated\">\n\t\t\t\t\t\t<div class=\"elementor-element elementor-element-a2f23e9 elementor-widget elementor-widget-wd_text_block\" data-id=\"a2f23e9\" data-element_type=\"widget\" data-widget_type=\"wd_text_block.default\">\n\t\t\t\t<div class=\"elementor-widget-container\">\n\t\t\t\t\t\t\t<div class=\"wd-text-block reset-last-child text-left\">\n\t\t\t\n\t\t\t<h2><strong>Was Sie durch die Arbeit mit Nivel System Point 3 gewinnen<\/strong><\/h2>\n\t\t\t\t\t<\/div>\n\t\t\t\t\t\t<\/div>\n\t\t\t\t<\/div>\n\t\t\t\t\t<\/div>\n\t\t<\/div>\n\t\t\t\t\t<\/div>\n\t\t<\/section>\n\t\t\t\t<section class=\"wd-negative-gap elementor-section elementor-top-section elementor-element elementor-element-412ebb5f elementor-section-boxed elementor-section-height-default elementor-section-height-default\" data-id=\"412ebb5f\" data-element_type=\"section\">\n\t\t\t\t\t\t<div class=\"elementor-container elementor-column-gap-default\">\n\t\t\t\t\t<div class=\"elementor-column elementor-col-20 elementor-top-column elementor-element elementor-element-4fc5235b\" data-id=\"4fc5235b\" data-element_type=\"column\">\n\t\t\t<div class=\"elementor-widget-wrap elementor-element-populated\">\n\t\t\t\t\t\t<div class=\"elementor-element elementor-element-7dad3021 elementor-widget elementor-widget-wd_image_or_svg\" data-id=\"7dad3021\" data-element_type=\"widget\" data-widget_type=\"wd_image_or_svg.default\">\n\t\t\t\t<div class=\"elementor-widget-container\">\n\t\t\t\t\t\n\t\t<div class=\"wd-image text-left\">\n\t\t\t\t\t\t\t\t<img decoding=\"async\" width=\"350\" height=\"350\" src=\"https:\/\/nivelsystem.com\/wp-content\/uploads\/2024\/04\/ikony_kanaly.png\" class=\"attachment-full size-full\" alt=\"\" srcset=\"https:\/\/nivelsystem.com\/wp-content\/uploads\/2024\/04\/ikony_kanaly.png 350w, https:\/\/nivelsystem.com\/wp-content\/uploads\/2024\/04\/ikony_kanaly-300x300.png 300w, https:\/\/nivelsystem.com\/wp-content\/uploads\/2024\/04\/ikony_kanaly-150x150.png 150w\" sizes=\"(max-width: 350px) 100vw, 350px\" title=\"\">\t\t\t\t\t<\/div>\n\n\t\t\t\t\t\t<\/div>\n\t\t\t\t<\/div>\n\t\t\t\t<div class=\"elementor-element elementor-element-1cc1bbd4 elementor-widget elementor-widget-wd_text_block\" data-id=\"1cc1bbd4\" data-element_type=\"widget\" data-widget_type=\"wd_text_block.default\">\n\t\t\t\t<div class=\"elementor-widget-container\">\n\t\t\t\t\t\t\t<div class=\"wd-text-block reset-last-child text-left\">\n\t\t\t\n\t\t\t<p><strong>1408 GNSS-Kan\u00e4le <\/strong><\/p><p>Verarbeitung von aktuellen und zuk\u00fcnftigen Satellitensignalen der 4 GNSS-Systeme<\/p>\n\t\t\t\t\t<\/div>\n\t\t\t\t\t\t<\/div>\n\t\t\t\t<\/div>\n\t\t\t\t\t<\/div>\n\t\t<\/div>\n\t\t\t\t<div class=\"elementor-column elementor-col-20 elementor-top-column elementor-element elementor-element-17c8d23d\" data-id=\"17c8d23d\" data-element_type=\"column\">\n\t\t\t<div class=\"elementor-widget-wrap elementor-element-populated\">\n\t\t\t\t\t\t<div class=\"elementor-element elementor-element-3097051 elementor-widget elementor-widget-wd_image_or_svg\" data-id=\"3097051\" data-element_type=\"widget\" data-widget_type=\"wd_image_or_svg.default\">\n\t\t\t\t<div class=\"elementor-widget-container\">\n\t\t\t\t\t\n\t\t<div class=\"wd-image text-left\">\n\t\t\t\t\t\t\t\t<img decoding=\"async\" width=\"350\" height=\"350\" src=\"https:\/\/nivelsystem.com\/wp-content\/uploads\/2024\/04\/ikony_net.png\" class=\"attachment-full size-full\" alt=\"\" srcset=\"https:\/\/nivelsystem.com\/wp-content\/uploads\/2024\/04\/ikony_net.png 350w, https:\/\/nivelsystem.com\/wp-content\/uploads\/2024\/04\/ikony_net-300x300.png 300w, https:\/\/nivelsystem.com\/wp-content\/uploads\/2024\/04\/ikony_net-150x150.png 150w\" sizes=\"(max-width: 350px) 100vw, 350px\" title=\"\">\t\t\t\t\t<\/div>\n\n\t\t\t\t\t\t<\/div>\n\t\t\t\t<\/div>\n\t\t\t\t<div class=\"elementor-element elementor-element-5ad0c558 elementor-widget elementor-widget-wd_text_block\" data-id=\"5ad0c558\" data-element_type=\"widget\" data-widget_type=\"wd_text_block.default\">\n\t\t\t\t<div class=\"elementor-widget-container\">\n\t\t\t\t\t\t\t<div class=\"wd-text-block reset-last-child text-left\">\n\t\t\t\n\t\t\t<p><strong>Fix-Unterst\u00fctzung<\/strong><\/p><p>in Gebieten mit schlechter Internetabdeckung<\/p>\n\t\t\t\t\t<\/div>\n\t\t\t\t\t\t<\/div>\n\t\t\t\t<\/div>\n\t\t\t\t\t<\/div>\n\t\t<\/div>\n\t\t\t\t<div class=\"elementor-column elementor-col-20 elementor-top-column elementor-element elementor-element-9f83616\" data-id=\"9f83616\" data-element_type=\"column\">\n\t\t\t<div class=\"elementor-widget-wrap elementor-element-populated\">\n\t\t\t\t\t\t<div class=\"elementor-element elementor-element-4bedccfa elementor-widget elementor-widget-wd_image_or_svg\" data-id=\"4bedccfa\" data-element_type=\"widget\" data-widget_type=\"wd_image_or_svg.default\">\n\t\t\t\t<div class=\"elementor-widget-container\">\n\t\t\t\t\t\n\t\t<div class=\"wd-image text-left\">\n\t\t\t\t\t\t\t\t<img loading=\"lazy\" decoding=\"async\" width=\"350\" height=\"350\" src=\"https:\/\/nivelsystem.com\/wp-content\/uploads\/2024\/05\/ikony_strona1.png\" class=\"attachment-full size-full\" alt=\"\" srcset=\"https:\/\/nivelsystem.com\/wp-content\/uploads\/2024\/05\/ikony_strona1.png 350w, https:\/\/nivelsystem.com\/wp-content\/uploads\/2024\/05\/ikony_strona1-300x300.png 300w, https:\/\/nivelsystem.com\/wp-content\/uploads\/2024\/05\/ikony_strona1-150x150.png 150w\" sizes=\"(max-width: 350px) 100vw, 350px\" title=\"\">\t\t\t\t\t<\/div>\n\n\t\t\t\t\t\t<\/div>\n\t\t\t\t<\/div>\n\t\t\t\t<div class=\"elementor-element elementor-element-31b8c69a elementor-widget elementor-widget-wd_text_block\" data-id=\"31b8c69a\" data-element_type=\"widget\" data-widget_type=\"wd_text_block.default\">\n\t\t\t\t<div class=\"elementor-widget-container\">\n\t\t\t\t\t\t\t<div class=\"wd-text-block reset-last-child text-left\">\n\t\t\t\n\t\t\t<p><strong>Live-Ansicht<\/strong><\/p><p>Sie sehen alle Ergebnisse<br \/>sofort zum Zeitpunkt der<br \/>Messung <\/p>\n\t\t\t\t\t<\/div>\n\t\t\t\t\t\t<\/div>\n\t\t\t\t<\/div>\n\t\t\t\t\t<\/div>\n\t\t<\/div>\n\t\t\t\t<div class=\"elementor-column elementor-col-20 elementor-top-column elementor-element elementor-element-37499d1c\" data-id=\"37499d1c\" data-element_type=\"column\">\n\t\t\t<div class=\"elementor-widget-wrap elementor-element-populated\">\n\t\t\t\t\t\t<div class=\"elementor-element elementor-element-619c3c52 elementor-widget elementor-widget-wd_image_or_svg\" data-id=\"619c3c52\" data-element_type=\"widget\" data-widget_type=\"wd_image_or_svg.default\">\n\t\t\t\t<div class=\"elementor-widget-container\">\n\t\t\t\t\t\n\t\t<div class=\"wd-image text-left\">\n\t\t\t\t\t\t\t\t<img loading=\"lazy\" decoding=\"async\" width=\"350\" height=\"350\" src=\"https:\/\/nivelsystem.com\/wp-content\/uploads\/2024\/04\/ikony_antena.png\" class=\"attachment-full size-full\" alt=\"\" srcset=\"https:\/\/nivelsystem.com\/wp-content\/uploads\/2024\/04\/ikony_antena.png 350w, https:\/\/nivelsystem.com\/wp-content\/uploads\/2024\/04\/ikony_antena-300x300.png 300w, https:\/\/nivelsystem.com\/wp-content\/uploads\/2024\/04\/ikony_antena-150x150.png 150w\" sizes=\"(max-width: 350px) 100vw, 350px\" title=\"\">\t\t\t\t\t<\/div>\n\n\t\t\t\t\t\t<\/div>\n\t\t\t\t<\/div>\n\t\t\t\t<div class=\"elementor-element elementor-element-6df002d6 elementor-widget elementor-widget-wd_text_block\" data-id=\"6df002d6\" data-element_type=\"widget\" data-widget_type=\"wd_text_block.default\">\n\t\t\t\t<div class=\"elementor-widget-container\">\n\t\t\t\t\t\t\t<div class=\"wd-text-block reset-last-child text-left\">\n\t\t\t\n\t\t\t<p><strong>Eingebautes <\/strong><strong>Funkmodem<br \/><br \/><\/strong>Base-Rover-Betrieb mit anderen<br \/>Empf\u00e4ngern bis zu 8 km<\/p>\n\t\t\t\t\t<\/div>\n\t\t\t\t\t\t<\/div>\n\t\t\t\t<\/div>\n\t\t\t\t\t<\/div>\n\t\t<\/div>\n\t\t\t\t<div class=\"elementor-column elementor-col-20 elementor-top-column elementor-element elementor-element-2009f281\" data-id=\"2009f281\" data-element_type=\"column\">\n\t\t\t<div class=\"elementor-widget-wrap elementor-element-populated\">\n\t\t\t\t\t\t<div class=\"elementor-element elementor-element-2e87ce27 elementor-widget elementor-widget-wd_image_or_svg\" data-id=\"2e87ce27\" data-element_type=\"widget\" data-widget_type=\"wd_image_or_svg.default\">\n\t\t\t\t<div class=\"elementor-widget-container\">\n\t\t\t\t\t\n\t\t<div class=\"wd-image text-left\">\n\t\t\t\t\t\t\t\t<img loading=\"lazy\" decoding=\"async\" width=\"350\" height=\"350\" src=\"https:\/\/nivelsystem.com\/wp-content\/uploads\/2024\/04\/ikony_bateria.png\" class=\"attachment-full size-full\" alt=\"\" srcset=\"https:\/\/nivelsystem.com\/wp-content\/uploads\/2024\/04\/ikony_bateria.png 350w, https:\/\/nivelsystem.com\/wp-content\/uploads\/2024\/04\/ikony_bateria-300x300.png 300w, https:\/\/nivelsystem.com\/wp-content\/uploads\/2024\/04\/ikony_bateria-150x150.png 150w\" sizes=\"(max-width: 350px) 100vw, 350px\" title=\"\">\t\t\t\t\t<\/div>\n\n\t\t\t\t\t\t<\/div>\n\t\t\t\t<\/div>\n\t\t\t\t<div class=\"elementor-element elementor-element-5ae72851 elementor-widget elementor-widget-wd_text_block\" data-id=\"5ae72851\" data-element_type=\"widget\" data-widget_type=\"wd_text_block.default\">\n\t\t\t\t<div class=\"elementor-widget-container\">\n\t\t\t\t\t\t\t<div class=\"wd-text-block reset-last-child text-left\">\n\t\t\t\n\t\t\t<p><strong>Leistungsstarke<\/strong><br \/><strong>Batterie<\/strong><\/p><p><br \/>Bis zu 10 Stunden Betrieb im Freien Aufladen \u00fcber universelle USB-CAnschl\u00fcsse, Laden \u00fcber Powerbank m\u00f6glich<\/p>\n\t\t\t\t\t<\/div>\n\t\t\t\t\t\t<\/div>\n\t\t\t\t<\/div>\n\t\t\t\t\t<\/div>\n\t\t<\/div>\n\t\t\t\t\t<\/div>\n\t\t<\/section>\n\t\t\t\t<section class=\"wd-negative-gap elementor-section elementor-top-section elementor-element elementor-element-231a7200 elementor-section-boxed elementor-section-height-default elementor-section-height-default\" data-id=\"231a7200\" data-element_type=\"section\">\n\t\t\t\t\t\t<div class=\"elementor-container elementor-column-gap-default\">\n\t\t\t\t\t<div class=\"elementor-column elementor-col-20 elementor-top-column elementor-element elementor-element-744f07\" data-id=\"744f07\" data-element_type=\"column\">\n\t\t\t<div class=\"elementor-widget-wrap elementor-element-populated\">\n\t\t\t\t\t\t<div class=\"elementor-element elementor-element-4ea4e284 elementor-widget elementor-widget-wd_image_or_svg\" data-id=\"4ea4e284\" data-element_type=\"widget\" data-widget_type=\"wd_image_or_svg.default\">\n\t\t\t\t<div class=\"elementor-widget-container\">\n\t\t\t\t\t\n\t\t<div class=\"wd-image text-left\">\n\t\t\t\t\t\t\t\t<img loading=\"lazy\" decoding=\"async\" width=\"350\" height=\"350\" src=\"https:\/\/nivelsystem.com\/wp-content\/uploads\/2024\/04\/ikony_pamiec.png\" class=\"attachment-full size-full\" alt=\"\" srcset=\"https:\/\/nivelsystem.com\/wp-content\/uploads\/2024\/04\/ikony_pamiec.png 350w, https:\/\/nivelsystem.com\/wp-content\/uploads\/2024\/04\/ikony_pamiec-300x300.png 300w, https:\/\/nivelsystem.com\/wp-content\/uploads\/2024\/04\/ikony_pamiec-150x150.png 150w\" sizes=\"(max-width: 350px) 100vw, 350px\" title=\"\">\t\t\t\t\t<\/div>\n\n\t\t\t\t\t\t<\/div>\n\t\t\t\t<\/div>\n\t\t\t\t<div class=\"elementor-element elementor-element-2b8987bb elementor-widget elementor-widget-wd_text_block\" data-id=\"2b8987bb\" data-element_type=\"widget\" data-widget_type=\"wd_text_block.default\">\n\t\t\t\t<div class=\"elementor-widget-container\">\n\t\t\t\t\t\t\t<div class=\"wd-text-block reset-last-child text-left\">\n\t\t\t\n\t\t\t<p><strong>Interner Speicher 8 GB<\/strong><\/p><p><br \/>M\u00f6glichkeit der Aufzeichnung<br \/>mehrt\u00e4giger statischer<br \/>Beobachtungen<\/p>\n\t\t\t\t\t<\/div>\n\t\t\t\t\t\t<\/div>\n\t\t\t\t<\/div>\n\t\t\t\t\t<\/div>\n\t\t<\/div>\n\t\t\t\t<div class=\"elementor-column elementor-col-20 elementor-top-column elementor-element elementor-element-54a71df3\" data-id=\"54a71df3\" data-element_type=\"column\">\n\t\t\t<div class=\"elementor-widget-wrap elementor-element-populated\">\n\t\t\t\t\t\t<div class=\"elementor-element elementor-element-293ab0e8 elementor-widget elementor-widget-wd_image_or_svg\" data-id=\"293ab0e8\" data-element_type=\"widget\" data-widget_type=\"wd_image_or_svg.default\">\n\t\t\t\t<div class=\"elementor-widget-container\">\n\t\t\t\t\t\n\t\t<div class=\"wd-image text-left\">\n\t\t\t\t\t\t\t\t<img loading=\"lazy\" decoding=\"async\" width=\"350\" height=\"350\" src=\"https:\/\/nivelsystem.com\/wp-content\/uploads\/2024\/04\/ikony_dokl.png\" class=\"attachment-full size-full\" alt=\"\" srcset=\"https:\/\/nivelsystem.com\/wp-content\/uploads\/2024\/04\/ikony_dokl.png 350w, https:\/\/nivelsystem.com\/wp-content\/uploads\/2024\/04\/ikony_dokl-300x300.png 300w, https:\/\/nivelsystem.com\/wp-content\/uploads\/2024\/04\/ikony_dokl-150x150.png 150w\" sizes=\"(max-width: 350px) 100vw, 350px\" title=\"\">\t\t\t\t\t<\/div>\n\n\t\t\t\t\t\t<\/div>\n\t\t\t\t<\/div>\n\t\t\t\t<div class=\"elementor-element elementor-element-197e77a8 elementor-widget elementor-widget-wd_text_block\" data-id=\"197e77a8\" data-element_type=\"widget\" data-widget_type=\"wd_text_block.default\">\n\t\t\t\t<div class=\"elementor-widget-container\">\n\t\t\t\t\t\t\t<div class=\"wd-text-block reset-last-child text-left\">\n\t\t\t\n\t\t\t<p><strong>Zentimetergenau<\/strong><\/p><p>Dank der einzigartigen<br \/>Funktion der automatischen Messwertkontrolle sind Sie sich der Wiederholbarkeit der festgestellten Position jederzeit<br \/>sicher<\/p>\n\t\t\t\t\t<\/div>\n\t\t\t\t\t\t<\/div>\n\t\t\t\t<\/div>\n\t\t\t\t\t<\/div>\n\t\t<\/div>\n\t\t\t\t<div class=\"elementor-column elementor-col-20 elementor-top-column elementor-element elementor-element-6fbb3061\" data-id=\"6fbb3061\" data-element_type=\"column\">\n\t\t\t<div class=\"elementor-widget-wrap elementor-element-populated\">\n\t\t\t\t\t\t<div class=\"elementor-element elementor-element-1bdd585e elementor-widget elementor-widget-wd_image_or_svg\" data-id=\"1bdd585e\" data-element_type=\"widget\" data-widget_type=\"wd_image_or_svg.default\">\n\t\t\t\t<div class=\"elementor-widget-container\">\n\t\t\t\t\t\n\t\t<div class=\"wd-image text-left\">\n\t\t\t\t\t\t\t\t<img loading=\"lazy\" decoding=\"async\" width=\"350\" height=\"350\" src=\"https:\/\/nivelsystem.com\/wp-content\/uploads\/2024\/04\/ikony_kabl.png\" class=\"attachment-full size-full\" alt=\"\" srcset=\"https:\/\/nivelsystem.com\/wp-content\/uploads\/2024\/04\/ikony_kabl.png 350w, https:\/\/nivelsystem.com\/wp-content\/uploads\/2024\/04\/ikony_kabl-300x300.png 300w, https:\/\/nivelsystem.com\/wp-content\/uploads\/2024\/04\/ikony_kabl-150x150.png 150w\" sizes=\"(max-width: 350px) 100vw, 350px\" title=\"\">\t\t\t\t\t<\/div>\n\n\t\t\t\t\t\t<\/div>\n\t\t\t\t<\/div>\n\t\t\t\t<div class=\"elementor-element elementor-element-4cb6a24d elementor-widget elementor-widget-wd_text_block\" data-id=\"4cb6a24d\" data-element_type=\"widget\" data-widget_type=\"wd_text_block.default\">\n\t\t\t\t<div class=\"elementor-widget-container\">\n\t\t\t\t\t\t\t<div class=\"wd-text-block reset-last-child text-left\">\n\t\t\t\n\t\t\t<p><strong>Freiheit dank kabelloser Arbeit<\/strong><\/p><p>Bluetooth-, WiFi- und NFC-Kommunikationsmodule<br \/>f\u00fcr bequeme Kopplung und<br \/>Datensynchronisation<\/p>\n\t\t\t\t\t<\/div>\n\t\t\t\t\t\t<\/div>\n\t\t\t\t<\/div>\n\t\t\t\t\t<\/div>\n\t\t<\/div>\n\t\t\t\t<div class=\"elementor-column elementor-col-20 elementor-top-column elementor-element elementor-element-5ff17d94\" data-id=\"5ff17d94\" data-element_type=\"column\">\n\t\t\t<div class=\"elementor-widget-wrap elementor-element-populated\">\n\t\t\t\t\t\t<div class=\"elementor-element elementor-element-37445ebd elementor-widget elementor-widget-wd_image_or_svg\" data-id=\"37445ebd\" data-element_type=\"widget\" data-widget_type=\"wd_image_or_svg.default\">\n\t\t\t\t<div class=\"elementor-widget-container\">\n\t\t\t\t\t\n\t\t<div class=\"wd-image text-left\">\n\t\t\t\t\t\t\t\t<img loading=\"lazy\" decoding=\"async\" width=\"350\" height=\"350\" src=\"https:\/\/nivelsystem.com\/wp-content\/uploads\/2024\/04\/ikony_PL.png\" class=\"attachment-full size-full\" alt=\"\" srcset=\"https:\/\/nivelsystem.com\/wp-content\/uploads\/2024\/04\/ikony_PL.png 350w, https:\/\/nivelsystem.com\/wp-content\/uploads\/2024\/04\/ikony_PL-300x300.png 300w, https:\/\/nivelsystem.com\/wp-content\/uploads\/2024\/04\/ikony_PL-150x150.png 150w\" sizes=\"(max-width: 350px) 100vw, 350px\" title=\"\">\t\t\t\t\t<\/div>\n\n\t\t\t\t\t\t<\/div>\n\t\t\t\t<\/div>\n\t\t\t\t<div class=\"elementor-element elementor-element-7efda169 elementor-widget elementor-widget-wd_text_block\" data-id=\"7efda169\" data-element_type=\"widget\" data-widget_type=\"wd_text_block.default\">\n\t\t\t\t<div class=\"elementor-widget-container\">\n\t\t\t\t\t\t\t<div class=\"wd-text-block reset-last-child text-left\">\n\t\t\t\n\t\t\t<p><strong>Software Nsurv<\/strong><\/p><p><br \/>Schnittstelle in polnischer<br \/>Sprache, unbefristete Lizenz, Updates<\/p>\n\t\t\t\t\t<\/div>\n\t\t\t\t\t\t<\/div>\n\t\t\t\t<\/div>\n\t\t\t\t\t<\/div>\n\t\t<\/div>\n\t\t\t\t<div class=\"elementor-column elementor-col-20 elementor-top-column elementor-element elementor-element-5c99176c\" data-id=\"5c99176c\" data-element_type=\"column\">\n\t\t\t<div class=\"elementor-widget-wrap elementor-element-populated\">\n\t\t\t\t\t\t<div class=\"elementor-element elementor-element-e676af2 elementor-widget elementor-widget-wd_image_or_svg\" data-id=\"e676af2\" data-element_type=\"widget\" data-widget_type=\"wd_image_or_svg.default\">\n\t\t\t\t<div class=\"elementor-widget-container\">\n\t\t\t\t\t\n\t\t<div class=\"wd-image text-left\">\n\t\t\t\t\t\t\t\t<img loading=\"lazy\" decoding=\"async\" width=\"350\" height=\"350\" src=\"https:\/\/nivelsystem.com\/wp-content\/uploads\/2024\/04\/ikony_tablet.png\" class=\"attachment-full size-full\" alt=\"\" srcset=\"https:\/\/nivelsystem.com\/wp-content\/uploads\/2024\/04\/ikony_tablet.png 350w, https:\/\/nivelsystem.com\/wp-content\/uploads\/2024\/04\/ikony_tablet-300x300.png 300w, https:\/\/nivelsystem.com\/wp-content\/uploads\/2024\/04\/ikony_tablet-150x150.png 150w\" sizes=\"(max-width: 350px) 100vw, 350px\" title=\"\">\t\t\t\t\t<\/div>\n\n\t\t\t\t\t\t<\/div>\n\t\t\t\t<\/div>\n\t\t\t\t<div class=\"elementor-element elementor-element-22e59226 elementor-widget elementor-widget-wd_text_block\" data-id=\"22e59226\" data-element_type=\"widget\" data-widget_type=\"wd_text_block.default\">\n\t\t\t\t<div class=\"elementor-widget-container\">\n\t\t\t\t\t\t\t<div class=\"wd-text-block reset-last-child text-left\">\n\t\t\t\n\t\t\t<p><strong>Android-Tablet<\/strong><\/p><p><br \/>Sofortige Synchronisierung<br \/>der Messdaten in der Cloud bzw.<br \/>Versand per E-Mail dank der<br \/>M\u00f6glichkeit, sich mit dem eigenen Postfach zu verbinden<\/p>\n\t\t\t\t\t<\/div>\n\t\t\t\t\t\t<\/div>\n\t\t\t\t<\/div>\n\t\t\t\t\t<\/div>\n\t\t<\/div>\n\t\t\t\t\t<\/div>\n\t\t<\/section>\n\t\t\t\t<\/div>\n\t\t","protected":false},"excerpt":{"rendered":"<ul>\n<li><strong>1408 GNSS-Kan\u00e4le:<\/strong> Bedienung von allen aktuellen und k\u00fcnftigen Signalen<\/li>\n<li><strong>Fix-Unterst\u00fctzung<\/strong> in Gebieten mit schlechter Internetabdeckung<\/li>\n<li><strong>Effiziente Energieversorgung<\/strong> bis zu 10 Stunden Betrieb<\/li>\n<li><strong>Einfache Bedienung<\/strong> intuitive Software<\/li>\n<\/ul>\n","protected":false},"featured_media":102336,"template":"","meta":{"_acf_changed":false},"product_brand":[],"product_cat":[624],"product_tag":[],"branze":[],"class_list":{"0":"post-102501","1":"product","2":"type-product","3":"status-publish","4":"has-post-thumbnail","6":"product_cat-gnss-empfaenger","8":"first","9":"instock","10":"shipping-taxable","11":"product-type-simple"},"acf":[],"_links":{"self":[{"href":"https:\/\/nivelsystem.com\/de\/wp-json\/wp\/v2\/product\/102501","targetHints":{"allow":["GET"]}}],"collection":[{"href":"https:\/\/nivelsystem.com\/de\/wp-json\/wp\/v2\/product"}],"about":[{"href":"https:\/\/nivelsystem.com\/de\/wp-json\/wp\/v2\/types\/product"}],"version-history":[{"count":1,"href":"https:\/\/nivelsystem.com\/de\/wp-json\/wp\/v2\/product\/102501\/revisions"}],"predecessor-version":[{"id":114797,"href":"https:\/\/nivelsystem.com\/de\/wp-json\/wp\/v2\/product\/102501\/revisions\/114797"}],"wp:featuredmedia":[{"embeddable":true,"href":"https:\/\/nivelsystem.com\/de\/wp-json\/wp\/v2\/media\/102336"}],"wp:attachment":[{"href":"https:\/\/nivelsystem.com\/de\/wp-json\/wp\/v2\/media?parent=102501"}],"wp:term":[{"taxonomy":"product_brand","embeddable":true,"href":"https:\/\/nivelsystem.com\/de\/wp-json\/wp\/v2\/product_brand?post=102501"},{"taxonomy":"product_cat","embeddable":true,"href":"https:\/\/nivelsystem.com\/de\/wp-json\/wp\/v2\/product_cat?post=102501"},{"taxonomy":"product_tag","embeddable":true,"href":"https:\/\/nivelsystem.com\/de\/wp-json\/wp\/v2\/product_tag?post=102501"},{"taxonomy":"branze","embeddable":true,"href":"https:\/\/nivelsystem.com\/de\/wp-json\/wp\/v2\/branze?post=102501"}],"curies":[{"name":"wp","href":"https:\/\/api.w.org\/{rel}","templated":true}]}}