{"id":41198,"date":"2021-08-29T22:47:54","date_gmt":"2021-08-29T22:47:54","guid":{"rendered":"https:\/\/nivelsystem.com\/?page_id=41198"},"modified":"2022-09-23T07:30:42","modified_gmt":"2022-09-23T07:30:42","slug":"registrierung","status":"publish","type":"page","link":"https:\/\/nivelsystem.com\/de\/registrierung\/","title":{"rendered":"Registrierung"},"content":{"rendered":"\t\t<div data-elementor-type=\"wp-page\" data-elementor-id=\"41198\" class=\"elementor elementor-41198 elementor-13984\" data-elementor-post-type=\"page\">\n\t\t\t\t\t\t<section class=\"wd-negative-gap elementor-section elementor-top-section elementor-element elementor-element-33b7255 elementor-section-boxed elementor-section-height-default elementor-section-height-default\" data-id=\"33b7255\" data-element_type=\"section\">\n\t\t\t\t\t\t<div class=\"elementor-container elementor-column-gap-default\">\n\t\t\t\t\t<div class=\"elementor-column elementor-col-25 elementor-top-column elementor-element elementor-element-2357d19\" data-id=\"2357d19\" data-element_type=\"column\">\n\t\t\t<div class=\"elementor-widget-wrap\">\n\t\t\t\t\t\t\t<\/div>\n\t\t<\/div>\n\t\t\t\t<div class=\"elementor-column elementor-col-50 elementor-top-column elementor-element elementor-element-63669ee\" data-id=\"63669ee\" data-element_type=\"column\">\n\t\t\t<div class=\"elementor-widget-wrap elementor-element-populated\">\n\t\t\t\t\t\t<div class=\"elementor-element elementor-element-496e2326 elementor-widget elementor-widget-shortcode\" data-id=\"496e2326\" data-element_type=\"widget\" data-widget_type=\"shortcode.default\">\n\t\t\t\t<div class=\"elementor-widget-container\">\n\t\t\t\t\t\t\t<div class=\"elementor-shortcode\">\t<div class='user-registration ur-frontend-form   ' id='user-registration-form-17924'>\n\t\t\t\t\t\t\t\t<form method='post' class='register' data-form-id=\"17924\"\n\t\t\t\tdata-enable-strength-password=\"1\" data-minimum-password-strength=\"2\"\n\t\t\t\t\t\t\t\t\t\t\t\t\t\t\t data-captcha-enabled=\"\">\n\n\t\t\t\t<div class=\"ur-form-row\" data-row-id=\"0\">\t\t\t\t\t\t\t<div class=\"ur-form-grid ur-grid-1\"\n\t\t\t\t\t\t\t\tstyle=\"width:48%\">\n\t\t\t\t\t\t\t\t\t\t\t\t\t\t\t\t<div  data-field-id=\"user_login\" class=\"ur-field-item field-user_login \" data-ref-id=\"user_login\" data-field-pattern-enabled=\"0\" data-field-pattern-value=\" \" data-field-pattern-message=\" \">\n\t\t\t\t\t\t\t\t\t\t<div class=\"form-row validate-required\" id=\"user_login_field\" data-priority=\"\" ><label for=\"user_login\" class=\"ur-label\">Benutzer <abbr class=\"required\" title=\"erforderlich\">*<\/abbr><\/label> <span class=\"input-wrapper\"> <input  data-rules=\"\" data-id=\"user_login\" type=\"text\" class=\"input-text   input-text ur-frontend-field  \" name=\"user_login\" id=\"user_login\" placeholder=\"\"  value=\"\" required=\"required\" data-label=\"Benutzer\" data-username-character=\"yes\"\/> <\/span> <\/div>\t\t\t\t\t\t\t\t\t<\/div>\n\t\t\t\t\t\t\t\t\t\t\t\t\t\t\t\t\t\t<div  data-field-id=\"input_box_1650352154\" class=\"ur-field-item field-text \" data-ref-id=\"input_box_1650352154\" data-field-pattern-enabled=\"0\" data-field-pattern-value=\" \" data-field-pattern-message=\" \">\n\t\t\t\t\t\t\t\t\t\t<div class=\"form-row \" id=\"input_box_1650352154_field\" data-priority=\"\" ><label for=\"input_box_1650352154\" class=\"ur-label\">Gesch\u00e4ft<\/label> <span class=\"input-wrapper\"> <input  data-rules=\"\" data-id=\"input_box_1650352154\" type=\"text\" class=\"input-text   input-text ur-frontend-field  \" name=\"input_box_1650352154\" id=\"input_box_1650352154\" placeholder=\"\"  value=\"\" data-label=\"Gesch\u00e4ft\" maxlength=\"20\" \/> <\/span> <\/div>\t\t\t\t\t\t\t\t\t<\/div>\n\t\t\t\t\t\t\t\t\t\t\t\t\t\t\t\t\t\t<div  data-field-id=\"user_pass\" class=\"ur-field-item field-user_pass \" data-ref-id=\"user_pass\" data-field-pattern-enabled=\"0\" data-field-pattern-value=\" \" data-field-pattern-message=\" \">\n\t\t\t\t\t\t\t\t\t\t<div class=\"form-row validate-required hide_show_password\" id=\"user_pass_field\" data-priority=\"\"><label for=\"user_pass\" class=\"ur-label\">Passwort <abbr class=\"required\" title=\"erforderlich\">*<\/abbr><\/label> <span class=\"input-wrapper\"> <span class=\"password-input-group input-form-field-icons\"><input data-rules=\"\" data-id=\"user_pass\" type=\"password\" class=\"input-text  input-password ur-frontend-field  \" name=\"user_pass\" id=\"user_pass\" placeholder=\"\"  value=\"\" required=\"required\" data-label=\"Passwort\" \/><a href=\"javaScript:void(0)\" class=\"password_preview dashicons dashicons-hidden\" title=\" Show password \"><\/a><\/span> <\/span> <\/div>\t\t\t\t\t\t\t\t\t<\/div>\n\t\t\t\t\t\t\t\t\t\t\t\t\t\t\t\t<\/div>\n\t\t\t\t\t\t\t\t\t\t\t\t\t\t<div class=\"ur-form-grid ur-grid-2\"\n\t\t\t\t\t\t\t\tstyle=\"width:48%\">\n\t\t\t\t\t\t\t\t\t\t\t\t\t\t\t\t<div  data-field-id=\"user_email\" class=\"ur-field-item field-user_email \" data-ref-id=\"user_email\" data-field-pattern-enabled=\"0\" data-field-pattern-value=\" \" data-field-pattern-message=\" \">\n\t\t\t\t\t\t\t\t\t\t<div class=\"form-row validate-required\" id=\"user_email_field\" data-priority=\"\" ><label for=\"user_email\" class=\"ur-label\">Email <abbr class=\"required\" title=\"erforderlich\">*<\/abbr><\/label> <span class=\"input-wrapper\"> <input  data-rules=\"\" data-id=\"user_email\" type=\"email\" class=\"input-text   input-email ur-frontend-field  \" name=\"user_email\" id=\"user_email\" placeholder=\"\"  value=\"\" required=\"required\" data-label=\"Email\" \/> <\/span> <\/div>\t\t\t\t\t\t\t\t\t<\/div>\n\t\t\t\t\t\t\t\t\t\t\t\t\t\t\t\t\t\t<div  data-field-id=\"number_box_1650352205\" class=\"ur-field-item field-number \" data-ref-id=\"number_box_1650352205\" data-field-pattern-enabled=\"0\" data-field-pattern-value=\" \" data-field-pattern-message=\" \">\n\t\t\t\t\t\t\t\t\t\t<div class=\"form-row \" id=\"number_box_1650352205_field\" data-priority=\"\" ><label for=\"number_box_1650352205\" class=\"ur-label\">MwSt.<\/label> <span class=\"input-wrapper\"> <input  data-rules=\"\" data-id=\"number_box_1650352205\" type=\"number\" class=\"input-text   input-number ur-frontend-field  \" name=\"number_box_1650352205\" id=\"number_box_1650352205\" placeholder=\"\"  value=\"\" data-label=\"MwSt.\" step=\"1\" \/> <\/span> <\/div>\t\t\t\t\t\t\t\t\t<\/div>\n\t\t\t\t\t\t\t\t\t\t\t\t\t\t\t\t\t\t<div  data-field-id=\"user_confirm_password\" class=\"ur-field-item field-user_confirm_password \" data-ref-id=\"user_confirm_password\" data-field-pattern-enabled=\"0\" data-field-pattern-value=\" \" data-field-pattern-message=\" \">\n\t\t\t\t\t\t\t\t\t\t<div class=\"form-row validate-required hide_show_password\" id=\"user_confirm_password_field\" data-priority=\"\"><label for=\"user_confirm_password\" class=\"ur-label\">Best\u00e4tigen Sie Ihr Passwort <abbr class=\"required\" title=\"erforderlich\">*<\/abbr><\/label> <span class=\"input-wrapper\"> <span class=\"password-input-group input-form-field-icons\"><input data-rules=\"\" data-id=\"user_confirm_password\" type=\"password\" class=\"input-text  input-password ur-frontend-field  \" name=\"user_confirm_password\" id=\"user_confirm_password\" placeholder=\"\"  value=\"\" required=\"required\" data-label=\"Best\u00e4tigen Sie Ihr Passwort\" \/><a href=\"javaScript:void(0)\" class=\"password_preview dashicons dashicons-hidden\" title=\" Show password \"><\/a><\/span> <\/span> <\/div>\t\t\t\t\t\t\t\t\t<\/div>\n\t\t\t\t\t\t\t\t\t\t\t\t\t\t\t\t<\/div>\n\t\t\t\t\t\t\t\t\t\t\t\t\t<\/div>\n\t\t\t\t\t\t<div class=\"ur-form-row\" data-row-id=\"2\">\t\t\t\t\t\t\t<div class=\"ur-form-grid ur-grid-1\"\n\t\t\t\t\t\t\t\tstyle=\"width:99%\">\n\t\t\t\t\t\t\t\t\t\t\t\t\t\t\t\t<div  data-field-id=\"privacy_policy_1650352379\" class=\"ur-field-item field-privacy_policy \" data-ref-id=\"privacy_policy_1650352379\" data-field-pattern-enabled=\"0\" data-field-pattern-value=\" \" data-field-pattern-message=\" \">\n\t\t\t\t\t\t\t\t\t\t<div class=\"form-row validate-required\" id=\"privacy_policy_1650352379_field\" data-priority=\"\" ><label class=\"ur-label checkbox\" required=\"required\" data-label=\"Ich stimme der Verarbeitung der von mir im Registrierungsformular angegebenen personenbezogenen Daten zu.\">\n\t\t\t\t\t\t\t<input data-rules=\"\" data-id=\"privacy_policy_1650352379\" required=\"required\" data-label=\"Ich stimme der Verarbeitung der von mir im Registrierungsformular angegebenen personenbezogenen Daten zu.\" data-value=\"\" type=\"checkbox\" class=\"input-checkbox ur-frontend-field \" name=\"privacy_policy_1650352379\" id=\"privacy_policy_1650352379\" value=\"1\"  \/> Ich stimme der Verarbeitung der von mir im Registrierungsformular angegebenen personenbezogenen Daten zu. <abbr class=\"required\" title=\"erforderlich\">*<\/abbr><\/label><span class=\"description\">Verantwortlicher f\u00fcr die Verarbeitung der von Ihnen im Kontaktformular angegebenen personenbezogenen Daten ist die TPI Sp. z o.o. mit Sitz in ul. Bartycka 22, 00-716 Warschau (Polen), steuerliche IdNr. NIP: 527-02-05-140. Die Daten werden gem\u00e4\u00df Artikel 6 Absatz 1 Buchstabe b der Datenschutz-Grundverordnung (DSGVO) zwecks Bearbeitung Ihrer Anfrage verarbeitet. Ihre Daten werden in der Datenbank des Verantwortlichen gespeichert. Sie haben das Recht, von dem f\u00fcr die Verarbeitung Verantwortlichen Zugriff auf Ihre Daten und die Berichtigung, L\u00f6schung oder Einschr\u00e4nkung der Verarbeitung der personenbezogenen Daten zu verlangen und Widerspruch gegen die Verarbeitung einzulegen sowie das Recht auf Daten\u00fcbertragbarkeit, nach Ma\u00dfgabe von Artikel 16-21 DSGVO. Sollten Sie der Auffassung sein, dass Ihre Daten im Widerspruch zu den Rechtsvorschriften verarbeitet werden, k\u00f6nnen Sie Beschwerde bei der zust\u00e4ndigen Aufsichtsbeh\u00f6rde einlegen. Die Angabe der Daten erfolgt auf freiwilliger Basis, ist zur Bearbeitung Ihrer Anfrage jedoch notwendig.<\/span><\/div>\t\t\t\t\t\t\t\t\t<\/div>\n\t\t\t\t\t\t\t\t\t\t\t\t\t\t\t\t<\/div>\n\t\t\t\t\t\t\t\t\t\t\t\t\t<\/div>\n\t\t\t\t\t\t\t\t\t\t\t\t\t\t\t\t\t\t<div class=\"ur-button-container \" >\n\t\t\t\t\t\t\t\t\t\t\t\t\t\t<button type=\"submit\" class=\"btn button ur-submit-button \"  conditional_rules=\"&quot;&quot;\">\n\t\t\t\t\t\t\t\t<span><\/span>\n\t\t\t\t\t\t\t\tRegistrieren\t\t\t\t\t\t\t<\/button>\n\t\t\t\t\t\t\t\t\t\t\t\t\t\t\t\t\t\t\t\t<\/div>\n\t\t\t\t\t\t\n\t\t\t\t<div style=\"clear:both\"><\/div>\n\t\t\t\t\t\t\t\t<input type=\"hidden\" name=\"ur-registration-language\" value=\"de\"\/>\n\t\t\t\t<input type=\"hidden\" name=\"ur-user-form-id\" value=\"17924\"\/>\n\t\t\t\t<input type=\"hidden\" name=\"ur-redirect-url\" value=\"\"\/>\n\t\t\t\t<input type=\"hidden\" id=\"ur_frontend_form_nonce\" name=\"ur_frontend_form_nonce\" value=\"475bdf1821\" \/>\n\t\t\t\t\n\t\t\t<\/form>\n\t\t\t\n\t\t<div style=\"clear:both\"><\/div>\n\t<\/div>\n\n<\/div>\n\t\t\t\t\t\t<\/div>\n\t\t\t\t<\/div>\n\t\t\t\t\t<\/div>\n\t\t<\/div>\n\t\t\t\t<div class=\"elementor-column elementor-col-25 elementor-top-column elementor-element elementor-element-0bbaa09\" data-id=\"0bbaa09\" data-element_type=\"column\">\n\t\t\t<div class=\"elementor-widget-wrap\">\n\t\t\t\t\t\t\t<\/div>\n\t\t<\/div>\n\t\t\t\t\t<\/div>\n\t\t<\/section>\n\t\t\t\t<\/div>\n\t\t","protected":false},"excerpt":{"rendered":"","protected":false},"author":2,"featured_media":0,"parent":0,"menu_order":0,"comment_status":"closed","ping_status":"closed","template":"","meta":{"_acf_changed":false,"footnotes":""},"class_list":["post-41198","page","type-page","status-publish","hentry"],"acf":[],"_links":{"self":[{"href":"https:\/\/nivelsystem.com\/de\/wp-json\/wp\/v2\/pages\/41198","targetHints":{"allow":["GET"]}}],"collection":[{"href":"https:\/\/nivelsystem.com\/de\/wp-json\/wp\/v2\/pages"}],"about":[{"href":"https:\/\/nivelsystem.com\/de\/wp-json\/wp\/v2\/types\/page"}],"author":[{"embeddable":true,"href":"https:\/\/nivelsystem.com\/de\/wp-json\/wp\/v2\/users\/2"}],"replies":[{"embeddable":true,"href":"https:\/\/nivelsystem.com\/de\/wp-json\/wp\/v2\/comments?post=41198"}],"version-history":[{"count":0,"href":"https:\/\/nivelsystem.com\/de\/wp-json\/wp\/v2\/pages\/41198\/revisions"}],"wp:attachment":[{"href":"https:\/\/nivelsystem.com\/de\/wp-json\/wp\/v2\/media?parent=41198"}],"curies":[{"name":"wp","href":"https:\/\/api.w.org\/{rel}","templated":true}]}}