{"id":31277,"date":"2022-06-29T05:33:45","date_gmt":"2022-06-29T05:33:45","guid":{"rendered":"https:\/\/nivelsystem.com\/przedluzenie-gwarancji\/"},"modified":"2022-09-17T14:51:38","modified_gmt":"2022-09-17T14:51:38","slug":"verlaengerung-der-garantiezeit","status":"publish","type":"page","link":"https:\/\/nivelsystem.com\/de\/verlaengerung-der-garantiezeit\/","title":{"rendered":"Verl\u00e4ngerung der Garantiezeit"},"content":{"rendered":"\t\t<div data-elementor-type=\"wp-page\" data-elementor-id=\"31277\" class=\"elementor elementor-31277 elementor-20650\" data-elementor-post-type=\"page\">\n\t\t\t\t\t\t<section class=\"wd-negative-gap elementor-section elementor-top-section elementor-element elementor-element-23a449b elementor-section-boxed elementor-section-height-default elementor-section-height-default\" data-id=\"23a449b\" data-element_type=\"section\">\n\t\t\t\t\t\t<div class=\"elementor-container elementor-column-gap-default\">\n\t\t\t\t\t<div class=\"elementor-column elementor-col-100 elementor-top-column elementor-element elementor-element-5fb1f51\" data-id=\"5fb1f51\" data-element_type=\"column\">\n\t\t\t<div class=\"elementor-widget-wrap\">\n\t\t\t\t\t\t\t<\/div>\n\t\t<\/div>\n\t\t\t\t\t<\/div>\n\t\t<\/section>\n\t\t\t\t<section class=\"wd-negative-gap elementor-section elementor-top-section elementor-element elementor-element-2806bb5 elementor-section-boxed elementor-section-height-default elementor-section-height-default\" data-id=\"2806bb5\" data-element_type=\"section\">\n\t\t\t\t\t\t<div class=\"elementor-container elementor-column-gap-default\">\n\t\t\t\t\t<div class=\"elementor-column elementor-col-100 elementor-top-column elementor-element elementor-element-24b3115\" data-id=\"24b3115\" data-element_type=\"column\">\n\t\t\t<div class=\"elementor-widget-wrap elementor-element-populated\">\n\t\t\t\t\t\t<div class=\"elementor-element elementor-element-ca75c83 wd-width-100 elementor-widget elementor-widget-wd_title\" data-id=\"ca75c83\" data-element_type=\"widget\" data-widget_type=\"wd_title.default\">\n\t\t\t\t<div class=\"elementor-widget-container\">\n\t\t\t\t\t\t\t<div class=\"title-wrapper wd-set-mb reset-last-child wd-title-color-default wd-title-style-default wd-title-size-medium text-center\">\n\n\t\t\t\t\t\t\t\t\t\t\t<div class=\"title-subtitle subtitle-color-default subtitle-style-background wd-fontsize-xs\">\n\t\t\t\t\tNIVEL SYSTEM \u2013 ein zuverl\u00e4ssiger Partner\t\t\t\t<\/div>\n\t\t\t\n\t\t\t<div class=\"liner-continer\">\n\t\t\t\t<h4 class=\"woodmart-title-container title wd-fontsize-xl\">Verl\u00e4ngerung der Garantiezeit<\/h4> \n\t\t\t\t\t\t\t<\/div>\n\n\t\t\t\t\t<\/div>\n\t\t\t\t\t\t<\/div>\n\t\t\t\t<\/div>\n\t\t\t\t<div class=\"elementor-element elementor-element-db4284c elementor-widget elementor-widget-wp-widget-text\" data-id=\"db4284c\" data-element_type=\"widget\" data-widget_type=\"wp-widget-text.default\">\n\t\t\t\t<div class=\"elementor-widget-container\">\n\t\t\t\t\t\t\t\t<div class=\"textwidget\"><p>Jetzt haben Sie die M\u00f6glichkeit, die Garantie f\u00fcr Ihr Nivel System Messger\u00e4t kostenlos um weitere 12 Monate zu verl\u00e4ngern. Damit haben Sie einen 24-monatigen Schutz f\u00fcr das von Ihnen gekaufte Ger\u00e4t. Um die Garantie zu verl\u00e4ngern, muss das Ger\u00e4t (mit Seriennummer und Kaufbeleg) innerhalb von 3 Monaten nach dem Kaufdatum registriert werden. Die Registrierung muss vom K\u00e4ufer (nicht vom H\u00e4ndler) vorgenommen werden. Wenn Sie falsche Angaben machen, k\u00f6nnen Sie die erweiterte Garantie nicht in Anspruch nehmen.<\/p>\n<\/div>\n\t\t\t\t\t\t<\/div>\n\t\t\t\t<\/div>\n\t\t\t\t<div class=\"elementor-element elementor-element-2d1f198 elementor-widget elementor-widget-shortcode\" data-id=\"2d1f198\" data-element_type=\"widget\" data-widget_type=\"shortcode.default\">\n\t\t\t\t<div class=\"elementor-widget-container\">\n\t\t\t\t\t\t\t<div class=\"elementor-shortcode\">\n<div class=\"wpcf7 no-js\" id=\"wpcf7-f40795-o1\" lang=\"pl-PL\" dir=\"ltr\" data-wpcf7-id=\"40795\">\n<div class=\"screen-reader-response\"><p role=\"status\" aria-live=\"polite\" aria-atomic=\"true\"><\/p> <ul><\/ul><\/div>\n<form action=\"\/de\/wp-json\/wp\/v2\/pages\/31277#wpcf7-f40795-o1\" method=\"post\" class=\"wpcf7-form init wpcf7-acceptance-as-validation\" aria-label=\"Formularz kontaktowy\" novalidate=\"novalidate\" data-status=\"init\">\n<fieldset class=\"hidden-fields-container\"><input type=\"hidden\" name=\"_wpcf7\" value=\"40795\" \/><input type=\"hidden\" name=\"_wpcf7_version\" value=\"6.1.2\" \/><input type=\"hidden\" name=\"_wpcf7_locale\" value=\"pl_PL\" \/><input type=\"hidden\" name=\"_wpcf7_unit_tag\" value=\"wpcf7-f40795-o1\" \/><input type=\"hidden\" name=\"_wpcf7_container_post\" value=\"0\" \/><input type=\"hidden\" name=\"_wpcf7_posted_data_hash\" value=\"\" \/><input type=\"hidden\" name=\"_wpcf7_recaptcha_response\" value=\"\" \/>\n<\/fieldset>\n<div class=\"elementor-form-fields-wrapper elementor-labels-above\">\n\t<div class=\"elementor-field-type-html elementor-field-group elementor-column elementor-field-group-field_dcbbd0e elementor-col-100 rg-form-subtitle\">\n\t\t<p>GRUNDLEGENDE INFORMATIONEN\n\t\t<\/p>\n\t<\/div>\n\t<div class=\"elementor-field-type-text elementor-field-group elementor-column elementor-field-group-imie elementor-col-33 elementor-field-required rg-col-left\">\n\t\t<p><label for=\"imie\" class=\"elementor-field-label\">Vorname* <\/label><br \/>\n<span class=\"wpcf7-form-control-wrap\" data-name=\"your-name\"><input size=\"100\" maxlength=\"400\" class=\"wpcf7-form-control wpcf7-text wpcf7-validates-as-required elementor-field elementor-size-sm elementor-field-textual\" id=\"your-name\" aria-required=\"true\" aria-invalid=\"false\" value=\"\" type=\"text\" name=\"your-name\" \/><\/span>\n\t\t<\/p>\n\t<\/div>\n\t<div class=\"elementor-field-type-text elementor-field-group elementor-column elementor-field-group-nazwisko elementor-col-33 elementor-field-required rg-col-right\">\n\t\t<p><label for=\"nazwisko\" class=\"elementor-field-label\">Nachname* <\/label><br \/>\n<span class=\"wpcf7-form-control-wrap\" data-name=\"last-name\"><input size=\"100\" maxlength=\"400\" class=\"wpcf7-form-control wpcf7-text wpcf7-validates-as-required elementor-field elementor-size-sm elementor-field-textual\" id=\"last-name\" aria-required=\"true\" aria-invalid=\"false\" value=\"\" type=\"text\" name=\"last-name\" \/><\/span>\n\t\t<\/p>\n\t<\/div>\n\t<div class=\"elementor-field-type-text elementor-field-group elementor-column elementor-field-group-firma elementor-col-33 rg-col-right\">\n\t\t<p><label for=\"firma\" class=\"elementor-field-label\">Firma (andernfalls - lassen Sie es leer) <\/label><br \/>\n<span class=\"wpcf7-form-control-wrap\" data-name=\"firma\"><input size=\"100\" maxlength=\"400\" class=\"wpcf7-form-control wpcf7-text elementor-field elementor-size-sm elementor-field-textual\" id=\"firma\" aria-invalid=\"false\" value=\"\" type=\"text\" name=\"firma\" \/><\/span>\n\t\t<\/p>\n\t<\/div>\n\t<div class=\"elementor-field-type-text elementor-field-group elementor-column elementor-field-group-nip elementor-col-33 rg-col-left\">\n\t\t<p><label for=\"nip\" class=\"elementor-field-label\">MwSt. (andernfalls - lassen Sie es leer) <\/label><br \/>\n<span class=\"wpcf7-form-control-wrap\" data-name=\"nip\"><input size=\"100\" maxlength=\"400\" class=\"wpcf7-form-control wpcf7-text elementor-field elementor-size-sm elementor-field-textual\" id=\"nip\" aria-invalid=\"false\" value=\"\" type=\"text\" name=\"nip\" \/><\/span>\n\t\t<\/p>\n\t<\/div>\n\t<div class=\"elementor-field-type-email elementor-field-group elementor-column elementor-field-group-email elementor-col-33 elementor-field-required rg-col-right\">\n\t\t<p><label for=\"email\" class=\"elementor-field-label\">E-mail* <\/label><br \/>\n<span class=\"wpcf7-form-control-wrap\" data-name=\"your-email\"><input size=\"100\" maxlength=\"400\" class=\"wpcf7-form-control wpcf7-email wpcf7-validates-as-required wpcf7-text wpcf7-validates-as-email elementor-field elementor-size-sm elementor-field-textual\" id=\"your-email\" aria-required=\"true\" aria-invalid=\"false\" value=\"\" type=\"email\" name=\"your-email\" \/><\/span>\n\t\t<\/p>\n\t<\/div>\n\t<div class=\"elementor-field-type-text elementor-field-group elementor-column elementor-field-group-telefon elementor-col-33 elementor-field-required rg-col-right\">\n\t\t<p><label for=\"telefon\" class=\"elementor-field-label\">Telefon* <\/label><br \/>\n<span class=\"wpcf7-form-control-wrap\" data-name=\"telefon\"><input size=\"100\" maxlength=\"400\" class=\"wpcf7-form-control wpcf7-text wpcf7-validates-as-required elementor-field elementor-size-sm elementor-field-textual\" id=\"telefon\" aria-required=\"true\" aria-invalid=\"false\" value=\"\" type=\"text\" name=\"telefon\" \/><\/span>\n\t\t<\/p>\n\t<\/div>\n\t<div class=\"elementor-field-type-html elementor-field-group elementor-column elementor-field-group-field_cf6a0e1 elementor-col-100 rg-form-subtitle\">\n\t\t<p>POSTANSCHRIFT\n\t\t<\/p>\n\t<\/div>\n\t<div class=\"elementor-field-type-text elementor-field-group elementor-column elementor-field-group-ulica elementor-col-33 elementor-field-required rg-col-left\">\n\t\t<p><label for=\"ulica\" class=\"elementor-field-label\">Stra\u00dfe* <\/label><br \/>\n<span class=\"wpcf7-form-control-wrap\" data-name=\"ulica\"><input size=\"100\" maxlength=\"400\" class=\"wpcf7-form-control wpcf7-text wpcf7-validates-as-required elementor-field elementor-size-sm elementor-field-textual\" id=\"ulica\" aria-required=\"true\" aria-invalid=\"false\" value=\"\" type=\"text\" name=\"ulica\" \/><\/span>\n\t\t<\/p>\n\t<\/div>\n\t<div class=\"elementor-field-type-text elementor-field-group elementor-column elementor-field-group-dom elementor-col-33 elementor-field-required rg-col-right\">\n\t\t<p><label for=\"dom\" class=\"elementor-field-label\">Hausnummer \/ Whg.* <\/label><br \/>\n<span class=\"wpcf7-form-control-wrap\" data-name=\"dom\"><input size=\"100\" maxlength=\"400\" class=\"wpcf7-form-control wpcf7-text wpcf7-validates-as-required elementor-field elementor-size-sm elementor-field-textual\" id=\"dom\" aria-required=\"true\" aria-invalid=\"false\" value=\"\" type=\"text\" name=\"dom\" \/><\/span>\n\t\t<\/p>\n\t<\/div>\n\t<div class=\"elementor-field-type-text elementor-field-group elementor-column elementor-field-group-kod elementor-col-33 elementor-field-required rg-col-right\">\n\t\t<p><label for=\"kod\" class=\"elementor-field-label\">Postleitzahl* <\/label><br \/>\n<span class=\"wpcf7-form-control-wrap\" data-name=\"kod\"><input size=\"100\" maxlength=\"400\" class=\"wpcf7-form-control wpcf7-text wpcf7-validates-as-required elementor-field elementor-size-sm elementor-field-textual\" id=\"kod\" aria-required=\"true\" aria-invalid=\"false\" value=\"\" type=\"text\" name=\"kod\" \/><\/span>\n\t\t<\/p>\n\t<\/div>\n\t<div class=\"elementor-field-type-text elementor-field-group elementor-column elementor-field-group-miasto elementor-col-33 elementor-field-required rg-col-left\">\n\t\t<p><label for=\"miasto\" class=\"elementor-field-label\">Ort* <\/label><br \/>\n<span class=\"wpcf7-form-control-wrap\" data-name=\"miasto\"><input size=\"100\" maxlength=\"400\" class=\"wpcf7-form-control wpcf7-text wpcf7-validates-as-required elementor-field elementor-size-sm elementor-field-textual\" id=\"miasto\" aria-required=\"true\" aria-invalid=\"false\" value=\"\" type=\"text\" name=\"miasto\" \/><\/span>\n\t\t<\/p>\n\t<\/div>\n\t<div class=\"elementor-field-type-text elementor-field-group elementor-column elementor-field-group-panstwo elementor-col-33 elementor-field-required rg-col-right\">\n\t\t<p><label for=\"panstwo\" class=\"elementor-field-label\">Land* <\/label><br \/>\n<span class=\"wpcf7-form-control-wrap\" data-name=\"panstwo\"><input size=\"100\" maxlength=\"400\" class=\"wpcf7-form-control wpcf7-text wpcf7-validates-as-required elementor-field elementor-size-sm elementor-field-textual\" id=\"panstwo\" aria-required=\"true\" aria-invalid=\"false\" value=\"\" type=\"text\" name=\"panstwo\" \/><\/span>\n\t\t<\/p>\n\t<\/div>\n\t<div class=\"elementor-field-type-html elementor-field-group elementor-column elementor-field-group-field_7df076b elementor-col-100 rg-form-subtitle\">\n\t\t<p>ORT DES KAUFS\n\t\t<\/p>\n\t<\/div>\n\t<div class=\"elementor-field-type-text elementor-field-group elementor-column elementor-field-group-sklep elementor-col-33 elementor-field-required rg-col-left\">\n\t\t<p><label for=\"sklep\" class=\"elementor-field-label\">Name des H\u00e4ndlers* <\/label><br \/>\n<span class=\"wpcf7-form-control-wrap\" data-name=\"sklep\"><input size=\"100\" maxlength=\"400\" class=\"wpcf7-form-control wpcf7-text wpcf7-validates-as-required elementor-field elementor-size-sm elementor-field-textual\" id=\"sklep\" aria-required=\"true\" aria-invalid=\"false\" value=\"\" type=\"text\" name=\"sklep\" \/><\/span>\n\t\t<\/p>\n\t<\/div>\n\t<div class=\"elementor-field-type-text elementor-field-group elementor-column elementor-field-group-miasto_zakup elementor-col-33 elementor-field-required rg-col-right\">\n\t\t<p><label for=\"miasto_zakup\" class=\"elementor-field-label\">Ort* <\/label><br \/>\n<span class=\"wpcf7-form-control-wrap\" data-name=\"miasto_zakup\"><input size=\"100\" maxlength=\"400\" class=\"wpcf7-form-control wpcf7-text wpcf7-validates-as-required elementor-field elementor-size-sm elementor-field-textual\" id=\"miasto_zakup\" aria-required=\"true\" aria-invalid=\"false\" value=\"\" type=\"text\" name=\"miasto_zakup\" \/><\/span>\n\t\t<\/p>\n\t<\/div>\n\t<div class=\"elementor-field-type-html elementor-field-group elementor-column elementor-field-group-field_ed66f25 elementor-col-100 rg-form-subtitle\">\n\t\t<p>ANGABEN ZUM GER\u00c4T\n\t\t<\/p>\n\t<\/div>\n\t<div class=\"elementor-field-type-text elementor-field-group elementor-column elementor-field-group-produkt elementor-col-33 elementor-field-required rg-col-left\">\n\t\t<p><label for=\"produkt\" class=\"elementor-field-label\">Nummer \/ Modell* <\/label><br \/>\n<span class=\"wpcf7-form-control-wrap\" data-name=\"produkt\"><input size=\"100\" maxlength=\"400\" class=\"wpcf7-form-control wpcf7-text wpcf7-validates-as-required elementor-field elementor-size-sm elementor-field-textual\" id=\"produkt\" aria-required=\"true\" aria-invalid=\"false\" value=\"\" type=\"text\" name=\"produkt\" \/><\/span>\n\t\t<\/p>\n\t<\/div>\n\t<div class=\"elementor-field-type-text elementor-field-group elementor-column elementor-field-group-nrseryjny elementor-col-33 elementor-field-required rg-col-right\">\n\t\t<p><label for=\"nrseryjny\" class=\"elementor-field-label\">Seriennummer* <\/label><br \/>\n<span class=\"wpcf7-form-control-wrap\" data-name=\"nrseryjny\"><input size=\"100\" maxlength=\"400\" class=\"wpcf7-form-control wpcf7-text wpcf7-validates-as-required elementor-field elementor-size-sm elementor-field-textual\" id=\"nrseryjny\" aria-required=\"true\" aria-invalid=\"false\" value=\"\" type=\"text\" name=\"nrseryjny\" \/><\/span>\n\t\t<\/p>\n\t<\/div>\n\t<div class=\"elementor-field-type-date elementor-field-group elementor-column elementor-field-group-data_zakup elementor-col-33 elementor-field-required rg-col-right\">\n\t\t<p><label for=\"data_zakup\" class=\"elementor-field-label\">Datum des Kaufs*: &nbsp; <\/label><br \/>\n<span class=\"wpcf7-form-control-wrap\" data-name=\"data_zakup\"><input class=\"wpcf7-form-control wpcf7-date wpcf7-validates-as-required wpcf7-validates-as-date elementor-field elementor-size-sm elementor-field-textual elementor-date-field elementor-use-native\" id=\"data_zakup\" aria-required=\"true\" aria-invalid=\"false\" value=\"\" type=\"date\" name=\"data_zakup\" \/><\/span>\n\t\t<\/p>\n\t<\/div>\n\t<div class=\"elementor-field-type-html elementor-field-group elementor-column elementor-field-group-field_f1ec2d2 elementor-col-100\">\n\t\t<p>*Pflichtfelder\n\t\t<\/p>\n\t<\/div>\n\t<div class=\"elementor-field-type-acceptance elementor-field-group elementor-column elementor-col-100 elementor-field-required rg-col-100\">\n\t\t<div class=\"elementor-field-subgroup\">\n\t\t\t<p><span class=\"elementor-field-option\"><span class=\"wpcf7-form-control-wrap\" data-name=\"rodo\"><span class=\"wpcf7-form-control wpcf7-acceptance\"><span class=\"wpcf7-list-item\"><label><input type=\"checkbox\" name=\"rodo\" value=\"1\" id=\"rodo\" aria-invalid=\"false\" \/><span class=\"wpcf7-list-item-label\">* Verantwortlicher f\u00fcr die Verarbeitung der von Ihnen im Kontaktformular angegebenen personenbezogenen Daten ist die TPI Sp. z o.o. mit Sitz in Wa\u0142 Miedzeszy\u0144ski 598, 03-994 Warschau, Polen, steuerliche IdNr. NIP: 527-02-05-140. Die Daten werden gem\u00e4\u00df Artikel 6 Absatz 1 Buchstabe b der Datenschutz-Grundverordnung (DSGVO) zwecks Bearbeitung Ihrer Anfrage verarbeitet. Ihre Daten werden in der Datenbank des Verantwortlichen gespeichert. Sie haben das Recht, von dem f\u00fcr die Verarbeitung Verantwortlichen Zugriff auf Ihre Daten und die Berichtigung, L\u00f6schung oder Einschr\u00e4nkung der Verarbeitung der personenbezogenen Daten zu verlangen und Widerspruch gegen die Verarbeitung einzulegen sowie das Recht auf Daten\u00fcbertragbarkeit, nach Ma\u00dfgabe von Artikel 16-21 DSGVO. Sollten Sie der Auffassung sein, dass Ihre Daten im Widerspruch zu den Rechtsvorschriften verarbeitet werden, k\u00f6nnen Sie Beschwerde bei der zust\u00e4ndigen Aufsichtsbeh\u00f6rde einlegen. Die Angabe der Daten erfolgt auf freiwilliger Basis, ist zur Bearbeitung Ihrer Anfrage jedoch notwendig.<\/span><\/label><\/span><\/span><\/span><\/span>\n\t\t\t<\/p>\n\t\t<\/div>\n\t<\/div>\n\t<div class=\"elementor-field-type-html elementor-field-group elementor-column elementor-col-100 rg-col-100\">\n\t\t<p class=\"comment-form-fm-sign\"><br \/>\n<label for=\"fm-sign\"><input id=\"fm-sign\" name=\"fm-sign\" type=\"checkbox\" class=\"custom-acceptance\" \/>Ich stimme dem Erhalt von E-Mails und elektronischen Mitteilungen, darin eingeschlossen Informationen zu Schulungen, Marketinginformationen und kommerzieller Kommunikation von der Firma TPI Sp. z o.o. mit Gesch\u00e4ftssitz in Warschau (Polen), Wa\u0142 Miedzeszy\u0144ski 598 zu. Nach dem korrekten Ausf\u00fcllen des Formulars und Klicken der Schaltfl\u00e4che \"Absenden\" wird an die angegebene E-Mail-Adresse eine Registrierungsbest\u00e4tigung gesendet. Sollten Sie innerhalb weniger Stunden keine Best\u00e4tigung erhalten, \u00fcberpr\u00fcfen Sie bitte, ob die E-Mail m\u00f6glicherweise in den Spam-Ordner verschoben wurde. Finden Sie die Nachricht dennoch nicht, schreiben Sie uns bitte an die Adresse tpi@tpi.com.pl und bitten Sie unter Angabe Ihres Vor- und Nachnamens, des Namens der Firma und des Datums der Onlineregistrierung um Zusendung der Registrierungsbest\u00e4tigung.<\/label><br \/>\n<input type=\"hidden\" name=\"fm-sign-referer\" value=\"<?php echo $_SERVER['REQUEST_URI']; ? \/>\" \/>\n\t\t<\/p>\n\t<\/div>\n<input class=\"wpcf7-form-control wpcf7-hidden\" value=\"Przed\u0142u\u017cenie gwarancji Nivel System\" type=\"hidden\" name=\"your-subject\" \/>\n\t<div class=\"elementor-field-group elementor-column elementor-field-type-submit elementor-col-33 e-form__buttons\">\n\t\t<p><input class=\"wpcf7-form-control wpcf7-submit has-spinner elementor-button-text elementor-size-sm\" type=\"submit\" value=\"Absenden\" \/>\n\t\t<\/p>\n\t<\/div>\n<\/div><div class=\"wpcf7-response-output\" aria-hidden=\"true\"><\/div>\n<\/form>\n<\/div>\n<\/div>\n\t\t\t\t\t\t<\/div>\n\t\t\t\t<\/div>\n\t\t\t\t\t<\/div>\n\t\t<\/div>\n\t\t\t\t\t<\/div>\n\t\t<\/section>\n\t\t\t\t<section class=\"wd-negative-gap elementor-section elementor-top-section elementor-element elementor-element-e15ce71 elementor-section-boxed elementor-section-height-default elementor-section-height-default\" data-id=\"e15ce71\" data-element_type=\"section\">\n\t\t\t\t\t\t<div class=\"elementor-container elementor-column-gap-default\">\n\t\t\t\t\t<div class=\"elementor-column elementor-col-100 elementor-top-column elementor-element elementor-element-5d3d43a\" data-id=\"5d3d43a\" data-element_type=\"column\">\n\t\t\t<div class=\"elementor-widget-wrap elementor-element-populated\">\n\t\t\t\t\t\t<div class=\"elementor-element elementor-element-8db5fd7 elementor-widget elementor-widget-spacer\" data-id=\"8db5fd7\" data-element_type=\"widget\" data-widget_type=\"spacer.default\">\n\t\t\t\t<div class=\"elementor-widget-container\">\n\t\t\t\t\t\t\t<div class=\"elementor-spacer\">\n\t\t\t<div class=\"elementor-spacer-inner\"><\/div>\n\t\t<\/div>\n\t\t\t\t\t\t<\/div>\n\t\t\t\t<\/div>\n\t\t\t\t\t<\/div>\n\t\t<\/div>\n\t\t\t\t\t<\/div>\n\t\t<\/section>\n\t\t\t\t<\/div>\n\t\t","protected":false},"excerpt":{"rendered":"<p>NIVEL SYSTEM \u2013 ein zuverl\u00e4ssiger Partner Verl\u00e4ngerung der Garantiezeit<\/p>\n","protected":false},"author":3254,"featured_media":0,"parent":0,"menu_order":0,"comment_status":"closed","ping_status":"closed","template":"","meta":{"_acf_changed":false,"footnotes":""},"class_list":["post-31277","page","type-page","status-publish","hentry"],"acf":[],"_links":{"self":[{"href":"https:\/\/nivelsystem.com\/de\/wp-json\/wp\/v2\/pages\/31277","targetHints":{"allow":["GET"]}}],"collection":[{"href":"https:\/\/nivelsystem.com\/de\/wp-json\/wp\/v2\/pages"}],"about":[{"href":"https:\/\/nivelsystem.com\/de\/wp-json\/wp\/v2\/types\/page"}],"author":[{"embeddable":true,"href":"https:\/\/nivelsystem.com\/de\/wp-json\/wp\/v2\/users\/3254"}],"replies":[{"embeddable":true,"href":"https:\/\/nivelsystem.com\/de\/wp-json\/wp\/v2\/comments?post=31277"}],"version-history":[{"count":0,"href":"https:\/\/nivelsystem.com\/de\/wp-json\/wp\/v2\/pages\/31277\/revisions"}],"wp:attachment":[{"href":"https:\/\/nivelsystem.com\/de\/wp-json\/wp\/v2\/media?parent=31277"}],"curies":[{"name":"wp","href":"https:\/\/api.w.org\/{rel}","templated":true}]}}