{"id":30066,"date":"2021-07-28T06:31:50","date_gmt":"2021-07-28T06:31:50","guid":{"rendered":"https:\/\/nivelsystem.com\/warunki-gwarancji\/"},"modified":"2024-08-05T09:34:32","modified_gmt":"2024-08-05T09:34:32","slug":"garantiebedingungen","status":"publish","type":"page","link":"https:\/\/nivelsystem.com\/de\/garantiebedingungen\/","title":{"rendered":"Garantiebedingungen"},"content":{"rendered":"\t\t<div data-elementor-type=\"wp-page\" data-elementor-id=\"30066\" class=\"elementor elementor-30066 elementor-11316\" data-elementor-post-type=\"page\">\n\t\t\t\t\t\t<section class=\"wd-negative-gap elementor-section elementor-top-section elementor-element elementor-element-23a449b elementor-section-boxed elementor-section-height-default elementor-section-height-default\" data-id=\"23a449b\" data-element_type=\"section\">\n\t\t\t\t\t\t<div class=\"elementor-container elementor-column-gap-default\">\n\t\t\t\t\t<div class=\"elementor-column elementor-col-100 elementor-top-column elementor-element elementor-element-5fb1f51\" data-id=\"5fb1f51\" data-element_type=\"column\">\n\t\t\t<div class=\"elementor-widget-wrap elementor-element-populated\">\n\t\t\t\t\t\t<div class=\"elementor-element elementor-element-ca75c83 wd-width-100 elementor-widget elementor-widget-wd_title\" data-id=\"ca75c83\" data-element_type=\"widget\" data-widget_type=\"wd_title.default\">\n\t\t\t\t<div class=\"elementor-widget-container\">\n\t\t\t\t\t\t\t<div class=\"title-wrapper wd-set-mb reset-last-child wd-title-color-default wd-title-style-default wd-title-size-medium text-center\">\n\n\t\t\t\t\t\t\t\t\t\t\t<div class=\"title-subtitle subtitle-color-default subtitle-style-background wd-fontsize-xs\">\n\t\t\t\t\tNIVEL  SYSTEM - zuverl\u00e4ssiger Partner\t\t\t\t<\/div>\n\t\t\t\n\t\t\t<div class=\"liner-continer\">\n\t\t\t\t<h4 class=\"woodmart-title-container title wd-fontsize-xl\">Garantiebedingungen<\/h4> \n\t\t\t\t\t\t\t<\/div>\n\n\t\t\t\t\t<\/div>\n\t\t\t\t\t\t<\/div>\n\t\t\t\t<\/div>\n\t\t\t\t\t<\/div>\n\t\t<\/div>\n\t\t\t\t\t<\/div>\n\t\t<\/section>\n\t\t\t\t<section class=\"wd-negative-gap elementor-section elementor-top-section elementor-element elementor-element-2806bb5 elementor-section-boxed elementor-section-height-default elementor-section-height-default\" data-id=\"2806bb5\" data-element_type=\"section\">\n\t\t\t\t\t\t<div class=\"elementor-container elementor-column-gap-default\">\n\t\t\t\t\t<div class=\"elementor-column elementor-col-50 elementor-top-column elementor-element elementor-element-24b3115\" data-id=\"24b3115\" data-element_type=\"column\">\n\t\t\t<div class=\"elementor-widget-wrap elementor-element-populated\">\n\t\t\t\t\t\t<div class=\"elementor-element elementor-element-db4284c elementor-widget elementor-widget-wp-widget-text\" data-id=\"db4284c\" data-element_type=\"widget\" data-widget_type=\"wp-widget-text.default\">\n\t\t\t\t<div class=\"elementor-widget-container\">\n\t\t\t\t\t\t\t\t<div class=\"textwidget\"><p>1. Der Garantiegeber gew\u00e4hrleistet die einwandfreie Qualit\u00e4t und den effizienten Betrieb des Ger\u00e4tes bei seiner bestimmungsgem\u00e4\u00dfen Verwendung unter den in der Betriebsanleitung des Ger\u00e4tes angegebenen Betriebsbedingungen.<\/p>\n<ul>\n<li>Die Garantie erstreckt sich auf M\u00e4ngel an den Ger\u00e4ten\/Ersatzteilen, die sich aus Materialfehlern, fehlerhafter Konstruktion oder Montagefehlern ergeben.<\/li>\n<li>Der Garantiegeber gew\u00e4hrt dem Nutzer eine Garantie f\u00fcr den Zeitraum von 12 Monaten ab Verkaufsdatum, bei optischen Niveaus &#8211; 60 Monate.<\/li>\n<li>M\u00e4ngel, die als Garantief\u00e4lle gelten, werden so schnell wie m\u00f6glich, sp\u00e4testens jedoch 14 Werktage nach Eingang des zu reparierenden Ger\u00e4tes, kostenlos durch eine autorisierte Servicestelle behoben. In begr\u00fcndeten F\u00e4llen kann die Reparaturzeit verl\u00e4ngert werden.<\/li>\n<li>Die Reparatur erfolgt am Sitz des Garantiegebers oder an den vom Garantiegeber definierten Orten.<\/li>\n<li>F\u00e4llige Verfahren, normaler Betriebsservice, z.B. \u00dcberpr\u00fcfung, Berichtigung, Kalibrierung, gelten nicht als Garantiereparatur.<\/li>\n<li>Die Auswahl der Vorgehensweise bei der M\u00e4ngelbeseitigung wird vom Garantiegeber getroffen.<\/li>\n<li>Ungerechtfertigte Reklamationen werden dem Nutzer zu den jeweils g\u00fcltigen Preisen in Rechnung gestellt.<\/li>\n<li>Eine Reparatur im Rahmen der Garantie wird ausschlie\u00dflich anhand des Kaufbelegs durchgef\u00fchrt <u><strong>mit der eingegebenen Produktseriennummer (NOTWENDIGER ZUSTAND<\/strong><\/u>).<\/li>\n<li>Im Rahmen der Garantie haftet der Garantiegeber nicht f\u00fcr die Folgen von M\u00e4ngeln, d.h. Personensch\u00e4den, Sachsch\u00e4den, Gewinnausf\u00e4lle usw.<\/li>\n<\/ul>\n<\/div>\n\t\t\t\t\t\t<\/div>\n\t\t\t\t<\/div>\n\t\t\t\t\t<\/div>\n\t\t<\/div>\n\t\t\t\t<div class=\"elementor-column elementor-col-50 elementor-top-column elementor-element elementor-element-3e2355f\" data-id=\"3e2355f\" data-element_type=\"column\">\n\t\t\t<div class=\"elementor-widget-wrap elementor-element-populated\">\n\t\t\t\t\t\t<div class=\"elementor-element elementor-element-e521219 elementor-widget elementor-widget-wp-widget-text\" data-id=\"e521219\" data-element_type=\"widget\" data-widget_type=\"wp-widget-text.default\">\n\t\t\t\t<div class=\"elementor-widget-container\">\n\t\t\t\t\t\t\t\t<div class=\"textwidget\"><p>2. Die Garantie erlischt bei: \u00dcberschreitung der Standards f\u00fcr den Gebrauch des Ger\u00e4ts, Sch\u00e4den aufgrund seiner Verwendung entgegen den Vorgaben in der Bedienungsanleitung, mechanischen Sch\u00e4den sowie Reparaturen, die der Benutzer selbstst\u00e4ndig oder in nicht autorisierten Werkst\u00e4tten durchf\u00fchrt.<\/p>\n<p>3. Die Haftung des Garantiegebers im Rahmen der Gew\u00e4hrleistung f\u00fcr versteckte Warenm\u00e4ngel ist nach Art. 558 \u00a7 1 des polnischen Zivilgesetzbuches ausgeschlossen.<\/p>\n<p>4. Bei Angelegenheiten, die in diesem Vertrag nicht geregelt wurden, finden die Vorschriften des polnischen Zivilgesetzbuchs Anwendung.<\/p>\n<p>5. Alle Streitigkeiten, die sich w\u00e4hrend der Durchf\u00fchrung dieses Vertrages ergeben k\u00f6nnen, werden von den Parteien g\u00fctlich beigelegt, und falls nicht m\u00f6glich ist \u2013 durch das f\u00fcr den Garantiegeber zust\u00e4ndige Gericht.<\/p>\n<\/div>\n\t\t\t\t\t\t<\/div>\n\t\t\t\t<\/div>\n\t\t\t\t<div class=\"elementor-element elementor-element-e232b80 elementor-widget elementor-widget-spacer\" data-id=\"e232b80\" data-element_type=\"widget\" data-widget_type=\"spacer.default\">\n\t\t\t\t<div class=\"elementor-widget-container\">\n\t\t\t\t\t\t\t<div class=\"elementor-spacer\">\n\t\t\t<div class=\"elementor-spacer-inner\"><\/div>\n\t\t<\/div>\n\t\t\t\t\t\t<\/div>\n\t\t\t\t<\/div>\n\t\t\t\t<div class=\"elementor-element elementor-element-bc21078 elementor-widget elementor-widget-wd_infobox\" data-id=\"bc21078\" data-element_type=\"widget\" data-widget_type=\"wd_infobox.default\">\n\t\t\t\t<div class=\"elementor-widget-container\">\n\t\t\t\t\t\t\t<div class=\"info-box-wrapper\">\n\t\t\t<div class=\"wd-info-box text-center box-icon-align-top box-style-base color-scheme- with-btn box-btn-static\">\n\t\t\t\t\n\t\t\t\t<div class=\"info-box-content\">\n\t\t\t\t\t\t\t\t\t\t\t\n\t\t\t\t\t\t<div class=\"info-box-subtitle subtitle-color-default subtitle-style-default wd-fontsize-s\"\n\t\t\t\t\t\t\t  data-elementor-setting-key=\"subtitle\">\n\t\t\t\t\t\t\tKontaktiere uns\t\t\t\t\t\t<\/div>\n\t\t\t\t\t\n\t\t\t\t\t\t\t\t\t\t\t<h4\t\t\t\t\t\tclass=\"info-box-title title box-title-style-default wd-fontsize-xl\" data-elementor-setting-key=\"title\">\n\t\t\t\t\t\t\t\tGarantie- und Nachgarantiereparaturen\t\t\t\t\t\t<\/h4>\n\t\t\t\t\t\n\t\t\t\t\t<div class=\"info-box-inner reset-last-child\"data-elementor-setting-key=\"content\"><div class=\"guarantee__addresses d-flex flex-column\" style=\"text-align: center;\"><strong><a class=\"address address--mail\" href=\"mailto:serwis@nivelsystem.com\">serwis@nivelsystem.com<\/a><\/strong><\/div>\n<div class=\"guarantee__addresses d-flex flex-column\" style=\"text-align: center;\"><strong><a class=\"address address--phone\" href=\"tel:+48226329140\">+48 22 632 91 40<\/a><\/strong><\/div>\n<\/div>\n\n\t\t\t\t\t\t\t\t\t\t\t<div class=\"info-btn-wrapper\">\n\t\t\t\t\t\t\t\t\t<div class=\"wd-button-wrapper text-center\" >\n\t\t\t<a class=\"btn btn-style-default btn-shape-rectangle btn-size-default btn-color-alt btn-icon-pos-right\"  href=\"https:\/\/nivelsystem.com\/przedluzenie-gwarancji\">\n\t\t\t\t<span class=\"wd-btn-text\" data-elementor-setting-key=\"text\">\n\t\t\t\t\tVerl\u00e4ngern Sie Ihre Garantie\t\t\t\t<\/span>\n\n\t\t\t\t\t\t\t<\/a>\n\t\t<\/div>\n\t\t\t\t\t\t\t\t<\/div>\n\t\t\t\t\t\t\t\t\t<\/div>\n\n\t\t\t\t\t\t\t<\/div>\n\t\t<\/div>\n\t\t\t\t\t\t<\/div>\n\t\t\t\t<\/div>\n\t\t\t\t\t<\/div>\n\t\t<\/div>\n\t\t\t\t\t<\/div>\n\t\t<\/section>\n\t\t\t\t<section class=\"wd-negative-gap elementor-section elementor-top-section elementor-element elementor-element-a601051 elementor-section-boxed elementor-section-height-default elementor-section-height-default\" data-id=\"a601051\" data-element_type=\"section\">\n\t\t\t\t\t\t<div class=\"elementor-container elementor-column-gap-default\">\n\t\t\t\t\t<div class=\"elementor-column elementor-col-100 elementor-top-column elementor-element elementor-element-f951ec3\" data-id=\"f951ec3\" data-element_type=\"column\">\n\t\t\t<div class=\"elementor-widget-wrap elementor-element-populated\">\n\t\t\t\t\t\t<div class=\"elementor-element elementor-element-b0533a2 elementor-widget elementor-widget-spacer\" data-id=\"b0533a2\" data-element_type=\"widget\" data-widget_type=\"spacer.default\">\n\t\t\t\t<div class=\"elementor-widget-container\">\n\t\t\t\t\t\t\t<div class=\"elementor-spacer\">\n\t\t\t<div class=\"elementor-spacer-inner\"><\/div>\n\t\t<\/div>\n\t\t\t\t\t\t<\/div>\n\t\t\t\t<\/div>\n\t\t\t\t\t<\/div>\n\t\t<\/div>\n\t\t\t\t\t<\/div>\n\t\t<\/section>\n\t\t\t\t<\/div>\n\t\t","protected":false},"excerpt":{"rendered":"<p>NIVEL SYSTEM &#8211; zuverl\u00e4ssiger Partner Garantiebedingungen Kontaktiere uns Garantie- und Nachgarantiereparaturen serwis@nivelsystem.com +48 22 632 91 40 Verl\u00e4ngern Sie Ihre<\/p>\n","protected":false},"author":3254,"featured_media":0,"parent":0,"menu_order":0,"comment_status":"closed","ping_status":"closed","template":"","meta":{"_acf_changed":false,"footnotes":""},"class_list":["post-30066","page","type-page","status-publish","hentry"],"acf":[],"_links":{"self":[{"href":"https:\/\/nivelsystem.com\/de\/wp-json\/wp\/v2\/pages\/30066","targetHints":{"allow":["GET"]}}],"collection":[{"href":"https:\/\/nivelsystem.com\/de\/wp-json\/wp\/v2\/pages"}],"about":[{"href":"https:\/\/nivelsystem.com\/de\/wp-json\/wp\/v2\/types\/page"}],"author":[{"embeddable":true,"href":"https:\/\/nivelsystem.com\/de\/wp-json\/wp\/v2\/users\/3254"}],"replies":[{"embeddable":true,"href":"https:\/\/nivelsystem.com\/de\/wp-json\/wp\/v2\/comments?post=30066"}],"version-history":[{"count":0,"href":"https:\/\/nivelsystem.com\/de\/wp-json\/wp\/v2\/pages\/30066\/revisions"}],"wp:attachment":[{"href":"https:\/\/nivelsystem.com\/de\/wp-json\/wp\/v2\/media?parent=30066"}],"curies":[{"name":"wp","href":"https:\/\/api.w.org\/{rel}","templated":true}]}}