{"id":114604,"date":"2025-01-13T13:41:20","date_gmt":"2025-01-13T13:41:20","guid":{"rendered":"https:\/\/nivelsystem.com\/?page_id=114604"},"modified":"2025-06-10T11:26:19","modified_gmt":"2025-06-10T11:26:19","slug":"kalibrierung-und-reparaturen","status":"publish","type":"page","link":"https:\/\/nivelsystem.com\/de\/kalibrierung-und-reparaturen\/","title":{"rendered":"Kalibrierung und Reparaturen"},"content":{"rendered":"<h2>Kalibrierung und Reparaturen von Lasern werden von der autorisierten Servicestelle f\u00fcr Nivel System Produkte &#8211; TPI Sp. z o. o., 598 Wa\u0142 Miedzeszy\u0144ski, 03-994 Warschau, +48 22 632 91 40 ext.3<\/h2>\n<p>Um Ger\u00e4te zur Kalibrierung\/Wartung zu melden, loggen Sie sich bitte \u00fcber <a href=\"https:\/\/bok.tpi.com.pl\/login\" target=\"_blank\" rel=\"noopener\">BOK Platform<\/a><\/p>\n<p><a href=\"https:\/\/bok.tpi.com.pl\/login\" target=\"_blank\" rel=\"noopener\"><img decoding=\"async\" class=\"alignnone size-medium wp-image-115129\" src=\"https:\/\/nivelsystem.com\/wp-content\/uploads\/2025\/06\/bok_platform-300x76.jpg\" alt=\"\" width=\"300\" height=\"76\" title=\"\" srcset=\"https:\/\/nivelsystem.com\/wp-content\/uploads\/2025\/06\/bok_platform-300x76.jpg 300w, https:\/\/nivelsystem.com\/wp-content\/uploads\/2025\/06\/bok_platform-150x38.jpg 150w, https:\/\/nivelsystem.com\/wp-content\/uploads\/2025\/06\/bok_platform.jpg 389w\" sizes=\"(max-width: 300px) 100vw, 300px\" \/><\/a><\/p>\n<p><img fetchpriority=\"high\" decoding=\"async\" class=\"alignnone wp-image-108775 size-full\" src=\"https:\/\/nivelsystem.com\/wp-content\/uploads\/2024\/09\/nius_serwis.jpg\" alt=\"serwis nivel System\" width=\"900\" height=\"500\" title=\"\" srcset=\"https:\/\/nivelsystem.com\/wp-content\/uploads\/2024\/09\/nius_serwis.jpg 900w, https:\/\/nivelsystem.com\/wp-content\/uploads\/2024\/09\/nius_serwis-300x167.jpg 300w, https:\/\/nivelsystem.com\/wp-content\/uploads\/2024\/09\/nius_serwis-768x427.jpg 768w, https:\/\/nivelsystem.com\/wp-content\/uploads\/2024\/09\/nius_serwis-150x83.jpg 150w\" sizes=\"(max-width: 900px) 100vw, 900px\" \/><\/p>\n","protected":false},"excerpt":{"rendered":"<p>Kalibrierung und Reparaturen von Lasern werden von der autorisierten Servicestelle f\u00fcr Nivel System Produkte &#8211; TPI Sp. z o. o.,<\/p>\n","protected":false},"author":1848,"featured_media":0,"parent":0,"menu_order":0,"comment_status":"closed","ping_status":"closed","template":"","meta":{"_acf_changed":false,"footnotes":""},"class_list":["post-114604","page","type-page","status-publish","hentry"],"acf":[],"_links":{"self":[{"href":"https:\/\/nivelsystem.com\/de\/wp-json\/wp\/v2\/pages\/114604","targetHints":{"allow":["GET"]}}],"collection":[{"href":"https:\/\/nivelsystem.com\/de\/wp-json\/wp\/v2\/pages"}],"about":[{"href":"https:\/\/nivelsystem.com\/de\/wp-json\/wp\/v2\/types\/page"}],"author":[{"embeddable":true,"href":"https:\/\/nivelsystem.com\/de\/wp-json\/wp\/v2\/users\/1848"}],"replies":[{"embeddable":true,"href":"https:\/\/nivelsystem.com\/de\/wp-json\/wp\/v2\/comments?post=114604"}],"version-history":[{"count":3,"href":"https:\/\/nivelsystem.com\/de\/wp-json\/wp\/v2\/pages\/114604\/revisions"}],"predecessor-version":[{"id":115133,"href":"https:\/\/nivelsystem.com\/de\/wp-json\/wp\/v2\/pages\/114604\/revisions\/115133"}],"wp:attachment":[{"href":"https:\/\/nivelsystem.com\/de\/wp-json\/wp\/v2\/media?parent=114604"}],"curies":[{"name":"wp","href":"https:\/\/api.w.org\/{rel}","templated":true}]}}